{"id":9420,"date":"2020-04-09T10:58:11","date_gmt":"2020-04-09T07:58:11","guid":{"rendered":"https:\/\/www.elysium.gr\/travel-information-covid-19-update\/"},"modified":"2020-07-06T19:36:25","modified_gmt":"2020-07-06T16:36:25","slug":"travel-information-covid-19-update","status":"publish","type":"page","link":"https:\/\/www.elysium.gr\/de\/travel-information-covid-19-update\/","title":{"rendered":"Travel Information: COVID-19"},"content":{"rendered":"<h1><span style=\"color: #baa789\"><strong>COVID-19: Aktualisierung der Reiseinformation 06. Juli 2020<\/strong><\/span><\/h1>\n<hr \/>\n<p>Sehr geehrte G\u00e4ste und Freunde,<\/p>\n<p>Wir hoffen, dass diese Nachricht Sie und Ihre Angeh\u00f6rigen sicher und bei guter Gesundheit findet.<\/p>\n<p>Es besteht kein Zweifel, dass sich in einer Vielzahl von L\u00e4ndern die Covid-19-Pandemie weiterhin negativ auf das t\u00e4gliche Leben der Menschen auswirkt, wobei die wirtschaftlichen und sozialen Folgen noch zu bestimmen sind.<\/p>\n<p>Der Tourismus ist eine der an den st\u00e4rksten betroffenen Branchen. Rund um den Globus haben die Regierungen Reisebeschr\u00e4nkungen eingef\u00fchrt, um die Ausbreitung des Virus zu begrenzen. Die Unsicherheit erreichte ihren H\u00f6hepunkt und die Nachfrage nach internationalen Urlaubsreisen wurde extrem reduziert. Unser Hotel konnte keine Ausnahme sein, und infolgedessen blieb die Anzahl unserer Buchungen sehr gering.<\/p>\n<p>Trotz der geringen Anzahl von Buchungen haben unsere Teams im letzten Monat intensiv an der Vorbereitung der Implementierung von Gesundheits- und Sicherheitsprotokollen gearbeitet. Gleichzeitig haben wir die Umsatz- und Markttrends genau beobachtet und hofften uns auf eine Verschiebung der Nachfrage. Bis heute sind die Anzeichen f\u00fcr eine Erholung des Verkaufs noch sehr schwach, und die Unsicherheit \u00fcber internationale Reisen in Schl\u00fcsselm\u00e4rkten ist immer noch offensichtlich. Unsere Teams haben verschiedene betriebliche Alternativen evaluiert, um unseren G\u00e4sten ein Urlaubserlebnis anzubieten, das dem Elysium gerecht ist, wie es jeder kennt und offensichtlich erwartet. Aufgrund dieser geringen Auslastung k\u00f6nnen wir leider nicht das Angebot und die Servicequalit\u00e4t anbieten, f\u00fcr die unser Hotel bekannt und ausgezeichnet ist. Wir sind bei der Bereitstellung eines exzellenten Service keine Kompromisse eingegangen und haben uns auch diesmal entschieden, dies nicht zu tun.<\/p>\n<p><strong>Aus diesem Grund m\u00fcssen wir Ihnen leider mitteilen, dass das Elysium Resort &amp; Spa w\u00e4hrend der Saison 2020 nicht in Betrieb sein wird. Wir verstehen, dass eine solche Entscheidung f\u00fcr viele von Ihnen, die Ihren Urlaub bei uns geplant haben, unangenehm ist. Wir m\u00f6chten Ihnen versichern, dass es f\u00fcr uns ebenso unangenehm ist. Wir w\u00fcrden gerne in der Lage sein, Sie bei uns willkommen zu hei\u00dfen und Ihnen ein unvergessliches Urlaubserlebnis anzubieten.<\/strong><\/p>\n<p>Wir m\u00f6chten uns bei Ihnen allen daf\u00fcr bedanken, dass Sie sich f\u00fcr Elysium Resort &amp; Spa f\u00fcr Ihren Urlaub in diesem Jahr entschieden haben. Dar\u00fcber hinaus f\u00fchlen wir uns verpflichtet, uns aufrichtig f\u00fcr die Unannehmlichkeiten zu entschuldigen, die eine solche Entscheidung f\u00fcr Ihre Urlaubspl\u00e4ne mit sich bringt. Wir m\u00f6chten Ihnen versichern, dass wir Sie im Jahr 2021 mit der Servicequalit\u00e4t begr\u00fc\u00dfen werden, die Sie von unserem Hotel gewohnt sind. Bis dahin bleiben Sie bitte in Sicherheit und bei bester Gesundheit, um diese sehr schwierige Zeit zu \u00fcberwinden.<\/p>\n<p>Falls Sie eine direkte Reservierung bei unserem Hotel (\u00fcber unsere Website, Telefon oder E-Mail) oder eine Reservierung \u00fcber ein Online-Reiseb\u00fcro haben, f\u00fcr das eine Vorauszahlung an unser Hotel geleistet wurde, wenden Sie sich bitte an unsere Reservierungsabteilung unter reservations@elysium.gr. F\u00fcr Reservierungen \u00fcber einen Reiseveranstalter oder ein Reiseb\u00fcro wenden Sie sich bitte direkt an diese, um alternative Optionen zu pr\u00fcfen.<\/p>\n<p>Wir danken Ihnen f\u00fcr Ihr Verst\u00e4ndnis.<br \/>\nHochachtungsvoll,<br \/>\nThanasis Tougounzoglou<br \/>\nHoteldirector<\/p>\n","protected":false},"excerpt":{"rendered":"<p>COVID-19: Aktualisierung der Reiseinformation 06. Juli 2020 Sehr geehrte G\u00e4ste und Freunde, Wir hoffen, dass diese Nachricht Sie und Ihre Angeh\u00f6rigen sicher und bei guter Gesundheit findet. Es besteht kein Zweifel, dass sich in einer Vielzahl von L\u00e4ndern die Covid-19-Pandemie weiterhin negativ auf das t\u00e4gliche Leben der Menschen auswirkt, wobei die wirtschaftlichen und sozialen Folgen<\/p>\n","protected":false},"author":1,"featured_media":0,"parent":0,"menu_order":0,"comment_status":"closed","ping_status":"closed","template":"page-templates\/blank-page.php","meta":{"_acf_changed":false,"footnotes":""},"class_list":["post-9420","page","type-page","status-publish","hentry"],"acf":[],"yoast_head":"<!-- This site is optimized with the Yoast SEO plugin v26.9 - https:\/\/yoast.com\/product\/yoast-seo-wordpress\/ -->\n<title>Travel Information: COVID-19 - Elysium Resort &amp; Spa<\/title>\n<meta name=\"robots\" content=\"index, follow, max-snippet:-1, max-image-preview:large, max-video-preview:-1\" \/>\n<link rel=\"canonical\" href=\"https:\/\/www.elysium.gr\/de\/travel-information-covid-19-update\/\" \/>\n<meta property=\"og:locale\" content=\"de_DE\" \/>\n<meta property=\"og:type\" content=\"article\" \/>\n<meta property=\"og:title\" content=\"Travel Information: COVID-19 - Elysium Resort &amp; Spa\" \/>\n<meta property=\"og:description\" content=\"COVID-19: Aktualisierung der Reiseinformation 06. Juli 2020 Sehr geehrte G\u00e4ste und Freunde, Wir hoffen, dass diese Nachricht Sie und Ihre Angeh\u00f6rigen sicher und bei guter Gesundheit findet. Es besteht kein Zweifel, dass sich in einer Vielzahl von L\u00e4ndern die Covid-19-Pandemie weiterhin negativ auf das t\u00e4gliche Leben der Menschen auswirkt, wobei die wirtschaftlichen und sozialen Folgen\" \/>\n<meta property=\"og:url\" content=\"https:\/\/www.elysium.gr\/de\/travel-information-covid-19-update\/\" \/>\n<meta property=\"og:site_name\" content=\"Elysium Resort &amp; Spa\" \/>\n<meta property=\"article:modified_time\" content=\"2020-07-06T16:36:25+00:00\" \/>\n<meta name=\"twitter:card\" content=\"summary_large_image\" \/>\n<meta name=\"twitter:label1\" content=\"Est. reading time\" \/>\n\t<meta name=\"twitter:data1\" content=\"3\u00a0Minuten\" \/>\n<script type=\"application\/ld+json\" class=\"yoast-schema-graph\">{\"@context\":\"https:\/\/schema.org\",\"@graph\":[{\"@type\":\"WebPage\",\"@id\":\"https:\/\/www.elysium.gr\/de\/travel-information-covid-19-update\/\",\"url\":\"https:\/\/www.elysium.gr\/de\/travel-information-covid-19-update\/\",\"name\":\"Travel Information: COVID-19 - Elysium Resort &amp; Spa\",\"isPartOf\":{\"@id\":\"https:\/\/www.elysium.gr\/#website\"},\"datePublished\":\"2020-04-09T07:58:11+00:00\",\"dateModified\":\"2020-07-06T16:36:25+00:00\",\"breadcrumb\":{\"@id\":\"https:\/\/www.elysium.gr\/de\/travel-information-covid-19-update\/#breadcrumb\"},\"inLanguage\":\"de\",\"potentialAction\":[{\"@type\":\"ReadAction\",\"target\":[\"https:\/\/www.elysium.gr\/de\/travel-information-covid-19-update\/\"]}]},{\"@type\":\"BreadcrumbList\",\"@id\":\"https:\/\/www.elysium.gr\/de\/travel-information-covid-19-update\/#breadcrumb\",\"itemListElement\":[{\"@type\":\"ListItem\",\"position\":1,\"name\":\"Home\",\"item\":\"https:\/\/www.elysium.gr\/de\/\"},{\"@type\":\"ListItem\",\"position\":2,\"name\":\"Travel Information: COVID-19\"}]},{\"@type\":\"WebSite\",\"@id\":\"https:\/\/www.elysium.gr\/#website\",\"url\":\"https:\/\/www.elysium.gr\/\",\"name\":\"Elysium Resort &amp; Spa\",\"description\":\"Elysium Resort and Spa is among Rhodes finest five star hotels. It enjoys a premier beach front location at Kallithea bay, offering luxurious accommodation and exclusive leisure and spa facilities.\",\"potentialAction\":[{\"@type\":\"SearchAction\",\"target\":{\"@type\":\"EntryPoint\",\"urlTemplate\":\"https:\/\/www.elysium.gr\/?s={search_term_string}\"},\"query-input\":{\"@type\":\"PropertyValueSpecification\",\"valueRequired\":true,\"valueName\":\"search_term_string\"}}],\"inLanguage\":\"de\"}]}<\/script>\n<!-- \/ Yoast SEO plugin. -->","yoast_head_json":{"title":"Travel Information: COVID-19 - Elysium Resort &amp; Spa","robots":{"index":"index","follow":"follow","max-snippet":"max-snippet:-1","max-image-preview":"max-image-preview:large","max-video-preview":"max-video-preview:-1"},"canonical":"https:\/\/www.elysium.gr\/de\/travel-information-covid-19-update\/","og_locale":"de_DE","og_type":"article","og_title":"Travel Information: COVID-19 - Elysium Resort &amp; Spa","og_description":"COVID-19: Aktualisierung der Reiseinformation 06. Juli 2020 Sehr geehrte G\u00e4ste und Freunde, Wir hoffen, dass diese Nachricht Sie und Ihre Angeh\u00f6rigen sicher und bei guter Gesundheit findet. Es besteht kein Zweifel, dass sich in einer Vielzahl von L\u00e4ndern die Covid-19-Pandemie weiterhin negativ auf das t\u00e4gliche Leben der Menschen auswirkt, wobei die wirtschaftlichen und sozialen Folgen","og_url":"https:\/\/www.elysium.gr\/de\/travel-information-covid-19-update\/","og_site_name":"Elysium Resort &amp; Spa","article_modified_time":"2020-07-06T16:36:25+00:00","twitter_card":"summary_large_image","twitter_misc":{"Est. reading time":"3\u00a0Minuten"},"schema":{"@context":"https:\/\/schema.org","@graph":[{"@type":"WebPage","@id":"https:\/\/www.elysium.gr\/de\/travel-information-covid-19-update\/","url":"https:\/\/www.elysium.gr\/de\/travel-information-covid-19-update\/","name":"Travel Information: COVID-19 - Elysium Resort &amp; Spa","isPartOf":{"@id":"https:\/\/www.elysium.gr\/#website"},"datePublished":"2020-04-09T07:58:11+00:00","dateModified":"2020-07-06T16:36:25+00:00","breadcrumb":{"@id":"https:\/\/www.elysium.gr\/de\/travel-information-covid-19-update\/#breadcrumb"},"inLanguage":"de","potentialAction":[{"@type":"ReadAction","target":["https:\/\/www.elysium.gr\/de\/travel-information-covid-19-update\/"]}]},{"@type":"BreadcrumbList","@id":"https:\/\/www.elysium.gr\/de\/travel-information-covid-19-update\/#breadcrumb","itemListElement":[{"@type":"ListItem","position":1,"name":"Home","item":"https:\/\/www.elysium.gr\/de\/"},{"@type":"ListItem","position":2,"name":"Travel Information: COVID-19"}]},{"@type":"WebSite","@id":"https:\/\/www.elysium.gr\/#website","url":"https:\/\/www.elysium.gr\/","name":"Elysium Resort &amp; Spa","description":"Elysium Resort and Spa is among Rhodes finest five star hotels. It enjoys a premier beach front location at Kallithea bay, offering luxurious accommodation and exclusive leisure and spa facilities.","potentialAction":[{"@type":"SearchAction","target":{"@type":"EntryPoint","urlTemplate":"https:\/\/www.elysium.gr\/?s={search_term_string}"},"query-input":{"@type":"PropertyValueSpecification","valueRequired":true,"valueName":"search_term_string"}}],"inLanguage":"de"}]}},"_links":{"self":[{"href":"https:\/\/www.elysium.gr\/de\/wp-json\/wp\/v2\/pages\/9420"}],"collection":[{"href":"https:\/\/www.elysium.gr\/de\/wp-json\/wp\/v2\/pages"}],"about":[{"href":"https:\/\/www.elysium.gr\/de\/wp-json\/wp\/v2\/types\/page"}],"author":[{"embeddable":true,"href":"https:\/\/www.elysium.gr\/de\/wp-json\/wp\/v2\/users\/1"}],"replies":[{"embeddable":true,"href":"https:\/\/www.elysium.gr\/de\/wp-json\/wp\/v2\/comments?post=9420"}],"version-history":[{"count":30,"href":"https:\/\/www.elysium.gr\/de\/wp-json\/wp\/v2\/pages\/9420\/revisions"}],"predecessor-version":[{"id":9890,"href":"https:\/\/www.elysium.gr\/de\/wp-json\/wp\/v2\/pages\/9420\/revisions\/9890"}],"wp:attachment":[{"href":"https:\/\/www.elysium.gr\/de\/wp-json\/wp\/v2\/media?parent=9420"}],"curies":[{"name":"wp","href":"https:\/\/api.w.org\/{rel}","templated":true}]}}