{"id":713,"date":"2019-02-15T08:54:47","date_gmt":"2019-02-15T05:54:47","guid":{"rendered":"http:\/\/harmony.cms4.nelios.com\/restaurants\/"},"modified":"2025-08-04T13:13:35","modified_gmt":"2025-08-04T11:13:35","slug":"fine-dining-rhodos-elysium-hotel","status":"publish","type":"page","link":"https:\/\/www.elysium.gr\/de\/fine-dining-rhodos-elysium-hotel\/","title":{"rendered":"Restaurants &amp; Bars"},"content":{"rendered":"<h2><span style=\"color: #baa789;\">Erleben Sie wahren kulinarischen Hochgenuss<\/span><\/h2>\n<p>Aus der internationalen K\u00fcche bietet unser Spitzen K\u00fcchenchef frisch zubereitete Speisen, basierend auf ausgew\u00e4hlten, t\u00e4glich frisch gelieferten Zutaten.<\/p>\n<p>Im Elysium z\u00e4hlen Qualit\u00e4t der Speisen und das Service in den Restaurants zu den wichtigsten Priorit\u00e4ten. Wir w\u00e4hlen sehr sorgf\u00e4ltig unsere Lebensmittellieferanten aus und verwenden den h\u00f6chsten Standard in der Zubereitung der Speisen und bei der Hygiene (ISO 22000, HCCP). Noch vor Hoteler\u00f6ffnung w\u00e4hlen wir sorgf\u00e4ltig unsere Gerichte aus und testen genau, um ein einzigartiges Essenserlebnis im Elysium sicher zu stellen.<\/p>\n<p>Das Essen ist jedoch nicht der einzige Aspekt f\u00fcr ein erfolgreiches 5 Sterne Hotel. Mit diesem Wissen haben wir viel Arbeit in die Gestaltung einer Reihe von Bars investiert, um alle Bed\u00fcrfnisse, Ihrer Stimmung oder der Tageszeit entsprechend, abzudecken. Machen Sie eine Pause vom Sonnenbad am Strand und erfrischen Sie sich an unserer pr\u00e4chtigen Strand Bar bei einem k\u00fchlen Drink, begleitet von beruhigender Lounge Musik, oder schwimmen Sie einfach fort vom riesigen lagunenf\u00f6rmig angelegten Pool und erfrischen sich an unserer voll ausgestatteten Pool Bar. Sch\u00e4tzen Sie einen Panoramablick fern der s\u00fcdl\u00e4ndischen Hitze, dann bieten Ihnen unsere Lobby Bar zweifellos den perfekten Zufluchtsort.<\/p>\n<p><strong>Kleiderordnung\/Dress-Code:<\/strong> Wir m\u00f6chten Sie dar\u00fcber informieren, dass unser Hotel keinen strengen Dresscode voraussetzt. Nichtsdestoweniger, wird beim Abendessen eine elegante Abendkleidung bevorzugt. Bitte vermeiden Sie, Strandkleidung, Shorts, Flip-Flops und Hausschuhe zu tragen. Das Hotel beh\u00e4lt sich das Recht vor, G\u00e4sten mit ungeeigneter Abendkleidung den Zutritt zum Restaurant zu verwehren.<\/p>\n<h3 data-start=\"136\" data-end=\"160\"><\/h3>\n<p>&nbsp;<\/p>\n","protected":false},"excerpt":{"rendered":"<p>Erleben Sie wahren kulinarischen Hochgenuss Aus der internationalen K\u00fcche bietet unser Spitzen K\u00fcchenchef frisch zubereitete Speisen, basierend auf ausgew\u00e4hlten, t\u00e4glich frisch gelieferten Zutaten. Im Elysium z\u00e4hlen Qualit\u00e4t der Speisen und das Service in den Restaurants zu den wichtigsten Priorit\u00e4ten. Wir w\u00e4hlen sehr sorgf\u00e4ltig unsere Lebensmittellieferanten aus und verwenden den h\u00f6chsten Standard in der Zubereitung der<\/p>\n","protected":false},"author":2,"featured_media":35690,"parent":0,"menu_order":0,"comment_status":"closed","ping_status":"closed","template":"","meta":{"_acf_changed":false,"footnotes":""},"class_list":["post-713","page","type-page","status-publish","has-post-thumbnail","hentry"],"acf":[],"yoast_head":"<!-- This site is optimized with the Yoast SEO plugin v26.9 - https:\/\/yoast.com\/product\/yoast-seo-wordpress\/ -->\n<title>Restaurants &amp; Bars - Elysium Resort &amp; Spa<\/title>\n<meta name=\"description\" content=\"Erleben Sie Fine Dining auf Rhodos im Elysium Hotel. Genie\u00dfen Sie exquisite K\u00fcche, exzellenten Service und stilvolle Bars direkt am Meer \u2013 ein unvergessliches Gourmeterlebnis.\" \/>\n<meta name=\"robots\" content=\"index, follow, max-snippet:-1, max-image-preview:large, max-video-preview:-1\" \/>\n<link rel=\"canonical\" href=\"https:\/\/www.elysium.gr\/de\/fine-dining-rhodos-elysium-hotel\/\" \/>\n<meta property=\"og:locale\" content=\"de_DE\" \/>\n<meta property=\"og:type\" content=\"article\" \/>\n<meta property=\"og:title\" content=\"Restaurants &amp; Bars - Elysium Resort &amp; Spa\" \/>\n<meta property=\"og:description\" content=\"Erleben Sie Fine Dining auf Rhodos im Elysium Hotel. Genie\u00dfen Sie exquisite K\u00fcche, exzellenten Service und stilvolle Bars direkt am Meer \u2013 ein unvergessliches Gourmeterlebnis.\" \/>\n<meta property=\"og:url\" content=\"https:\/\/www.elysium.gr\/de\/fine-dining-rhodos-elysium-hotel\/\" \/>\n<meta property=\"og:site_name\" content=\"Elysium Resort &amp; Spa\" \/>\n<meta property=\"article:modified_time\" content=\"2025-08-04T11:13:35+00:00\" \/>\n<meta property=\"og:image\" content=\"https:\/\/www.elysium.gr\/app\/uploads\/sites\/11\/2025\/05\/3a_Awards_Noble_Gourmet_Restaurant_2025-600x400.jpg\" \/>\n\t<meta property=\"og:image:width\" content=\"600\" \/>\n\t<meta property=\"og:image:height\" content=\"400\" \/>\n\t<meta property=\"og:image:type\" content=\"image\/jpeg\" \/>\n<meta name=\"twitter:card\" content=\"summary_large_image\" \/>\n<meta name=\"twitter:label1\" content=\"Est. reading time\" \/>\n\t<meta name=\"twitter:data1\" content=\"2\u00a0Minuten\" \/>\n<script type=\"application\/ld+json\" class=\"yoast-schema-graph\">{\"@context\":\"https:\/\/schema.org\",\"@graph\":[{\"@type\":\"WebPage\",\"@id\":\"https:\/\/www.elysium.gr\/de\/fine-dining-rhodos-elysium-hotel\/\",\"url\":\"https:\/\/www.elysium.gr\/de\/fine-dining-rhodos-elysium-hotel\/\",\"name\":\"Restaurants &amp; Bars - Elysium Resort &amp; Spa\",\"isPartOf\":{\"@id\":\"https:\/\/www.elysium.gr\/#website\"},\"primaryImageOfPage\":{\"@id\":\"https:\/\/www.elysium.gr\/de\/fine-dining-rhodos-elysium-hotel\/#primaryimage\"},\"image\":{\"@id\":\"https:\/\/www.elysium.gr\/de\/fine-dining-rhodos-elysium-hotel\/#primaryimage\"},\"thumbnailUrl\":\"https:\/\/www.elysium.gr\/app\/uploads\/sites\/11\/2025\/05\/3a_Awards_Noble_Gourmet_Restaurant_2025.jpg\",\"datePublished\":\"2019-02-15T05:54:47+00:00\",\"dateModified\":\"2025-08-04T11:13:35+00:00\",\"description\":\"Erleben Sie Fine Dining auf Rhodos im Elysium Hotel. Genie\u00dfen Sie exquisite K\u00fcche, exzellenten Service und stilvolle Bars direkt am Meer \u2013 ein unvergessliches Gourmeterlebnis.\",\"breadcrumb\":{\"@id\":\"https:\/\/www.elysium.gr\/de\/fine-dining-rhodos-elysium-hotel\/#breadcrumb\"},\"inLanguage\":\"de\",\"potentialAction\":[{\"@type\":\"ReadAction\",\"target\":[\"https:\/\/www.elysium.gr\/de\/fine-dining-rhodos-elysium-hotel\/\"]}]},{\"@type\":\"ImageObject\",\"inLanguage\":\"de\",\"@id\":\"https:\/\/www.elysium.gr\/de\/fine-dining-rhodos-elysium-hotel\/#primaryimage\",\"url\":\"https:\/\/www.elysium.gr\/app\/uploads\/sites\/11\/2025\/05\/3a_Awards_Noble_Gourmet_Restaurant_2025.jpg\",\"contentUrl\":\"https:\/\/www.elysium.gr\/app\/uploads\/sites\/11\/2025\/05\/3a_Awards_Noble_Gourmet_Restaurant_2025.jpg\",\"width\":1920,\"height\":1280},{\"@type\":\"BreadcrumbList\",\"@id\":\"https:\/\/www.elysium.gr\/de\/fine-dining-rhodos-elysium-hotel\/#breadcrumb\",\"itemListElement\":[{\"@type\":\"ListItem\",\"position\":1,\"name\":\"Home\",\"item\":\"https:\/\/www.elysium.gr\/de\/\"},{\"@type\":\"ListItem\",\"position\":2,\"name\":\"Restaurants &amp; Bars\"}]},{\"@type\":\"WebSite\",\"@id\":\"https:\/\/www.elysium.gr\/#website\",\"url\":\"https:\/\/www.elysium.gr\/\",\"name\":\"Elysium Resort &amp; Spa\",\"description\":\"Elysium Resort and Spa is among Rhodes finest five star hotels. It enjoys a premier beach front location at Kallithea bay, offering luxurious accommodation and exclusive leisure and spa facilities.\",\"potentialAction\":[{\"@type\":\"SearchAction\",\"target\":{\"@type\":\"EntryPoint\",\"urlTemplate\":\"https:\/\/www.elysium.gr\/?s={search_term_string}\"},\"query-input\":{\"@type\":\"PropertyValueSpecification\",\"valueRequired\":true,\"valueName\":\"search_term_string\"}}],\"inLanguage\":\"de\"}]}<\/script>\n<!-- \/ Yoast SEO plugin. -->","yoast_head_json":{"title":"Restaurants &amp; Bars - Elysium Resort &amp; Spa","description":"Erleben Sie Fine Dining auf Rhodos im Elysium Hotel. Genie\u00dfen Sie exquisite K\u00fcche, exzellenten Service und stilvolle Bars direkt am Meer \u2013 ein unvergessliches Gourmeterlebnis.","robots":{"index":"index","follow":"follow","max-snippet":"max-snippet:-1","max-image-preview":"max-image-preview:large","max-video-preview":"max-video-preview:-1"},"canonical":"https:\/\/www.elysium.gr\/de\/fine-dining-rhodos-elysium-hotel\/","og_locale":"de_DE","og_type":"article","og_title":"Restaurants &amp; Bars - Elysium Resort &amp; Spa","og_description":"Erleben Sie Fine Dining auf Rhodos im Elysium Hotel. Genie\u00dfen Sie exquisite K\u00fcche, exzellenten Service und stilvolle Bars direkt am Meer \u2013 ein unvergessliches Gourmeterlebnis.","og_url":"https:\/\/www.elysium.gr\/de\/fine-dining-rhodos-elysium-hotel\/","og_site_name":"Elysium Resort &amp; Spa","article_modified_time":"2025-08-04T11:13:35+00:00","og_image":[{"width":600,"height":400,"url":"https:\/\/www.elysium.gr\/app\/uploads\/sites\/11\/2025\/05\/3a_Awards_Noble_Gourmet_Restaurant_2025-600x400.jpg","type":"image\/jpeg"}],"twitter_card":"summary_large_image","twitter_misc":{"Est. reading time":"2\u00a0Minuten"},"schema":{"@context":"https:\/\/schema.org","@graph":[{"@type":"WebPage","@id":"https:\/\/www.elysium.gr\/de\/fine-dining-rhodos-elysium-hotel\/","url":"https:\/\/www.elysium.gr\/de\/fine-dining-rhodos-elysium-hotel\/","name":"Restaurants &amp; Bars - Elysium Resort &amp; Spa","isPartOf":{"@id":"https:\/\/www.elysium.gr\/#website"},"primaryImageOfPage":{"@id":"https:\/\/www.elysium.gr\/de\/fine-dining-rhodos-elysium-hotel\/#primaryimage"},"image":{"@id":"https:\/\/www.elysium.gr\/de\/fine-dining-rhodos-elysium-hotel\/#primaryimage"},"thumbnailUrl":"https:\/\/www.elysium.gr\/app\/uploads\/sites\/11\/2025\/05\/3a_Awards_Noble_Gourmet_Restaurant_2025.jpg","datePublished":"2019-02-15T05:54:47+00:00","dateModified":"2025-08-04T11:13:35+00:00","description":"Erleben Sie Fine Dining auf Rhodos im Elysium Hotel. Genie\u00dfen Sie exquisite K\u00fcche, exzellenten Service und stilvolle Bars direkt am Meer \u2013 ein unvergessliches Gourmeterlebnis.","breadcrumb":{"@id":"https:\/\/www.elysium.gr\/de\/fine-dining-rhodos-elysium-hotel\/#breadcrumb"},"inLanguage":"de","potentialAction":[{"@type":"ReadAction","target":["https:\/\/www.elysium.gr\/de\/fine-dining-rhodos-elysium-hotel\/"]}]},{"@type":"ImageObject","inLanguage":"de","@id":"https:\/\/www.elysium.gr\/de\/fine-dining-rhodos-elysium-hotel\/#primaryimage","url":"https:\/\/www.elysium.gr\/app\/uploads\/sites\/11\/2025\/05\/3a_Awards_Noble_Gourmet_Restaurant_2025.jpg","contentUrl":"https:\/\/www.elysium.gr\/app\/uploads\/sites\/11\/2025\/05\/3a_Awards_Noble_Gourmet_Restaurant_2025.jpg","width":1920,"height":1280},{"@type":"BreadcrumbList","@id":"https:\/\/www.elysium.gr\/de\/fine-dining-rhodos-elysium-hotel\/#breadcrumb","itemListElement":[{"@type":"ListItem","position":1,"name":"Home","item":"https:\/\/www.elysium.gr\/de\/"},{"@type":"ListItem","position":2,"name":"Restaurants &amp; Bars"}]},{"@type":"WebSite","@id":"https:\/\/www.elysium.gr\/#website","url":"https:\/\/www.elysium.gr\/","name":"Elysium Resort &amp; Spa","description":"Elysium Resort and Spa is among Rhodes finest five star hotels. It enjoys a premier beach front location at Kallithea bay, offering luxurious accommodation and exclusive leisure and spa facilities.","potentialAction":[{"@type":"SearchAction","target":{"@type":"EntryPoint","urlTemplate":"https:\/\/www.elysium.gr\/?s={search_term_string}"},"query-input":{"@type":"PropertyValueSpecification","valueRequired":true,"valueName":"search_term_string"}}],"inLanguage":"de"}]}},"_links":{"self":[{"href":"https:\/\/www.elysium.gr\/de\/wp-json\/wp\/v2\/pages\/713"}],"collection":[{"href":"https:\/\/www.elysium.gr\/de\/wp-json\/wp\/v2\/pages"}],"about":[{"href":"https:\/\/www.elysium.gr\/de\/wp-json\/wp\/v2\/types\/page"}],"author":[{"embeddable":true,"href":"https:\/\/www.elysium.gr\/de\/wp-json\/wp\/v2\/users\/2"}],"replies":[{"embeddable":true,"href":"https:\/\/www.elysium.gr\/de\/wp-json\/wp\/v2\/comments?post=713"}],"version-history":[{"count":10,"href":"https:\/\/www.elysium.gr\/de\/wp-json\/wp\/v2\/pages\/713\/revisions"}],"predecessor-version":[{"id":36754,"href":"https:\/\/www.elysium.gr\/de\/wp-json\/wp\/v2\/pages\/713\/revisions\/36754"}],"wp:featuredmedia":[{"embeddable":true,"href":"https:\/\/www.elysium.gr\/de\/wp-json\/wp\/v2\/media\/35690"}],"wp:attachment":[{"href":"https:\/\/www.elysium.gr\/de\/wp-json\/wp\/v2\/media?parent=713"}],"curies":[{"name":"wp","href":"https:\/\/api.w.org\/{rel}","templated":true}]}}