{"id":6825,"date":"2019-12-05T15:11:06","date_gmt":"2019-12-05T12:11:06","guid":{"rendered":"https:\/\/www.elysium.gr\/?page_id=6825"},"modified":"2019-12-05T15:55:51","modified_gmt":"2019-12-05T12:55:51","slug":"evening-entertainment","status":"publish","type":"page","link":"https:\/\/www.elysium.gr\/de\/leisure\/evening-entertainment\/","title":{"rendered":"Abendunterhaltung"},"content":{"rendered":"<p>Im Elysium ist jeden Abend etwas los! Genie\u00dfen Sie Ihren abendlichen Cocktail an der <span class=\"hiddenSpellError\">Crystal<\/span> Lounge Bar bei Live-Klaviermusik von unserer ans\u00e4ssigen Pianisten oder probieren Sie die lokale K\u00fcche im Noble Gourmet Restaurant, w\u00e4hrend Sie Live-Piano- und <span class=\"hiddenSpellError\">Saxofonmelodien<\/span> h\u00f6ren. Zwischen Juni und September finden t\u00e4glich abendliche Unterhaltungsshows und verschiedene Themenabende statt (in der Nebensaison sind die t\u00e4glichen Veranstaltungen von den Wetterbedingungen abh\u00e4ngig).<\/p>\n","protected":false},"excerpt":{"rendered":"<p>Im Elysium ist jeden Abend etwas los! Genie\u00dfen Sie Ihren abendlichen Cocktail an der Crystal Lounge Bar bei Live-Klaviermusik von unserer ans\u00e4ssigen Pianisten oder probieren Sie die lokale K\u00fcche im Noble Gourmet Restaurant, w\u00e4hrend Sie Live-Piano- und Saxofonmelodien h\u00f6ren. Zwischen Juni und September finden t\u00e4glich abendliche Unterhaltungsshows und verschiedene Themenabende statt (in der Nebensaison sind<\/p>\n","protected":false},"author":34,"featured_media":6863,"parent":6831,"menu_order":0,"comment_status":"closed","ping_status":"closed","template":"","meta":{"_acf_changed":false,"footnotes":""},"class_list":["post-6825","page","type-page","status-publish","has-post-thumbnail","hentry"],"acf":[],"yoast_head":"<!-- This site is optimized with the Yoast SEO plugin v26.9 - https:\/\/yoast.com\/product\/yoast-seo-wordpress\/ -->\n<title>Abendunterhaltung - Elysium Resort &amp; Spa<\/title>\n<meta name=\"robots\" content=\"index, follow, max-snippet:-1, max-image-preview:large, max-video-preview:-1\" \/>\n<link rel=\"canonical\" href=\"https:\/\/www.elysium.gr\/de\/leisure\/evening-entertainment\/\" \/>\n<meta property=\"og:locale\" content=\"de_DE\" \/>\n<meta property=\"og:type\" content=\"article\" \/>\n<meta property=\"og:title\" content=\"Abendunterhaltung - Elysium Resort &amp; Spa\" \/>\n<meta property=\"og:description\" content=\"Im Elysium ist jeden Abend etwas los! Genie\u00dfen Sie Ihren abendlichen Cocktail an der Crystal Lounge Bar bei Live-Klaviermusik von unserer ans\u00e4ssigen Pianisten oder probieren Sie die lokale K\u00fcche im Noble Gourmet Restaurant, w\u00e4hrend Sie Live-Piano- und Saxofonmelodien h\u00f6ren. Zwischen Juni und September finden t\u00e4glich abendliche Unterhaltungsshows und verschiedene Themenabende statt (in der Nebensaison sind\" \/>\n<meta property=\"og:url\" content=\"https:\/\/www.elysium.gr\/de\/leisure\/evening-entertainment\/\" \/>\n<meta property=\"og:site_name\" content=\"Elysium Resort &amp; Spa\" \/>\n<meta property=\"article:modified_time\" content=\"2019-12-05T12:55:51+00:00\" \/>\n<meta property=\"og:image\" content=\"https:\/\/www.elysium.gr\/app\/uploads\/sites\/11\/2019\/12\/Dancer-1.jpg\" \/>\n\t<meta property=\"og:image:width\" content=\"1920\" \/>\n\t<meta property=\"og:image:height\" content=\"1200\" \/>\n\t<meta property=\"og:image:type\" content=\"image\/jpeg\" \/>\n<meta name=\"twitter:card\" content=\"summary_large_image\" \/>\n<script type=\"application\/ld+json\" class=\"yoast-schema-graph\">{\"@context\":\"https:\/\/schema.org\",\"@graph\":[{\"@type\":\"WebPage\",\"@id\":\"https:\/\/www.elysium.gr\/de\/leisure\/evening-entertainment\/\",\"url\":\"https:\/\/www.elysium.gr\/de\/leisure\/evening-entertainment\/\",\"name\":\"Abendunterhaltung - Elysium Resort &amp; Spa\",\"isPartOf\":{\"@id\":\"https:\/\/www.elysium.gr\/#website\"},\"primaryImageOfPage\":{\"@id\":\"https:\/\/www.elysium.gr\/de\/leisure\/evening-entertainment\/#primaryimage\"},\"image\":{\"@id\":\"https:\/\/www.elysium.gr\/de\/leisure\/evening-entertainment\/#primaryimage\"},\"thumbnailUrl\":\"https:\/\/www.elysium.gr\/app\/uploads\/sites\/11\/2019\/12\/Dancer-1.jpg\",\"datePublished\":\"2019-12-05T12:11:06+00:00\",\"dateModified\":\"2019-12-05T12:55:51+00:00\",\"breadcrumb\":{\"@id\":\"https:\/\/www.elysium.gr\/de\/leisure\/evening-entertainment\/#breadcrumb\"},\"inLanguage\":\"de\",\"potentialAction\":[{\"@type\":\"ReadAction\",\"target\":[\"https:\/\/www.elysium.gr\/de\/leisure\/evening-entertainment\/\"]}]},{\"@type\":\"ImageObject\",\"inLanguage\":\"de\",\"@id\":\"https:\/\/www.elysium.gr\/de\/leisure\/evening-entertainment\/#primaryimage\",\"url\":\"https:\/\/www.elysium.gr\/app\/uploads\/sites\/11\/2019\/12\/Dancer-1.jpg\",\"contentUrl\":\"https:\/\/www.elysium.gr\/app\/uploads\/sites\/11\/2019\/12\/Dancer-1.jpg\",\"width\":1920,\"height\":1200},{\"@type\":\"BreadcrumbList\",\"@id\":\"https:\/\/www.elysium.gr\/de\/leisure\/evening-entertainment\/#breadcrumb\",\"itemListElement\":[{\"@type\":\"ListItem\",\"position\":1,\"name\":\"Home\",\"item\":\"https:\/\/www.elysium.gr\/de\/\"},{\"@type\":\"ListItem\",\"position\":2,\"name\":\"Freizeit\",\"item\":\"https:\/\/www.elysium.gr\/de\/leisure\/\"},{\"@type\":\"ListItem\",\"position\":3,\"name\":\"Abendunterhaltung\"}]},{\"@type\":\"WebSite\",\"@id\":\"https:\/\/www.elysium.gr\/#website\",\"url\":\"https:\/\/www.elysium.gr\/\",\"name\":\"Elysium Resort &amp; Spa\",\"description\":\"Elysium Resort and Spa is among Rhodes finest five star hotels. It enjoys a premier beach front location at Kallithea bay, offering luxurious accommodation and exclusive leisure and spa facilities.\",\"potentialAction\":[{\"@type\":\"SearchAction\",\"target\":{\"@type\":\"EntryPoint\",\"urlTemplate\":\"https:\/\/www.elysium.gr\/?s={search_term_string}\"},\"query-input\":{\"@type\":\"PropertyValueSpecification\",\"valueRequired\":true,\"valueName\":\"search_term_string\"}}],\"inLanguage\":\"de\"}]}<\/script>\n<!-- \/ Yoast SEO plugin. -->","yoast_head_json":{"title":"Abendunterhaltung - Elysium Resort &amp; Spa","robots":{"index":"index","follow":"follow","max-snippet":"max-snippet:-1","max-image-preview":"max-image-preview:large","max-video-preview":"max-video-preview:-1"},"canonical":"https:\/\/www.elysium.gr\/de\/leisure\/evening-entertainment\/","og_locale":"de_DE","og_type":"article","og_title":"Abendunterhaltung - Elysium Resort &amp; Spa","og_description":"Im Elysium ist jeden Abend etwas los! Genie\u00dfen Sie Ihren abendlichen Cocktail an der Crystal Lounge Bar bei Live-Klaviermusik von unserer ans\u00e4ssigen Pianisten oder probieren Sie die lokale K\u00fcche im Noble Gourmet Restaurant, w\u00e4hrend Sie Live-Piano- und Saxofonmelodien h\u00f6ren. Zwischen Juni und September finden t\u00e4glich abendliche Unterhaltungsshows und verschiedene Themenabende statt (in der Nebensaison sind","og_url":"https:\/\/www.elysium.gr\/de\/leisure\/evening-entertainment\/","og_site_name":"Elysium Resort &amp; Spa","article_modified_time":"2019-12-05T12:55:51+00:00","og_image":[{"width":1920,"height":1200,"url":"https:\/\/www.elysium.gr\/app\/uploads\/sites\/11\/2019\/12\/Dancer-1.jpg","type":"image\/jpeg"}],"twitter_card":"summary_large_image","schema":{"@context":"https:\/\/schema.org","@graph":[{"@type":"WebPage","@id":"https:\/\/www.elysium.gr\/de\/leisure\/evening-entertainment\/","url":"https:\/\/www.elysium.gr\/de\/leisure\/evening-entertainment\/","name":"Abendunterhaltung - Elysium Resort &amp; Spa","isPartOf":{"@id":"https:\/\/www.elysium.gr\/#website"},"primaryImageOfPage":{"@id":"https:\/\/www.elysium.gr\/de\/leisure\/evening-entertainment\/#primaryimage"},"image":{"@id":"https:\/\/www.elysium.gr\/de\/leisure\/evening-entertainment\/#primaryimage"},"thumbnailUrl":"https:\/\/www.elysium.gr\/app\/uploads\/sites\/11\/2019\/12\/Dancer-1.jpg","datePublished":"2019-12-05T12:11:06+00:00","dateModified":"2019-12-05T12:55:51+00:00","breadcrumb":{"@id":"https:\/\/www.elysium.gr\/de\/leisure\/evening-entertainment\/#breadcrumb"},"inLanguage":"de","potentialAction":[{"@type":"ReadAction","target":["https:\/\/www.elysium.gr\/de\/leisure\/evening-entertainment\/"]}]},{"@type":"ImageObject","inLanguage":"de","@id":"https:\/\/www.elysium.gr\/de\/leisure\/evening-entertainment\/#primaryimage","url":"https:\/\/www.elysium.gr\/app\/uploads\/sites\/11\/2019\/12\/Dancer-1.jpg","contentUrl":"https:\/\/www.elysium.gr\/app\/uploads\/sites\/11\/2019\/12\/Dancer-1.jpg","width":1920,"height":1200},{"@type":"BreadcrumbList","@id":"https:\/\/www.elysium.gr\/de\/leisure\/evening-entertainment\/#breadcrumb","itemListElement":[{"@type":"ListItem","position":1,"name":"Home","item":"https:\/\/www.elysium.gr\/de\/"},{"@type":"ListItem","position":2,"name":"Freizeit","item":"https:\/\/www.elysium.gr\/de\/leisure\/"},{"@type":"ListItem","position":3,"name":"Abendunterhaltung"}]},{"@type":"WebSite","@id":"https:\/\/www.elysium.gr\/#website","url":"https:\/\/www.elysium.gr\/","name":"Elysium Resort &amp; Spa","description":"Elysium Resort and Spa is among Rhodes finest five star hotels. It enjoys a premier beach front location at Kallithea bay, offering luxurious accommodation and exclusive leisure and spa facilities.","potentialAction":[{"@type":"SearchAction","target":{"@type":"EntryPoint","urlTemplate":"https:\/\/www.elysium.gr\/?s={search_term_string}"},"query-input":{"@type":"PropertyValueSpecification","valueRequired":true,"valueName":"search_term_string"}}],"inLanguage":"de"}]}},"_links":{"self":[{"href":"https:\/\/www.elysium.gr\/de\/wp-json\/wp\/v2\/pages\/6825"}],"collection":[{"href":"https:\/\/www.elysium.gr\/de\/wp-json\/wp\/v2\/pages"}],"about":[{"href":"https:\/\/www.elysium.gr\/de\/wp-json\/wp\/v2\/types\/page"}],"author":[{"embeddable":true,"href":"https:\/\/www.elysium.gr\/de\/wp-json\/wp\/v2\/users\/34"}],"replies":[{"embeddable":true,"href":"https:\/\/www.elysium.gr\/de\/wp-json\/wp\/v2\/comments?post=6825"}],"version-history":[{"count":2,"href":"https:\/\/www.elysium.gr\/de\/wp-json\/wp\/v2\/pages\/6825\/revisions"}],"predecessor-version":[{"id":6852,"href":"https:\/\/www.elysium.gr\/de\/wp-json\/wp\/v2\/pages\/6825\/revisions\/6852"}],"up":[{"embeddable":true,"href":"https:\/\/www.elysium.gr\/de\/wp-json\/wp\/v2\/pages\/6831"}],"wp:featuredmedia":[{"embeddable":true,"href":"https:\/\/www.elysium.gr\/de\/wp-json\/wp\/v2\/media\/6863"}],"wp:attachment":[{"href":"https:\/\/www.elysium.gr\/de\/wp-json\/wp\/v2\/media?parent=6825"}],"curies":[{"name":"wp","href":"https:\/\/api.w.org\/{rel}","templated":true}]}}