{"id":6807,"date":"2019-12-05T14:56:31","date_gmt":"2019-12-05T11:56:31","guid":{"rendered":"https:\/\/www.elysium.gr\/?page_id=6807"},"modified":"2025-11-11T11:33:48","modified_gmt":"2025-11-11T09:33:48","slug":"luxushotel-pool-strand-rhodos","status":"publish","type":"page","link":"https:\/\/www.elysium.gr\/de\/leisure\/luxushotel-pool-strand-rhodos\/","title":{"rendered":"Pools &amp; Strand"},"content":{"rendered":"<h2><span style=\"color: #baa789;\">Wo Wasser auf Wellness trifft<\/span><\/h2>\n<p>Das Elysium verf\u00fcgt \u00fcber zwei Au\u00dfenpools: einen <span class=\"hiddenSpellError\">Lagunenpool<\/span> (1610 m2) sowie einen zweiten separaten kleineren Au\u00dfenpool f\u00fcr Kinder. Ein beheizter Pool mit Hydromassage (140 m2) steht exklusiv f\u00fcr unsere <span class=\"hiddenSpellError\">Serenity<\/span> Spa-G\u00e4ste zur Verf\u00fcgung. Alle Pools beinhalten frisches Wasser.<\/p>\n<p>Ein mit der \ud83d\udd17<a href=\"https:\/\/www.blueflag.global\/\" target=\"_blank\" rel=\"noopener\"><span style=\"color: #3366ff;\"><strong>blauen Flagge<\/strong><\/span><\/a> verliehener Sand- und Kiesstrand erstreckt sich \u00fcber eine L\u00e4nge von 400 m direkt vor dem Hotel. Liegest\u00fchle und Sonnenschirme sowohl am Pool als auch am Strand sowie Strandt\u00fccher stehen f\u00fcr unsere Hotelg\u00e4ste kostenlos zur Verf\u00fcgung.<\/p>\n<p>.<\/p>\n","protected":false},"excerpt":{"rendered":"<p>Wo Wasser auf Wellness trifft Das Elysium verf\u00fcgt \u00fcber zwei Au\u00dfenpools: einen Lagunenpool (1610 m2) sowie einen zweiten separaten kleineren Au\u00dfenpool f\u00fcr Kinder. Ein beheizter Pool mit Hydromassage (140 m2) steht exklusiv f\u00fcr unsere Serenity Spa-G\u00e4ste zur Verf\u00fcgung. Alle Pools beinhalten frisches Wasser. Ein mit der \ud83d\udd17blauen Flagge verliehener Sand- und Kiesstrand erstreckt sich \u00fcber<\/p>\n","protected":false},"author":35,"featured_media":6722,"parent":6831,"menu_order":0,"comment_status":"closed","ping_status":"closed","template":"","meta":{"_acf_changed":false,"footnotes":""},"class_list":["post-6807","page","type-page","status-publish","has-post-thumbnail","hentry"],"acf":[],"yoast_head":"<!-- This site is optimized with the Yoast SEO plugin v26.9 - https:\/\/yoast.com\/product\/yoast-seo-wordpress\/ -->\n<title>Pools &amp; Strand - Elysium Resort &amp; Spa<\/title>\n<meta name=\"description\" content=\"Erleben Sie die Pools und den ausgezeichneten Strand des Elysium auf Rhodos. Genie\u00dfen Sie einen 1.610 m\u00b2 gro\u00dfen Lagunenpool, Kinderbecken, exklusiven Spa-Pool und einen 400 Meter langen Privatstrand \u2013 mit kostenlosen Liegen und Handt\u00fcchern.\" \/>\n<meta name=\"robots\" content=\"index, follow, max-snippet:-1, max-image-preview:large, max-video-preview:-1\" \/>\n<link rel=\"canonical\" href=\"https:\/\/www.elysium.gr\/de\/leisure\/luxushotel-pool-strand-rhodos\/\" \/>\n<meta property=\"og:locale\" content=\"de_DE\" \/>\n<meta property=\"og:type\" content=\"article\" \/>\n<meta property=\"og:title\" content=\"Pools &amp; Strand - Elysium Resort &amp; Spa\" \/>\n<meta property=\"og:description\" content=\"Erleben Sie die Pools und den ausgezeichneten Strand des Elysium auf Rhodos. Genie\u00dfen Sie einen 1.610 m\u00b2 gro\u00dfen Lagunenpool, Kinderbecken, exklusiven Spa-Pool und einen 400 Meter langen Privatstrand \u2013 mit kostenlosen Liegen und Handt\u00fcchern.\" \/>\n<meta property=\"og:url\" content=\"https:\/\/www.elysium.gr\/de\/leisure\/luxushotel-pool-strand-rhodos\/\" \/>\n<meta property=\"og:site_name\" content=\"Elysium Resort &amp; Spa\" \/>\n<meta property=\"article:modified_time\" content=\"2025-11-11T09:33:48+00:00\" \/>\n<meta property=\"og:image\" content=\"https:\/\/www.elysium.gr\/app\/uploads\/sites\/11\/2019\/12\/4_7161_Beach_ELYSIUM.jpg\" \/>\n\t<meta property=\"og:image:width\" content=\"2100\" \/>\n\t<meta property=\"og:image:height\" content=\"1355\" \/>\n\t<meta property=\"og:image:type\" content=\"image\/jpeg\" \/>\n<meta name=\"twitter:card\" content=\"summary_large_image\" \/>\n<meta name=\"twitter:label1\" content=\"Est. reading time\" \/>\n\t<meta name=\"twitter:data1\" content=\"1\u00a0Minute\" \/>\n<script type=\"application\/ld+json\" class=\"yoast-schema-graph\">{\"@context\":\"https:\/\/schema.org\",\"@graph\":[{\"@type\":\"WebPage\",\"@id\":\"https:\/\/www.elysium.gr\/de\/leisure\/luxushotel-pool-strand-rhodos\/\",\"url\":\"https:\/\/www.elysium.gr\/de\/leisure\/luxushotel-pool-strand-rhodos\/\",\"name\":\"Pools &amp; Strand - Elysium Resort &amp; Spa\",\"isPartOf\":{\"@id\":\"https:\/\/www.elysium.gr\/#website\"},\"primaryImageOfPage\":{\"@id\":\"https:\/\/www.elysium.gr\/de\/leisure\/luxushotel-pool-strand-rhodos\/#primaryimage\"},\"image\":{\"@id\":\"https:\/\/www.elysium.gr\/de\/leisure\/luxushotel-pool-strand-rhodos\/#primaryimage\"},\"thumbnailUrl\":\"https:\/\/www.elysium.gr\/app\/uploads\/sites\/11\/2019\/12\/4_7161_Beach_ELYSIUM.jpg\",\"datePublished\":\"2019-12-05T11:56:31+00:00\",\"dateModified\":\"2025-11-11T09:33:48+00:00\",\"description\":\"Erleben Sie die Pools und den ausgezeichneten Strand des Elysium auf Rhodos. Genie\u00dfen Sie einen 1.610 m\u00b2 gro\u00dfen Lagunenpool, Kinderbecken, exklusiven Spa-Pool und einen 400 Meter langen Privatstrand \u2013 mit kostenlosen Liegen und Handt\u00fcchern.\",\"breadcrumb\":{\"@id\":\"https:\/\/www.elysium.gr\/de\/leisure\/luxushotel-pool-strand-rhodos\/#breadcrumb\"},\"inLanguage\":\"de\",\"potentialAction\":[{\"@type\":\"ReadAction\",\"target\":[\"https:\/\/www.elysium.gr\/de\/leisure\/luxushotel-pool-strand-rhodos\/\"]}]},{\"@type\":\"ImageObject\",\"inLanguage\":\"de\",\"@id\":\"https:\/\/www.elysium.gr\/de\/leisure\/luxushotel-pool-strand-rhodos\/#primaryimage\",\"url\":\"https:\/\/www.elysium.gr\/app\/uploads\/sites\/11\/2019\/12\/4_7161_Beach_ELYSIUM.jpg\",\"contentUrl\":\"https:\/\/www.elysium.gr\/app\/uploads\/sites\/11\/2019\/12\/4_7161_Beach_ELYSIUM.jpg\",\"width\":2100,\"height\":1355},{\"@type\":\"BreadcrumbList\",\"@id\":\"https:\/\/www.elysium.gr\/de\/leisure\/luxushotel-pool-strand-rhodos\/#breadcrumb\",\"itemListElement\":[{\"@type\":\"ListItem\",\"position\":1,\"name\":\"Home\",\"item\":\"https:\/\/www.elysium.gr\/de\/\"},{\"@type\":\"ListItem\",\"position\":2,\"name\":\"Freizeit\",\"item\":\"https:\/\/www.elysium.gr\/de\/leisure\/\"},{\"@type\":\"ListItem\",\"position\":3,\"name\":\"Pools &amp; Strand\"}]},{\"@type\":\"WebSite\",\"@id\":\"https:\/\/www.elysium.gr\/#website\",\"url\":\"https:\/\/www.elysium.gr\/\",\"name\":\"Elysium Resort &amp; Spa\",\"description\":\"Elysium Resort and Spa is among Rhodes finest five star hotels. It enjoys a premier beach front location at Kallithea bay, offering luxurious accommodation and exclusive leisure and spa facilities.\",\"potentialAction\":[{\"@type\":\"SearchAction\",\"target\":{\"@type\":\"EntryPoint\",\"urlTemplate\":\"https:\/\/www.elysium.gr\/?s={search_term_string}\"},\"query-input\":{\"@type\":\"PropertyValueSpecification\",\"valueRequired\":true,\"valueName\":\"search_term_string\"}}],\"inLanguage\":\"de\"}]}<\/script>\n<!-- \/ Yoast SEO plugin. -->","yoast_head_json":{"title":"Pools &amp; Strand - Elysium Resort &amp; Spa","description":"Erleben Sie die Pools und den ausgezeichneten Strand des Elysium auf Rhodos. Genie\u00dfen Sie einen 1.610 m\u00b2 gro\u00dfen Lagunenpool, Kinderbecken, exklusiven Spa-Pool und einen 400 Meter langen Privatstrand \u2013 mit kostenlosen Liegen und Handt\u00fcchern.","robots":{"index":"index","follow":"follow","max-snippet":"max-snippet:-1","max-image-preview":"max-image-preview:large","max-video-preview":"max-video-preview:-1"},"canonical":"https:\/\/www.elysium.gr\/de\/leisure\/luxushotel-pool-strand-rhodos\/","og_locale":"de_DE","og_type":"article","og_title":"Pools &amp; Strand - Elysium Resort &amp; Spa","og_description":"Erleben Sie die Pools und den ausgezeichneten Strand des Elysium auf Rhodos. Genie\u00dfen Sie einen 1.610 m\u00b2 gro\u00dfen Lagunenpool, Kinderbecken, exklusiven Spa-Pool und einen 400 Meter langen Privatstrand \u2013 mit kostenlosen Liegen und Handt\u00fcchern.","og_url":"https:\/\/www.elysium.gr\/de\/leisure\/luxushotel-pool-strand-rhodos\/","og_site_name":"Elysium Resort &amp; Spa","article_modified_time":"2025-11-11T09:33:48+00:00","og_image":[{"width":2100,"height":1355,"url":"https:\/\/www.elysium.gr\/app\/uploads\/sites\/11\/2019\/12\/4_7161_Beach_ELYSIUM.jpg","type":"image\/jpeg"}],"twitter_card":"summary_large_image","twitter_misc":{"Est. reading time":"1\u00a0Minute"},"schema":{"@context":"https:\/\/schema.org","@graph":[{"@type":"WebPage","@id":"https:\/\/www.elysium.gr\/de\/leisure\/luxushotel-pool-strand-rhodos\/","url":"https:\/\/www.elysium.gr\/de\/leisure\/luxushotel-pool-strand-rhodos\/","name":"Pools &amp; Strand - Elysium Resort &amp; Spa","isPartOf":{"@id":"https:\/\/www.elysium.gr\/#website"},"primaryImageOfPage":{"@id":"https:\/\/www.elysium.gr\/de\/leisure\/luxushotel-pool-strand-rhodos\/#primaryimage"},"image":{"@id":"https:\/\/www.elysium.gr\/de\/leisure\/luxushotel-pool-strand-rhodos\/#primaryimage"},"thumbnailUrl":"https:\/\/www.elysium.gr\/app\/uploads\/sites\/11\/2019\/12\/4_7161_Beach_ELYSIUM.jpg","datePublished":"2019-12-05T11:56:31+00:00","dateModified":"2025-11-11T09:33:48+00:00","description":"Erleben Sie die Pools und den ausgezeichneten Strand des Elysium auf Rhodos. Genie\u00dfen Sie einen 1.610 m\u00b2 gro\u00dfen Lagunenpool, Kinderbecken, exklusiven Spa-Pool und einen 400 Meter langen Privatstrand \u2013 mit kostenlosen Liegen und Handt\u00fcchern.","breadcrumb":{"@id":"https:\/\/www.elysium.gr\/de\/leisure\/luxushotel-pool-strand-rhodos\/#breadcrumb"},"inLanguage":"de","potentialAction":[{"@type":"ReadAction","target":["https:\/\/www.elysium.gr\/de\/leisure\/luxushotel-pool-strand-rhodos\/"]}]},{"@type":"ImageObject","inLanguage":"de","@id":"https:\/\/www.elysium.gr\/de\/leisure\/luxushotel-pool-strand-rhodos\/#primaryimage","url":"https:\/\/www.elysium.gr\/app\/uploads\/sites\/11\/2019\/12\/4_7161_Beach_ELYSIUM.jpg","contentUrl":"https:\/\/www.elysium.gr\/app\/uploads\/sites\/11\/2019\/12\/4_7161_Beach_ELYSIUM.jpg","width":2100,"height":1355},{"@type":"BreadcrumbList","@id":"https:\/\/www.elysium.gr\/de\/leisure\/luxushotel-pool-strand-rhodos\/#breadcrumb","itemListElement":[{"@type":"ListItem","position":1,"name":"Home","item":"https:\/\/www.elysium.gr\/de\/"},{"@type":"ListItem","position":2,"name":"Freizeit","item":"https:\/\/www.elysium.gr\/de\/leisure\/"},{"@type":"ListItem","position":3,"name":"Pools &amp; Strand"}]},{"@type":"WebSite","@id":"https:\/\/www.elysium.gr\/#website","url":"https:\/\/www.elysium.gr\/","name":"Elysium Resort &amp; Spa","description":"Elysium Resort and Spa is among Rhodes finest five star hotels. It enjoys a premier beach front location at Kallithea bay, offering luxurious accommodation and exclusive leisure and spa facilities.","potentialAction":[{"@type":"SearchAction","target":{"@type":"EntryPoint","urlTemplate":"https:\/\/www.elysium.gr\/?s={search_term_string}"},"query-input":{"@type":"PropertyValueSpecification","valueRequired":true,"valueName":"search_term_string"}}],"inLanguage":"de"}]}},"_links":{"self":[{"href":"https:\/\/www.elysium.gr\/de\/wp-json\/wp\/v2\/pages\/6807"}],"collection":[{"href":"https:\/\/www.elysium.gr\/de\/wp-json\/wp\/v2\/pages"}],"about":[{"href":"https:\/\/www.elysium.gr\/de\/wp-json\/wp\/v2\/types\/page"}],"author":[{"embeddable":true,"href":"https:\/\/www.elysium.gr\/de\/wp-json\/wp\/v2\/users\/35"}],"replies":[{"embeddable":true,"href":"https:\/\/www.elysium.gr\/de\/wp-json\/wp\/v2\/comments?post=6807"}],"version-history":[{"count":5,"href":"https:\/\/www.elysium.gr\/de\/wp-json\/wp\/v2\/pages\/6807\/revisions"}],"predecessor-version":[{"id":38258,"href":"https:\/\/www.elysium.gr\/de\/wp-json\/wp\/v2\/pages\/6807\/revisions\/38258"}],"up":[{"embeddable":true,"href":"https:\/\/www.elysium.gr\/de\/wp-json\/wp\/v2\/pages\/6831"}],"wp:featuredmedia":[{"embeddable":true,"href":"https:\/\/www.elysium.gr\/de\/wp-json\/wp\/v2\/media\/6722"}],"wp:attachment":[{"href":"https:\/\/www.elysium.gr\/de\/wp-json\/wp\/v2\/media?parent=6807"}],"curies":[{"name":"wp","href":"https:\/\/api.w.org\/{rel}","templated":true}]}}