{"id":6594,"date":"2019-12-04T10:55:49","date_gmt":"2019-12-04T07:55:49","guid":{"rendered":"https:\/\/www.elysium.gr\/?page_id=6594"},"modified":"2019-12-04T13:14:50","modified_gmt":"2019-12-04T10:14:50","slug":"romantic-moments","status":"publish","type":"page","link":"https:\/\/www.elysium.gr\/de\/event\/romantic-moments\/","title":{"rendered":"ROMANTISCHE MOMENTE"},"content":{"rendered":"<p>Das Elysium Resort &amp; Spa ist ein gro\u00dfartiger Ort, um die besonderen Momente Ihres Lebens zu feiern<\/p>\n<p>Unser Team hilft Ihnen dabei, Ihre Hochzeit, Ihren Junggesellen- oder Junggesellenabschied, Ihre Flitterwochen- oder Jubil\u00e4umsreise oder sogar Ihren Geburtstag zu einem unvergesslichen Erlebnis zu machen. \u00dcberlegen Sie, wie Sie Ihrer Urlaubsreise einen romantischen Touch verleihen k\u00f6nnen?<\/p>\n<p>Wir haben die Pakete Prestige und Golden Romantic sorgf\u00e4ltig f\u00fcr Sie zusammengestellt!<\/p>\n","protected":false},"excerpt":{"rendered":"<p>Das Elysium Resort &amp; Spa ist ein gro\u00dfartiger Ort, um die besonderen Momente Ihres Lebens zu feiern Unser Team hilft Ihnen dabei, Ihre Hochzeit, Ihren Junggesellen- oder Junggesellenabschied, Ihre Flitterwochen- oder Jubil\u00e4umsreise oder sogar Ihren Geburtstag zu einem unvergesslichen Erlebnis zu machen. \u00dcberlegen Sie, wie Sie Ihrer Urlaubsreise einen romantischen Touch verleihen k\u00f6nnen? Wir haben<\/p>\n","protected":false},"author":34,"featured_media":6396,"parent":6587,"menu_order":0,"comment_status":"closed","ping_status":"closed","template":"","meta":{"_acf_changed":false,"footnotes":""},"class_list":["post-6594","page","type-page","status-publish","has-post-thumbnail","hentry"],"acf":[],"yoast_head":"<!-- This site is optimized with the Yoast SEO plugin v26.9 - https:\/\/yoast.com\/product\/yoast-seo-wordpress\/ -->\n<title>ROMANTISCHE MOMENTE - Elysium Resort &amp; Spa<\/title>\n<meta name=\"robots\" content=\"index, follow, max-snippet:-1, max-image-preview:large, max-video-preview:-1\" \/>\n<link rel=\"canonical\" href=\"https:\/\/www.elysium.gr\/de\/event\/romantic-moments\/\" \/>\n<meta property=\"og:locale\" content=\"de_DE\" \/>\n<meta property=\"og:type\" content=\"article\" \/>\n<meta property=\"og:title\" content=\"ROMANTISCHE MOMENTE - Elysium Resort &amp; Spa\" \/>\n<meta property=\"og:description\" content=\"Das Elysium Resort &amp; Spa ist ein gro\u00dfartiger Ort, um die besonderen Momente Ihres Lebens zu feiern Unser Team hilft Ihnen dabei, Ihre Hochzeit, Ihren Junggesellen- oder Junggesellenabschied, Ihre Flitterwochen- oder Jubil\u00e4umsreise oder sogar Ihren Geburtstag zu einem unvergesslichen Erlebnis zu machen. \u00dcberlegen Sie, wie Sie Ihrer Urlaubsreise einen romantischen Touch verleihen k\u00f6nnen? Wir haben\" \/>\n<meta property=\"og:url\" content=\"https:\/\/www.elysium.gr\/de\/event\/romantic-moments\/\" \/>\n<meta property=\"og:site_name\" content=\"Elysium Resort &amp; Spa\" \/>\n<meta property=\"article:modified_time\" content=\"2019-12-04T10:14:50+00:00\" \/>\n<meta property=\"og:image\" content=\"https:\/\/www.elysium.gr\/app\/uploads\/sites\/11\/2019\/12\/couple-at-the-beach.jpg\" \/>\n\t<meta property=\"og:image:width\" content=\"1920\" \/>\n\t<meta property=\"og:image:height\" content=\"1200\" \/>\n\t<meta property=\"og:image:type\" content=\"image\/jpeg\" \/>\n<meta name=\"twitter:card\" content=\"summary_large_image\" \/>\n<script type=\"application\/ld+json\" class=\"yoast-schema-graph\">{\"@context\":\"https:\/\/schema.org\",\"@graph\":[{\"@type\":\"WebPage\",\"@id\":\"https:\/\/www.elysium.gr\/de\/event\/romantic-moments\/\",\"url\":\"https:\/\/www.elysium.gr\/de\/event\/romantic-moments\/\",\"name\":\"ROMANTISCHE MOMENTE - Elysium Resort &amp; Spa\",\"isPartOf\":{\"@id\":\"https:\/\/www.elysium.gr\/#website\"},\"primaryImageOfPage\":{\"@id\":\"https:\/\/www.elysium.gr\/de\/event\/romantic-moments\/#primaryimage\"},\"image\":{\"@id\":\"https:\/\/www.elysium.gr\/de\/event\/romantic-moments\/#primaryimage\"},\"thumbnailUrl\":\"https:\/\/www.elysium.gr\/app\/uploads\/sites\/11\/2019\/12\/couple-at-the-beach.jpg\",\"datePublished\":\"2019-12-04T07:55:49+00:00\",\"dateModified\":\"2019-12-04T10:14:50+00:00\",\"breadcrumb\":{\"@id\":\"https:\/\/www.elysium.gr\/de\/event\/romantic-moments\/#breadcrumb\"},\"inLanguage\":\"de\",\"potentialAction\":[{\"@type\":\"ReadAction\",\"target\":[\"https:\/\/www.elysium.gr\/de\/event\/romantic-moments\/\"]}]},{\"@type\":\"ImageObject\",\"inLanguage\":\"de\",\"@id\":\"https:\/\/www.elysium.gr\/de\/event\/romantic-moments\/#primaryimage\",\"url\":\"https:\/\/www.elysium.gr\/app\/uploads\/sites\/11\/2019\/12\/couple-at-the-beach.jpg\",\"contentUrl\":\"https:\/\/www.elysium.gr\/app\/uploads\/sites\/11\/2019\/12\/couple-at-the-beach.jpg\",\"width\":1920,\"height\":1200},{\"@type\":\"BreadcrumbList\",\"@id\":\"https:\/\/www.elysium.gr\/de\/event\/romantic-moments\/#breadcrumb\",\"itemListElement\":[{\"@type\":\"ListItem\",\"position\":1,\"name\":\"Home\",\"item\":\"https:\/\/www.elysium.gr\/de\/\"},{\"@type\":\"ListItem\",\"position\":2,\"name\":\"VERANSTALTUNGEN\",\"item\":\"https:\/\/www.elysium.gr\/de\/event\/\"},{\"@type\":\"ListItem\",\"position\":3,\"name\":\"ROMANTISCHE MOMENTE\"}]},{\"@type\":\"WebSite\",\"@id\":\"https:\/\/www.elysium.gr\/#website\",\"url\":\"https:\/\/www.elysium.gr\/\",\"name\":\"Elysium Resort &amp; Spa\",\"description\":\"Elysium Resort and Spa is among Rhodes finest five star hotels. It enjoys a premier beach front location at Kallithea bay, offering luxurious accommodation and exclusive leisure and spa facilities.\",\"potentialAction\":[{\"@type\":\"SearchAction\",\"target\":{\"@type\":\"EntryPoint\",\"urlTemplate\":\"https:\/\/www.elysium.gr\/?s={search_term_string}\"},\"query-input\":{\"@type\":\"PropertyValueSpecification\",\"valueRequired\":true,\"valueName\":\"search_term_string\"}}],\"inLanguage\":\"de\"}]}<\/script>\n<!-- \/ Yoast SEO plugin. -->","yoast_head_json":{"title":"ROMANTISCHE MOMENTE - Elysium Resort &amp; Spa","robots":{"index":"index","follow":"follow","max-snippet":"max-snippet:-1","max-image-preview":"max-image-preview:large","max-video-preview":"max-video-preview:-1"},"canonical":"https:\/\/www.elysium.gr\/de\/event\/romantic-moments\/","og_locale":"de_DE","og_type":"article","og_title":"ROMANTISCHE MOMENTE - Elysium Resort &amp; Spa","og_description":"Das Elysium Resort &amp; Spa ist ein gro\u00dfartiger Ort, um die besonderen Momente Ihres Lebens zu feiern Unser Team hilft Ihnen dabei, Ihre Hochzeit, Ihren Junggesellen- oder Junggesellenabschied, Ihre Flitterwochen- oder Jubil\u00e4umsreise oder sogar Ihren Geburtstag zu einem unvergesslichen Erlebnis zu machen. \u00dcberlegen Sie, wie Sie Ihrer Urlaubsreise einen romantischen Touch verleihen k\u00f6nnen? Wir haben","og_url":"https:\/\/www.elysium.gr\/de\/event\/romantic-moments\/","og_site_name":"Elysium Resort &amp; Spa","article_modified_time":"2019-12-04T10:14:50+00:00","og_image":[{"width":1920,"height":1200,"url":"https:\/\/www.elysium.gr\/app\/uploads\/sites\/11\/2019\/12\/couple-at-the-beach.jpg","type":"image\/jpeg"}],"twitter_card":"summary_large_image","schema":{"@context":"https:\/\/schema.org","@graph":[{"@type":"WebPage","@id":"https:\/\/www.elysium.gr\/de\/event\/romantic-moments\/","url":"https:\/\/www.elysium.gr\/de\/event\/romantic-moments\/","name":"ROMANTISCHE MOMENTE - Elysium Resort &amp; Spa","isPartOf":{"@id":"https:\/\/www.elysium.gr\/#website"},"primaryImageOfPage":{"@id":"https:\/\/www.elysium.gr\/de\/event\/romantic-moments\/#primaryimage"},"image":{"@id":"https:\/\/www.elysium.gr\/de\/event\/romantic-moments\/#primaryimage"},"thumbnailUrl":"https:\/\/www.elysium.gr\/app\/uploads\/sites\/11\/2019\/12\/couple-at-the-beach.jpg","datePublished":"2019-12-04T07:55:49+00:00","dateModified":"2019-12-04T10:14:50+00:00","breadcrumb":{"@id":"https:\/\/www.elysium.gr\/de\/event\/romantic-moments\/#breadcrumb"},"inLanguage":"de","potentialAction":[{"@type":"ReadAction","target":["https:\/\/www.elysium.gr\/de\/event\/romantic-moments\/"]}]},{"@type":"ImageObject","inLanguage":"de","@id":"https:\/\/www.elysium.gr\/de\/event\/romantic-moments\/#primaryimage","url":"https:\/\/www.elysium.gr\/app\/uploads\/sites\/11\/2019\/12\/couple-at-the-beach.jpg","contentUrl":"https:\/\/www.elysium.gr\/app\/uploads\/sites\/11\/2019\/12\/couple-at-the-beach.jpg","width":1920,"height":1200},{"@type":"BreadcrumbList","@id":"https:\/\/www.elysium.gr\/de\/event\/romantic-moments\/#breadcrumb","itemListElement":[{"@type":"ListItem","position":1,"name":"Home","item":"https:\/\/www.elysium.gr\/de\/"},{"@type":"ListItem","position":2,"name":"VERANSTALTUNGEN","item":"https:\/\/www.elysium.gr\/de\/event\/"},{"@type":"ListItem","position":3,"name":"ROMANTISCHE MOMENTE"}]},{"@type":"WebSite","@id":"https:\/\/www.elysium.gr\/#website","url":"https:\/\/www.elysium.gr\/","name":"Elysium Resort &amp; Spa","description":"Elysium Resort and Spa is among Rhodes finest five star hotels. It enjoys a premier beach front location at Kallithea bay, offering luxurious accommodation and exclusive leisure and spa facilities.","potentialAction":[{"@type":"SearchAction","target":{"@type":"EntryPoint","urlTemplate":"https:\/\/www.elysium.gr\/?s={search_term_string}"},"query-input":{"@type":"PropertyValueSpecification","valueRequired":true,"valueName":"search_term_string"}}],"inLanguage":"de"}]}},"_links":{"self":[{"href":"https:\/\/www.elysium.gr\/de\/wp-json\/wp\/v2\/pages\/6594"}],"collection":[{"href":"https:\/\/www.elysium.gr\/de\/wp-json\/wp\/v2\/pages"}],"about":[{"href":"https:\/\/www.elysium.gr\/de\/wp-json\/wp\/v2\/types\/page"}],"author":[{"embeddable":true,"href":"https:\/\/www.elysium.gr\/de\/wp-json\/wp\/v2\/users\/34"}],"replies":[{"embeddable":true,"href":"https:\/\/www.elysium.gr\/de\/wp-json\/wp\/v2\/comments?post=6594"}],"version-history":[{"count":3,"href":"https:\/\/www.elysium.gr\/de\/wp-json\/wp\/v2\/pages\/6594\/revisions"}],"predecessor-version":[{"id":6652,"href":"https:\/\/www.elysium.gr\/de\/wp-json\/wp\/v2\/pages\/6594\/revisions\/6652"}],"up":[{"embeddable":true,"href":"https:\/\/www.elysium.gr\/de\/wp-json\/wp\/v2\/pages\/6587"}],"wp:featuredmedia":[{"embeddable":true,"href":"https:\/\/www.elysium.gr\/de\/wp-json\/wp\/v2\/media\/6396"}],"wp:attachment":[{"href":"https:\/\/www.elysium.gr\/de\/wp-json\/wp\/v2\/media?parent=6594"}],"curies":[{"name":"wp","href":"https:\/\/api.w.org\/{rel}","templated":true}]}}