{"id":653,"date":"2019-02-15T08:54:49","date_gmt":"2019-02-15T05:54:49","guid":{"rendered":"http:\/\/harmony.cms4.nelios.com\/privacy-policy\/"},"modified":"2019-05-23T11:32:35","modified_gmt":"2019-05-23T08:32:35","slug":"privacy-policy","status":"publish","type":"page","link":"https:\/\/www.elysium.gr\/de\/privacy-policy\/","title":{"rendered":"Gesch\u00e4ftsbedingungen"},"content":{"rendered":"<h4>Buchungskonditionen<\/h4>\n<p>Buchungskonditionen sind deutich festgesetzt in der Buchungsmaschine, unter dem Link f\u00fcr Gesch\u00e4ftsbedingungen, bevor Sie eine Reservation machen. Die Gesch\u00e4ftsbedingungen k\u00f6nnen je nach Dauer des Aufenthaltes variieren: bitte vergewissern Sie sich, dass Sie die Daten f\u00fcr Ihren Aufenthalt sowie Ihren Zimmertyp ausw\u00e4hlen, um die aktuellen Gesch\u00e4ftsbedingungen zu sehen. Sobald die Reservierung get\u00e4tigt wurde sind beide Parteien an die Gesch\u00e4ftsbedingungen, wie in der Vereinbarung festgelegt, gebunden. Au\u00dfer im unwahrscheinlichen Fall einer Dateneingabe, bei welcher der angezeigte Preis klar falsch ist. In diesem Fall beh\u00e4lt sich das Hotel das Recht vor, die Reservation abzulehnen und den Kunden innerhalb von 2 Werktagen, ab dem Zeitpunkt der Buchung, zu informieren, andernfalls die Reservation als best\u00e4tigt angesehen wird. Jede unrichtige Information einer Kreditkarte hat die Ung\u00fcltigkeit jeglicher Reservation zur Folge. Au\u00dfer, eine alternative Zahlungsmethode wird innerhalb von 3 Werktagen geboten. Das Hotel beh\u00e4lt sich das Recht vor, jede Reservation zu stornieren falls die Bezahlung mit Karte fehlschl\u00e4gt und das Ankunftsdatum auf innerhalb von 3 Arbeitstagen, folgend dem Buchungsdatum, f\u00e4llt. Jede getroffene Vereinbarung wird immer nach dem Griechischen Gesetz bestimmt und f\u00e4llt unter die Gerichtsbarkeit des Griechischen Gerichts auf der Insel Rhodos.<\/p>\n<h4>Datenschutzbestimmungen<\/h4>\n<p>Um Ihre Anfrage auszuf\u00fchren, werden Ihre pers\u00f6nlichen Daten von uns sowohl h\u00e4ndisch, als auch mittels eines Datenverarbeitungssystems bearbeitet. Die Daten\u00fcbertragung ist nicht verpflichtend, jedoch erforderlich, um Ihre Anforderungen zu erf\u00fcllen. Ihre Daten k\u00f6nnen unter Umst\u00e4nden zu anderen untergeordneten oder zugeh\u00f6rigen Unternehmen weitergeleitet werden. Die Daten werden nicht ver\u00f6ffentlicht. Keine Zustimmung ist erforderlich, bei Aktivit\u00e4ten in den Bereichen Marketing, Werbung und der Weiterleitung von Informationsmaterial im Zusammenhang mit Dienstleistungen und Produkten welche von unserer Organisation angeboten werden, au\u00dfer es wurde anders festgelegt. Wie gesetzlich festgelegt haben Sie immer die Wahl, bei jeglicher zuk\u00fcnftiger Werbungsaktivit\u00e4t nicht mitzumachen. Um Ihre Rechte (Artikel 7 des Kodex) betreffend Schutz von pers\u00f6nlichem Datenzugriff, \u00c4nderungen, L\u00f6schungen, Einspr\u00fcche bez\u00fcglich der Handhabung Ihrer Daten, etc., auszu\u00fcben, wenden Sie sich bitte an die zust\u00e4ndige Person f\u00fcr Datenschutz und schreiben an: Elysium Resort &amp; Spa, P.O Box 262, Kalithea, Rhodos, 85100, Griechenland.<\/p>\n","protected":false},"excerpt":{"rendered":"<p>Buchungskonditionen Buchungskonditionen sind deutich festgesetzt in der Buchungsmaschine, unter dem Link f\u00fcr Gesch\u00e4ftsbedingungen, bevor Sie eine Reservation machen. Die Gesch\u00e4ftsbedingungen k\u00f6nnen je nach Dauer des Aufenthaltes variieren: bitte vergewissern Sie sich, dass Sie die Daten f\u00fcr Ihren Aufenthalt sowie Ihren Zimmertyp ausw\u00e4hlen, um die aktuellen Gesch\u00e4ftsbedingungen zu sehen. Sobald die Reservierung get\u00e4tigt wurde sind beide<\/p>\n","protected":false},"author":2,"featured_media":0,"parent":0,"menu_order":0,"comment_status":"closed","ping_status":"closed","template":"","meta":{"_acf_changed":false,"footnotes":""},"class_list":["post-653","page","type-page","status-publish","hentry"],"acf":[],"yoast_head":"<!-- This site is optimized with the Yoast SEO plugin v26.9 - https:\/\/yoast.com\/product\/yoast-seo-wordpress\/ -->\n<title>Gesch\u00e4ftsbedingungen - Elysium Resort &amp; Spa<\/title>\n<meta name=\"robots\" content=\"index, follow, max-snippet:-1, max-image-preview:large, max-video-preview:-1\" \/>\n<link rel=\"canonical\" href=\"https:\/\/www.elysium.gr\/de\/privacy-policy\/\" \/>\n<meta property=\"og:locale\" content=\"de_DE\" \/>\n<meta property=\"og:type\" content=\"article\" \/>\n<meta property=\"og:title\" content=\"Gesch\u00e4ftsbedingungen - Elysium Resort &amp; Spa\" \/>\n<meta property=\"og:description\" content=\"Buchungskonditionen Buchungskonditionen sind deutich festgesetzt in der Buchungsmaschine, unter dem Link f\u00fcr Gesch\u00e4ftsbedingungen, bevor Sie eine Reservation machen. Die Gesch\u00e4ftsbedingungen k\u00f6nnen je nach Dauer des Aufenthaltes variieren: bitte vergewissern Sie sich, dass Sie die Daten f\u00fcr Ihren Aufenthalt sowie Ihren Zimmertyp ausw\u00e4hlen, um die aktuellen Gesch\u00e4ftsbedingungen zu sehen. Sobald die Reservierung get\u00e4tigt wurde sind beide\" \/>\n<meta property=\"og:url\" content=\"https:\/\/www.elysium.gr\/de\/privacy-policy\/\" \/>\n<meta property=\"og:site_name\" content=\"Elysium Resort &amp; Spa\" \/>\n<meta property=\"article:modified_time\" content=\"2019-05-23T08:32:35+00:00\" \/>\n<meta name=\"twitter:card\" content=\"summary_large_image\" \/>\n<meta name=\"twitter:label1\" content=\"Est. reading time\" \/>\n\t<meta name=\"twitter:data1\" content=\"2\u00a0Minuten\" \/>\n<script type=\"application\/ld+json\" class=\"yoast-schema-graph\">{\"@context\":\"https:\/\/schema.org\",\"@graph\":[{\"@type\":\"WebPage\",\"@id\":\"https:\/\/www.elysium.gr\/de\/privacy-policy\/\",\"url\":\"https:\/\/www.elysium.gr\/de\/privacy-policy\/\",\"name\":\"Gesch\u00e4ftsbedingungen - Elysium Resort &amp; Spa\",\"isPartOf\":{\"@id\":\"https:\/\/www.elysium.gr\/#website\"},\"datePublished\":\"2019-02-15T05:54:49+00:00\",\"dateModified\":\"2019-05-23T08:32:35+00:00\",\"breadcrumb\":{\"@id\":\"https:\/\/www.elysium.gr\/de\/privacy-policy\/#breadcrumb\"},\"inLanguage\":\"de\",\"potentialAction\":[{\"@type\":\"ReadAction\",\"target\":[\"https:\/\/www.elysium.gr\/de\/privacy-policy\/\"]}]},{\"@type\":\"BreadcrumbList\",\"@id\":\"https:\/\/www.elysium.gr\/de\/privacy-policy\/#breadcrumb\",\"itemListElement\":[{\"@type\":\"ListItem\",\"position\":1,\"name\":\"Home\",\"item\":\"https:\/\/www.elysium.gr\/de\/\"},{\"@type\":\"ListItem\",\"position\":2,\"name\":\"Gesch\u00e4ftsbedingungen\"}]},{\"@type\":\"WebSite\",\"@id\":\"https:\/\/www.elysium.gr\/#website\",\"url\":\"https:\/\/www.elysium.gr\/\",\"name\":\"Elysium Resort &amp; Spa\",\"description\":\"Elysium Resort and Spa is among Rhodes finest five star hotels. It enjoys a premier beach front location at Kallithea bay, offering luxurious accommodation and exclusive leisure and spa facilities.\",\"potentialAction\":[{\"@type\":\"SearchAction\",\"target\":{\"@type\":\"EntryPoint\",\"urlTemplate\":\"https:\/\/www.elysium.gr\/?s={search_term_string}\"},\"query-input\":{\"@type\":\"PropertyValueSpecification\",\"valueRequired\":true,\"valueName\":\"search_term_string\"}}],\"inLanguage\":\"de\"}]}<\/script>\n<!-- \/ Yoast SEO plugin. -->","yoast_head_json":{"title":"Gesch\u00e4ftsbedingungen - Elysium Resort &amp; Spa","robots":{"index":"index","follow":"follow","max-snippet":"max-snippet:-1","max-image-preview":"max-image-preview:large","max-video-preview":"max-video-preview:-1"},"canonical":"https:\/\/www.elysium.gr\/de\/privacy-policy\/","og_locale":"de_DE","og_type":"article","og_title":"Gesch\u00e4ftsbedingungen - Elysium Resort &amp; Spa","og_description":"Buchungskonditionen Buchungskonditionen sind deutich festgesetzt in der Buchungsmaschine, unter dem Link f\u00fcr Gesch\u00e4ftsbedingungen, bevor Sie eine Reservation machen. Die Gesch\u00e4ftsbedingungen k\u00f6nnen je nach Dauer des Aufenthaltes variieren: bitte vergewissern Sie sich, dass Sie die Daten f\u00fcr Ihren Aufenthalt sowie Ihren Zimmertyp ausw\u00e4hlen, um die aktuellen Gesch\u00e4ftsbedingungen zu sehen. Sobald die Reservierung get\u00e4tigt wurde sind beide","og_url":"https:\/\/www.elysium.gr\/de\/privacy-policy\/","og_site_name":"Elysium Resort &amp; Spa","article_modified_time":"2019-05-23T08:32:35+00:00","twitter_card":"summary_large_image","twitter_misc":{"Est. reading time":"2\u00a0Minuten"},"schema":{"@context":"https:\/\/schema.org","@graph":[{"@type":"WebPage","@id":"https:\/\/www.elysium.gr\/de\/privacy-policy\/","url":"https:\/\/www.elysium.gr\/de\/privacy-policy\/","name":"Gesch\u00e4ftsbedingungen - Elysium Resort &amp; Spa","isPartOf":{"@id":"https:\/\/www.elysium.gr\/#website"},"datePublished":"2019-02-15T05:54:49+00:00","dateModified":"2019-05-23T08:32:35+00:00","breadcrumb":{"@id":"https:\/\/www.elysium.gr\/de\/privacy-policy\/#breadcrumb"},"inLanguage":"de","potentialAction":[{"@type":"ReadAction","target":["https:\/\/www.elysium.gr\/de\/privacy-policy\/"]}]},{"@type":"BreadcrumbList","@id":"https:\/\/www.elysium.gr\/de\/privacy-policy\/#breadcrumb","itemListElement":[{"@type":"ListItem","position":1,"name":"Home","item":"https:\/\/www.elysium.gr\/de\/"},{"@type":"ListItem","position":2,"name":"Gesch\u00e4ftsbedingungen"}]},{"@type":"WebSite","@id":"https:\/\/www.elysium.gr\/#website","url":"https:\/\/www.elysium.gr\/","name":"Elysium Resort &amp; Spa","description":"Elysium Resort and Spa is among Rhodes finest five star hotels. It enjoys a premier beach front location at Kallithea bay, offering luxurious accommodation and exclusive leisure and spa facilities.","potentialAction":[{"@type":"SearchAction","target":{"@type":"EntryPoint","urlTemplate":"https:\/\/www.elysium.gr\/?s={search_term_string}"},"query-input":{"@type":"PropertyValueSpecification","valueRequired":true,"valueName":"search_term_string"}}],"inLanguage":"de"}]}},"_links":{"self":[{"href":"https:\/\/www.elysium.gr\/de\/wp-json\/wp\/v2\/pages\/653"}],"collection":[{"href":"https:\/\/www.elysium.gr\/de\/wp-json\/wp\/v2\/pages"}],"about":[{"href":"https:\/\/www.elysium.gr\/de\/wp-json\/wp\/v2\/types\/page"}],"author":[{"embeddable":true,"href":"https:\/\/www.elysium.gr\/de\/wp-json\/wp\/v2\/users\/2"}],"replies":[{"embeddable":true,"href":"https:\/\/www.elysium.gr\/de\/wp-json\/wp\/v2\/comments?post=653"}],"version-history":[{"count":4,"href":"https:\/\/www.elysium.gr\/de\/wp-json\/wp\/v2\/pages\/653\/revisions"}],"predecessor-version":[{"id":4021,"href":"https:\/\/www.elysium.gr\/de\/wp-json\/wp\/v2\/pages\/653\/revisions\/4021"}],"wp:attachment":[{"href":"https:\/\/www.elysium.gr\/de\/wp-json\/wp\/v2\/media?parent=653"}],"curies":[{"name":"wp","href":"https:\/\/api.w.org\/{rel}","templated":true}]}}