{"id":6272,"date":"2019-11-30T14:29:07","date_gmt":"2019-11-30T11:29:07","guid":{"rendered":"https:\/\/www.elysium.gr\/?page_id=6272"},"modified":"2025-04-04T12:02:04","modified_gmt":"2025-04-04T10:02:04","slug":"der-elite-club","status":"publish","type":"page","link":"https:\/\/www.elysium.gr\/de\/der-elite-club\/","title":{"rendered":"Der Elite Club"},"content":{"rendered":"<h2 style=\"text-align: center;\"><strong><span style=\"color: #baa789;\">Ein exklusives Urlaubserlebnis<\/span><\/strong><\/h2>\n<p>Der Elite Club bietet zweifellos ein exklusives Urlaubserlebnis mit dem allerbesten, was das Elysium Resort &amp; Spa zu bieten hat!<\/p>\n<p>Unsere zwei Executive-Etagen bestehen aus 64 Elite-Zimmern und Luxus-Suiten mit verbesserter \u00c4sthetik, einer speziellen Lounge Bar und einem reichhaltigen amerikanischen Fr\u00fchst\u00fccksbuffet in einem Dachrestaurant, das ausschlie\u00dflich Elite-Clubmitgliedern zur Verf\u00fcgung steht.<\/p>\n<h3><strong><span style=\"color: #baa789;\">Elite Club exklusive Services umfassen:<\/span><\/strong><\/h3>\n<ul>\n<li>Privater Bereich f\u00fcr Check-in und Check-out<\/li>\n<li>Sp\u00e4tes Check-Out bis 16.00h nach Verf\u00fcgbarkeit<\/li>\n<li>Zugeh\u00f6rige Elite Club Lounge<\/li>\n<li>Ganzt\u00e4gig kostenlos S\u00e4fte, Erfrischungen, Kaffee \/Tee, Kanap\u00e9s, leichte Snacks und Obst (serviert in der Elite Lounge)<\/li>\n<li>Exklusive Guest Relations Mitarbeiter<\/li>\n<li>Exklusive Benutzung des Panorama-Restaurants zum Fr\u00fchst\u00fcck (Senses Cafe)<\/li>\n<\/ul>\n<h3><span style=\"color: #baa789;\"><strong>Elite Club Zimmer und luxuri\u00f6se Suiten verf\u00fcgen \u00fcber:<\/strong><\/span><\/h3>\n<ul>\n<li>Holzfu\u00dfboden, Hydro Massage Badewanne<\/li>\n<li>Erweitertes Zimmerdesign, Einrichtung und Materialien<\/li>\n<li>Abdeckservice (Turndown service)<\/li>\n<li>Kissen-Men\u00fc<\/li>\n<li>Markenprodukte f\u00fcr die K\u00f6rperpflege<\/li>\n<li>Satin-Bettw\u00e4sche 100 % Baumwolle,<\/li>\n<li>Kabellose Direktwahltelefon mit Sprachbox<\/li>\n<li>Flasche Mineralwasser (t\u00e4glich w\u00e4hrend des gesamten Aufenthalts)<\/li>\n<li>Nespresso Maschine und Zubereitungsm\u00f6glichkeiten f\u00fcr Kaffee und Tee<\/li>\n<li>Begr\u00fc\u00dfungsangebot<\/li>\n<\/ul>\n<p>&nbsp;<\/p>\n","protected":false},"excerpt":{"rendered":"<p>Ein exklusives Urlaubserlebnis Der Elite Club bietet zweifellos ein exklusives Urlaubserlebnis mit dem allerbesten, was das Elysium Resort &amp; Spa zu bieten hat! Unsere zwei Executive-Etagen bestehen aus 64 Elite-Zimmern und Luxus-Suiten mit verbesserter \u00c4sthetik, einer speziellen Lounge Bar und einem reichhaltigen amerikanischen Fr\u00fchst\u00fccksbuffet in einem Dachrestaurant, das ausschlie\u00dflich Elite-Clubmitgliedern zur Verf\u00fcgung steht. Elite Club<\/p>\n","protected":false},"author":35,"featured_media":2262,"parent":0,"menu_order":0,"comment_status":"closed","ping_status":"closed","template":"page-templates\/simple-list.php","meta":{"_acf_changed":false,"footnotes":""},"class_list":["post-6272","page","type-page","status-publish","has-post-thumbnail","hentry"],"acf":[],"yoast_head":"<!-- This site is optimized with the Yoast SEO plugin v26.9 - https:\/\/yoast.com\/product\/yoast-seo-wordpress\/ -->\n<title>Der Elite Club - Elysium Resort &amp; Spa<\/title>\n<meta name=\"robots\" content=\"index, follow, max-snippet:-1, max-image-preview:large, max-video-preview:-1\" \/>\n<link rel=\"canonical\" href=\"https:\/\/www.elysium.gr\/de\/der-elite-club\/\" \/>\n<meta property=\"og:locale\" content=\"de_DE\" \/>\n<meta property=\"og:type\" content=\"article\" \/>\n<meta property=\"og:title\" content=\"Der Elite Club - Elysium Resort &amp; Spa\" \/>\n<meta property=\"og:description\" content=\"Ein exklusives Urlaubserlebnis Der Elite Club bietet zweifellos ein exklusives Urlaubserlebnis mit dem allerbesten, was das Elysium Resort &amp; Spa zu bieten hat! Unsere zwei Executive-Etagen bestehen aus 64 Elite-Zimmern und Luxus-Suiten mit verbesserter \u00c4sthetik, einer speziellen Lounge Bar und einem reichhaltigen amerikanischen Fr\u00fchst\u00fccksbuffet in einem Dachrestaurant, das ausschlie\u00dflich Elite-Clubmitgliedern zur Verf\u00fcgung steht. Elite Club\" \/>\n<meta property=\"og:url\" content=\"https:\/\/www.elysium.gr\/de\/der-elite-club\/\" \/>\n<meta property=\"og:site_name\" content=\"Elysium Resort &amp; Spa\" \/>\n<meta property=\"article:modified_time\" content=\"2025-04-04T10:02:04+00:00\" \/>\n<meta property=\"og:image\" content=\"https:\/\/www.elysium.gr\/app\/uploads\/sites\/11\/2019\/02\/Senses-caf_-1-HD-straight.jpeg\" \/>\n\t<meta property=\"og:image:width\" content=\"1920\" \/>\n\t<meta property=\"og:image:height\" content=\"850\" \/>\n\t<meta property=\"og:image:type\" content=\"image\/jpeg\" \/>\n<meta name=\"twitter:card\" content=\"summary_large_image\" \/>\n<meta name=\"twitter:label1\" content=\"Est. reading time\" \/>\n\t<meta name=\"twitter:data1\" content=\"1\u00a0Minute\" \/>\n<script type=\"application\/ld+json\" class=\"yoast-schema-graph\">{\"@context\":\"https:\/\/schema.org\",\"@graph\":[{\"@type\":\"WebPage\",\"@id\":\"https:\/\/www.elysium.gr\/de\/der-elite-club\/\",\"url\":\"https:\/\/www.elysium.gr\/de\/der-elite-club\/\",\"name\":\"Der Elite Club - Elysium Resort &amp; Spa\",\"isPartOf\":{\"@id\":\"https:\/\/www.elysium.gr\/#website\"},\"primaryImageOfPage\":{\"@id\":\"https:\/\/www.elysium.gr\/de\/der-elite-club\/#primaryimage\"},\"image\":{\"@id\":\"https:\/\/www.elysium.gr\/de\/der-elite-club\/#primaryimage\"},\"thumbnailUrl\":\"https:\/\/www.elysium.gr\/app\/uploads\/sites\/11\/2019\/02\/Senses-caf_-1-HD-straight.jpeg\",\"datePublished\":\"2019-11-30T11:29:07+00:00\",\"dateModified\":\"2025-04-04T10:02:04+00:00\",\"breadcrumb\":{\"@id\":\"https:\/\/www.elysium.gr\/de\/der-elite-club\/#breadcrumb\"},\"inLanguage\":\"de\",\"potentialAction\":[{\"@type\":\"ReadAction\",\"target\":[\"https:\/\/www.elysium.gr\/de\/der-elite-club\/\"]}]},{\"@type\":\"ImageObject\",\"inLanguage\":\"de\",\"@id\":\"https:\/\/www.elysium.gr\/de\/der-elite-club\/#primaryimage\",\"url\":\"https:\/\/www.elysium.gr\/app\/uploads\/sites\/11\/2019\/02\/Senses-caf_-1-HD-straight.jpeg\",\"contentUrl\":\"https:\/\/www.elysium.gr\/app\/uploads\/sites\/11\/2019\/02\/Senses-caf_-1-HD-straight.jpeg\",\"width\":1920,\"height\":850},{\"@type\":\"BreadcrumbList\",\"@id\":\"https:\/\/www.elysium.gr\/de\/der-elite-club\/#breadcrumb\",\"itemListElement\":[{\"@type\":\"ListItem\",\"position\":1,\"name\":\"Home\",\"item\":\"https:\/\/www.elysium.gr\/de\/\"},{\"@type\":\"ListItem\",\"position\":2,\"name\":\"Der Elite Club\"}]},{\"@type\":\"WebSite\",\"@id\":\"https:\/\/www.elysium.gr\/#website\",\"url\":\"https:\/\/www.elysium.gr\/\",\"name\":\"Elysium Resort &amp; Spa\",\"description\":\"Elysium Resort and Spa is among Rhodes finest five star hotels. It enjoys a premier beach front location at Kallithea bay, offering luxurious accommodation and exclusive leisure and spa facilities.\",\"potentialAction\":[{\"@type\":\"SearchAction\",\"target\":{\"@type\":\"EntryPoint\",\"urlTemplate\":\"https:\/\/www.elysium.gr\/?s={search_term_string}\"},\"query-input\":{\"@type\":\"PropertyValueSpecification\",\"valueRequired\":true,\"valueName\":\"search_term_string\"}}],\"inLanguage\":\"de\"}]}<\/script>\n<!-- \/ Yoast SEO plugin. -->","yoast_head_json":{"title":"Der Elite Club - Elysium Resort &amp; Spa","robots":{"index":"index","follow":"follow","max-snippet":"max-snippet:-1","max-image-preview":"max-image-preview:large","max-video-preview":"max-video-preview:-1"},"canonical":"https:\/\/www.elysium.gr\/de\/der-elite-club\/","og_locale":"de_DE","og_type":"article","og_title":"Der Elite Club - Elysium Resort &amp; Spa","og_description":"Ein exklusives Urlaubserlebnis Der Elite Club bietet zweifellos ein exklusives Urlaubserlebnis mit dem allerbesten, was das Elysium Resort &amp; Spa zu bieten hat! Unsere zwei Executive-Etagen bestehen aus 64 Elite-Zimmern und Luxus-Suiten mit verbesserter \u00c4sthetik, einer speziellen Lounge Bar und einem reichhaltigen amerikanischen Fr\u00fchst\u00fccksbuffet in einem Dachrestaurant, das ausschlie\u00dflich Elite-Clubmitgliedern zur Verf\u00fcgung steht. Elite Club","og_url":"https:\/\/www.elysium.gr\/de\/der-elite-club\/","og_site_name":"Elysium Resort &amp; Spa","article_modified_time":"2025-04-04T10:02:04+00:00","og_image":[{"width":1920,"height":850,"url":"https:\/\/www.elysium.gr\/app\/uploads\/sites\/11\/2019\/02\/Senses-caf_-1-HD-straight.jpeg","type":"image\/jpeg"}],"twitter_card":"summary_large_image","twitter_misc":{"Est. reading time":"1\u00a0Minute"},"schema":{"@context":"https:\/\/schema.org","@graph":[{"@type":"WebPage","@id":"https:\/\/www.elysium.gr\/de\/der-elite-club\/","url":"https:\/\/www.elysium.gr\/de\/der-elite-club\/","name":"Der Elite Club - Elysium Resort &amp; Spa","isPartOf":{"@id":"https:\/\/www.elysium.gr\/#website"},"primaryImageOfPage":{"@id":"https:\/\/www.elysium.gr\/de\/der-elite-club\/#primaryimage"},"image":{"@id":"https:\/\/www.elysium.gr\/de\/der-elite-club\/#primaryimage"},"thumbnailUrl":"https:\/\/www.elysium.gr\/app\/uploads\/sites\/11\/2019\/02\/Senses-caf_-1-HD-straight.jpeg","datePublished":"2019-11-30T11:29:07+00:00","dateModified":"2025-04-04T10:02:04+00:00","breadcrumb":{"@id":"https:\/\/www.elysium.gr\/de\/der-elite-club\/#breadcrumb"},"inLanguage":"de","potentialAction":[{"@type":"ReadAction","target":["https:\/\/www.elysium.gr\/de\/der-elite-club\/"]}]},{"@type":"ImageObject","inLanguage":"de","@id":"https:\/\/www.elysium.gr\/de\/der-elite-club\/#primaryimage","url":"https:\/\/www.elysium.gr\/app\/uploads\/sites\/11\/2019\/02\/Senses-caf_-1-HD-straight.jpeg","contentUrl":"https:\/\/www.elysium.gr\/app\/uploads\/sites\/11\/2019\/02\/Senses-caf_-1-HD-straight.jpeg","width":1920,"height":850},{"@type":"BreadcrumbList","@id":"https:\/\/www.elysium.gr\/de\/der-elite-club\/#breadcrumb","itemListElement":[{"@type":"ListItem","position":1,"name":"Home","item":"https:\/\/www.elysium.gr\/de\/"},{"@type":"ListItem","position":2,"name":"Der Elite Club"}]},{"@type":"WebSite","@id":"https:\/\/www.elysium.gr\/#website","url":"https:\/\/www.elysium.gr\/","name":"Elysium Resort &amp; Spa","description":"Elysium Resort and Spa is among Rhodes finest five star hotels. It enjoys a premier beach front location at Kallithea bay, offering luxurious accommodation and exclusive leisure and spa facilities.","potentialAction":[{"@type":"SearchAction","target":{"@type":"EntryPoint","urlTemplate":"https:\/\/www.elysium.gr\/?s={search_term_string}"},"query-input":{"@type":"PropertyValueSpecification","valueRequired":true,"valueName":"search_term_string"}}],"inLanguage":"de"}]}},"_links":{"self":[{"href":"https:\/\/www.elysium.gr\/de\/wp-json\/wp\/v2\/pages\/6272"}],"collection":[{"href":"https:\/\/www.elysium.gr\/de\/wp-json\/wp\/v2\/pages"}],"about":[{"href":"https:\/\/www.elysium.gr\/de\/wp-json\/wp\/v2\/types\/page"}],"author":[{"embeddable":true,"href":"https:\/\/www.elysium.gr\/de\/wp-json\/wp\/v2\/users\/35"}],"replies":[{"embeddable":true,"href":"https:\/\/www.elysium.gr\/de\/wp-json\/wp\/v2\/comments?post=6272"}],"version-history":[{"count":10,"href":"https:\/\/www.elysium.gr\/de\/wp-json\/wp\/v2\/pages\/6272\/revisions"}],"predecessor-version":[{"id":34571,"href":"https:\/\/www.elysium.gr\/de\/wp-json\/wp\/v2\/pages\/6272\/revisions\/34571"}],"wp:featuredmedia":[{"embeddable":true,"href":"https:\/\/www.elysium.gr\/de\/wp-json\/wp\/v2\/media\/2262"}],"wp:attachment":[{"href":"https:\/\/www.elysium.gr\/de\/wp-json\/wp\/v2\/media?parent=6272"}],"curies":[{"name":"wp","href":"https:\/\/api.w.org\/{rel}","templated":true}]}}