{"id":4547,"date":"2019-05-03T16:29:02","date_gmt":"2019-05-03T13:29:02","guid":{"rendered":"http:\/\/harmony.cms4.nelios.com\/hotel-location\/discover-rhodes\/popular-beaches\/gennadi-beach\/"},"modified":"2019-05-24T10:55:19","modified_gmt":"2019-05-24T07:55:19","slug":"gennadi-beach","status":"publish","type":"page","link":"https:\/\/www.elysium.gr\/de\/discover-rhodes\/popular-beaches\/gennadi-beach\/","title":{"rendered":"Strand von Gennadi"},"content":{"rendered":"<p>Strand von Gennadi: ein wundersch\u00f6ner Strand, 60 km s\u00fcd\u00f6stlich von Rhodos Stadt, mit Sand oder kleinen Kieselsteinen soweit das Auge reicht. Ein Teil dieses Strandes wurde kommerziell organisiert aber es gibt noch immer gen\u00fcgend Platz f\u00fcr etwas mehr Privatsph\u00e4re.<\/p>\n","protected":false},"excerpt":{"rendered":"<p>Strand von Gennadi: ein wundersch\u00f6ner Strand, 60 km s\u00fcd\u00f6stlich von Rhodos Stadt, mit Sand oder kleinen Kieselsteinen soweit das Auge reicht. Ein Teil dieses Strandes wurde kommerziell organisiert aber es gibt noch immer gen\u00fcgend Platz f\u00fcr etwas mehr Privatsph\u00e4re.<\/p>\n","protected":false},"author":1,"featured_media":2884,"parent":4281,"menu_order":0,"comment_status":"closed","ping_status":"closed","template":"","meta":{"_acf_changed":false,"footnotes":""},"class_list":["post-4547","page","type-page","status-publish","has-post-thumbnail","hentry"],"acf":[],"yoast_head":"<!-- This site is optimized with the Yoast SEO plugin v26.9 - https:\/\/yoast.com\/product\/yoast-seo-wordpress\/ -->\n<title>Strand von Gennadi - Elysium Resort &amp; Spa<\/title>\n<meta name=\"robots\" content=\"index, follow, max-snippet:-1, max-image-preview:large, max-video-preview:-1\" \/>\n<link rel=\"canonical\" href=\"https:\/\/www.elysium.gr\/de\/discover-rhodes\/popular-beaches\/gennadi-beach\/\" \/>\n<meta property=\"og:locale\" content=\"de_DE\" \/>\n<meta property=\"og:type\" content=\"article\" \/>\n<meta property=\"og:title\" content=\"Strand von Gennadi - Elysium Resort &amp; Spa\" \/>\n<meta property=\"og:description\" content=\"Strand von Gennadi: ein wundersch\u00f6ner Strand, 60 km s\u00fcd\u00f6stlich von Rhodos Stadt, mit Sand oder kleinen Kieselsteinen soweit das Auge reicht. Ein Teil dieses Strandes wurde kommerziell organisiert aber es gibt noch immer gen\u00fcgend Platz f\u00fcr etwas mehr Privatsph\u00e4re.\" \/>\n<meta property=\"og:url\" content=\"https:\/\/www.elysium.gr\/de\/discover-rhodes\/popular-beaches\/gennadi-beach\/\" \/>\n<meta property=\"og:site_name\" content=\"Elysium Resort &amp; Spa\" \/>\n<meta property=\"article:modified_time\" content=\"2019-05-24T07:55:19+00:00\" \/>\n<meta property=\"og:image\" content=\"https:\/\/www.elysium.gr\/app\/uploads\/sites\/11\/2019\/05\/gennadi.jpeg\" \/>\n\t<meta property=\"og:image:width\" content=\"1919\" \/>\n\t<meta property=\"og:image:height\" content=\"1433\" \/>\n\t<meta property=\"og:image:type\" content=\"image\/jpeg\" \/>\n<meta name=\"twitter:card\" content=\"summary_large_image\" \/>\n<script type=\"application\/ld+json\" class=\"yoast-schema-graph\">{\"@context\":\"https:\/\/schema.org\",\"@graph\":[{\"@type\":\"WebPage\",\"@id\":\"https:\/\/www.elysium.gr\/de\/discover-rhodes\/popular-beaches\/gennadi-beach\/\",\"url\":\"https:\/\/www.elysium.gr\/de\/discover-rhodes\/popular-beaches\/gennadi-beach\/\",\"name\":\"Strand von Gennadi - Elysium Resort &amp; Spa\",\"isPartOf\":{\"@id\":\"https:\/\/www.elysium.gr\/#website\"},\"primaryImageOfPage\":{\"@id\":\"https:\/\/www.elysium.gr\/de\/discover-rhodes\/popular-beaches\/gennadi-beach\/#primaryimage\"},\"image\":{\"@id\":\"https:\/\/www.elysium.gr\/de\/discover-rhodes\/popular-beaches\/gennadi-beach\/#primaryimage\"},\"thumbnailUrl\":\"https:\/\/www.elysium.gr\/app\/uploads\/sites\/11\/2019\/05\/gennadi.jpeg\",\"datePublished\":\"2019-05-03T13:29:02+00:00\",\"dateModified\":\"2019-05-24T07:55:19+00:00\",\"breadcrumb\":{\"@id\":\"https:\/\/www.elysium.gr\/de\/discover-rhodes\/popular-beaches\/gennadi-beach\/#breadcrumb\"},\"inLanguage\":\"de\",\"potentialAction\":[{\"@type\":\"ReadAction\",\"target\":[\"https:\/\/www.elysium.gr\/de\/discover-rhodes\/popular-beaches\/gennadi-beach\/\"]}]},{\"@type\":\"ImageObject\",\"inLanguage\":\"de\",\"@id\":\"https:\/\/www.elysium.gr\/de\/discover-rhodes\/popular-beaches\/gennadi-beach\/#primaryimage\",\"url\":\"https:\/\/www.elysium.gr\/app\/uploads\/sites\/11\/2019\/05\/gennadi.jpeg\",\"contentUrl\":\"https:\/\/www.elysium.gr\/app\/uploads\/sites\/11\/2019\/05\/gennadi.jpeg\",\"width\":1919,\"height\":1433},{\"@type\":\"BreadcrumbList\",\"@id\":\"https:\/\/www.elysium.gr\/de\/discover-rhodes\/popular-beaches\/gennadi-beach\/#breadcrumb\",\"itemListElement\":[{\"@type\":\"ListItem\",\"position\":1,\"name\":\"Home\",\"item\":\"https:\/\/www.elysium.gr\/de\/\"},{\"@type\":\"ListItem\",\"position\":2,\"name\":\"Entdecken Sie Rhodos\",\"item\":\"https:\/\/www.elysium.gr\/de\/discover-rhodes\/\"},{\"@type\":\"ListItem\",\"position\":3,\"name\":\"Beliebte Str\u00e4nde\",\"item\":\"https:\/\/www.elysium.gr\/de\/discover-rhodes\/popular-beaches\/\"},{\"@type\":\"ListItem\",\"position\":4,\"name\":\"Strand von Gennadi\"}]},{\"@type\":\"WebSite\",\"@id\":\"https:\/\/www.elysium.gr\/#website\",\"url\":\"https:\/\/www.elysium.gr\/\",\"name\":\"Elysium Resort &amp; Spa\",\"description\":\"Elysium Resort and Spa is among Rhodes finest five star hotels. It enjoys a premier beach front location at Kallithea bay, offering luxurious accommodation and exclusive leisure and spa facilities.\",\"potentialAction\":[{\"@type\":\"SearchAction\",\"target\":{\"@type\":\"EntryPoint\",\"urlTemplate\":\"https:\/\/www.elysium.gr\/?s={search_term_string}\"},\"query-input\":{\"@type\":\"PropertyValueSpecification\",\"valueRequired\":true,\"valueName\":\"search_term_string\"}}],\"inLanguage\":\"de\"}]}<\/script>\n<!-- \/ Yoast SEO plugin. -->","yoast_head_json":{"title":"Strand von Gennadi - Elysium Resort &amp; Spa","robots":{"index":"index","follow":"follow","max-snippet":"max-snippet:-1","max-image-preview":"max-image-preview:large","max-video-preview":"max-video-preview:-1"},"canonical":"https:\/\/www.elysium.gr\/de\/discover-rhodes\/popular-beaches\/gennadi-beach\/","og_locale":"de_DE","og_type":"article","og_title":"Strand von Gennadi - Elysium Resort &amp; Spa","og_description":"Strand von Gennadi: ein wundersch\u00f6ner Strand, 60 km s\u00fcd\u00f6stlich von Rhodos Stadt, mit Sand oder kleinen Kieselsteinen soweit das Auge reicht. Ein Teil dieses Strandes wurde kommerziell organisiert aber es gibt noch immer gen\u00fcgend Platz f\u00fcr etwas mehr Privatsph\u00e4re.","og_url":"https:\/\/www.elysium.gr\/de\/discover-rhodes\/popular-beaches\/gennadi-beach\/","og_site_name":"Elysium Resort &amp; Spa","article_modified_time":"2019-05-24T07:55:19+00:00","og_image":[{"width":1919,"height":1433,"url":"https:\/\/www.elysium.gr\/app\/uploads\/sites\/11\/2019\/05\/gennadi.jpeg","type":"image\/jpeg"}],"twitter_card":"summary_large_image","schema":{"@context":"https:\/\/schema.org","@graph":[{"@type":"WebPage","@id":"https:\/\/www.elysium.gr\/de\/discover-rhodes\/popular-beaches\/gennadi-beach\/","url":"https:\/\/www.elysium.gr\/de\/discover-rhodes\/popular-beaches\/gennadi-beach\/","name":"Strand von Gennadi - Elysium Resort &amp; Spa","isPartOf":{"@id":"https:\/\/www.elysium.gr\/#website"},"primaryImageOfPage":{"@id":"https:\/\/www.elysium.gr\/de\/discover-rhodes\/popular-beaches\/gennadi-beach\/#primaryimage"},"image":{"@id":"https:\/\/www.elysium.gr\/de\/discover-rhodes\/popular-beaches\/gennadi-beach\/#primaryimage"},"thumbnailUrl":"https:\/\/www.elysium.gr\/app\/uploads\/sites\/11\/2019\/05\/gennadi.jpeg","datePublished":"2019-05-03T13:29:02+00:00","dateModified":"2019-05-24T07:55:19+00:00","breadcrumb":{"@id":"https:\/\/www.elysium.gr\/de\/discover-rhodes\/popular-beaches\/gennadi-beach\/#breadcrumb"},"inLanguage":"de","potentialAction":[{"@type":"ReadAction","target":["https:\/\/www.elysium.gr\/de\/discover-rhodes\/popular-beaches\/gennadi-beach\/"]}]},{"@type":"ImageObject","inLanguage":"de","@id":"https:\/\/www.elysium.gr\/de\/discover-rhodes\/popular-beaches\/gennadi-beach\/#primaryimage","url":"https:\/\/www.elysium.gr\/app\/uploads\/sites\/11\/2019\/05\/gennadi.jpeg","contentUrl":"https:\/\/www.elysium.gr\/app\/uploads\/sites\/11\/2019\/05\/gennadi.jpeg","width":1919,"height":1433},{"@type":"BreadcrumbList","@id":"https:\/\/www.elysium.gr\/de\/discover-rhodes\/popular-beaches\/gennadi-beach\/#breadcrumb","itemListElement":[{"@type":"ListItem","position":1,"name":"Home","item":"https:\/\/www.elysium.gr\/de\/"},{"@type":"ListItem","position":2,"name":"Entdecken Sie Rhodos","item":"https:\/\/www.elysium.gr\/de\/discover-rhodes\/"},{"@type":"ListItem","position":3,"name":"Beliebte Str\u00e4nde","item":"https:\/\/www.elysium.gr\/de\/discover-rhodes\/popular-beaches\/"},{"@type":"ListItem","position":4,"name":"Strand von Gennadi"}]},{"@type":"WebSite","@id":"https:\/\/www.elysium.gr\/#website","url":"https:\/\/www.elysium.gr\/","name":"Elysium Resort &amp; Spa","description":"Elysium Resort and Spa is among Rhodes finest five star hotels. It enjoys a premier beach front location at Kallithea bay, offering luxurious accommodation and exclusive leisure and spa facilities.","potentialAction":[{"@type":"SearchAction","target":{"@type":"EntryPoint","urlTemplate":"https:\/\/www.elysium.gr\/?s={search_term_string}"},"query-input":{"@type":"PropertyValueSpecification","valueRequired":true,"valueName":"search_term_string"}}],"inLanguage":"de"}]}},"_links":{"self":[{"href":"https:\/\/www.elysium.gr\/de\/wp-json\/wp\/v2\/pages\/4547"}],"collection":[{"href":"https:\/\/www.elysium.gr\/de\/wp-json\/wp\/v2\/pages"}],"about":[{"href":"https:\/\/www.elysium.gr\/de\/wp-json\/wp\/v2\/types\/page"}],"author":[{"embeddable":true,"href":"https:\/\/www.elysium.gr\/de\/wp-json\/wp\/v2\/users\/1"}],"replies":[{"embeddable":true,"href":"https:\/\/www.elysium.gr\/de\/wp-json\/wp\/v2\/comments?post=4547"}],"version-history":[{"count":2,"href":"https:\/\/www.elysium.gr\/de\/wp-json\/wp\/v2\/pages\/4547\/revisions"}],"predecessor-version":[{"id":4553,"href":"https:\/\/www.elysium.gr\/de\/wp-json\/wp\/v2\/pages\/4547\/revisions\/4553"}],"up":[{"embeddable":true,"href":"https:\/\/www.elysium.gr\/de\/wp-json\/wp\/v2\/pages\/4281"}],"wp:featuredmedia":[{"embeddable":true,"href":"https:\/\/www.elysium.gr\/de\/wp-json\/wp\/v2\/media\/2884"}],"wp:attachment":[{"href":"https:\/\/www.elysium.gr\/de\/wp-json\/wp\/v2\/media?parent=4547"}],"curies":[{"name":"wp","href":"https:\/\/api.w.org\/{rel}","templated":true}]}}