{"id":4367,"date":"2019-05-03T13:40:50","date_gmt":"2019-05-03T10:40:50","guid":{"rendered":"http:\/\/harmony.cms4.nelios.com\/hotel-location\/discover-rhodes\/rest-of-the-island\/acropolis-of-lindos\/"},"modified":"2019-05-23T16:18:07","modified_gmt":"2019-05-23T13:18:07","slug":"acropolis-of-lindos","status":"publish","type":"page","link":"https:\/\/www.elysium.gr\/de\/discover-rhodes\/rest-of-the-island\/acropolis-of-lindos\/","title":{"rendered":"Akropolis von Lindos"},"content":{"rendered":"<p>Die Akropolis von Lindos mit dem zu Ihren F\u00fcssen liegenden malerischen gleichnamigen Dorf, ist ein absolutes \u201amuss\u2018 w\u00e4hrend Ihres Aufenthaltes auf Rhodos. 45 km von Rhodos Stadt entfernt, in einer wundersch\u00f6nen Bucht mit fabelhaften Sandstr\u00e4nden gelegen, beeindruckt Lindos durch seine kopfsteingepflasterten Stra\u00dfen und die wei\u00dfen H\u00e4user die sich zum Meer neigen. Bummeln Sie durch die Stra\u00dfen w\u00e4hrend Sie die Einheimischen herzlich willkommen hei\u00dfen, oder mieten Sie einen Esel und erklimmen mit ihm die H\u00fcgel bis zur Akropolis.<\/p>\n<p>Die kosmopolitische Atmosph\u00e4re im Ort ist einzigartig mit der Unmenge an M\u00f6glichkeiten f\u00fcr Ihren Aufenthalt. Traumhaft sch\u00f6ne Str\u00e4nde, Wassersport, Bars oder Kaffees mit Panoramablick, Restaurants mit bester Qualit\u00e4t oder selbst ein belebtes Nachtleben, das erst in den Morgenstunden ausklingt.<\/p>\n<p>Lindos ist nicht nur ein ber\u00fchmter Urlaubsort, sondern auch von gro\u00dfem historischen Interesse. Ob Sie sich nun entscheiden die Treppen bis zur Akropolis selbst zu nehmen oder diese mit einem Esel erklimmen, das Monument ist sowohl aus arch\u00e4ologischer Sicht als auch wegen seiner atemberaubenden Aussicht sehenswert.<\/p>\n<p>Die Akropolis verr\u00e4t nicht gleich ihren Hellenistischen Ursprung, da sie im Mittelalter unter dem Johanniterorden die die Insel besetzten, durch eine m\u00e4chtige Befestigung umgeben wurde. Einmal betreten werden Sie die Ruinen des Propyl\u00e4en (Eingang der Akropolis), dem Schutzgebiet von Athena, die byzantinische Kirche des Heiligen Johannes und die Ruinen des antiken Theaters, am Hang unterhalb der Akropolis gelegen, bewundern k\u00f6nnen. Wenn Sie an dem allen kein Interesse haben, dann haben Sie Ihre Kamera bereit, f\u00fcr das vielleicht sch\u00f6nste Panoramabild Ihres Lebens!<\/p>\n","protected":false},"excerpt":{"rendered":"<p>Die Akropolis von Lindos mit dem zu Ihren F\u00fcssen liegenden malerischen gleichnamigen Dorf, ist ein absolutes \u201amuss\u2018 w\u00e4hrend Ihres Aufenthaltes auf Rhodos. 45 km von Rhodos Stadt entfernt, in einer wundersch\u00f6nen Bucht mit fabelhaften Sandstr\u00e4nden gelegen, beeindruckt Lindos durch seine kopfsteingepflasterten Stra\u00dfen und die wei\u00dfen H\u00e4user die sich zum Meer neigen. Bummeln Sie durch die<\/p>\n","protected":false},"author":1,"featured_media":3118,"parent":4213,"menu_order":0,"comment_status":"closed","ping_status":"closed","template":"","meta":{"_acf_changed":false,"footnotes":""},"class_list":["post-4367","page","type-page","status-publish","has-post-thumbnail","hentry"],"acf":[],"yoast_head":"<!-- This site is optimized with the Yoast SEO plugin v26.9 - https:\/\/yoast.com\/product\/yoast-seo-wordpress\/ -->\n<title>Akropolis von Lindos - Elysium Resort &amp; Spa<\/title>\n<meta name=\"robots\" content=\"index, follow, max-snippet:-1, max-image-preview:large, max-video-preview:-1\" \/>\n<link rel=\"canonical\" href=\"https:\/\/www.elysium.gr\/de\/discover-rhodes\/rest-of-the-island\/acropolis-of-lindos\/\" \/>\n<meta property=\"og:locale\" content=\"de_DE\" \/>\n<meta property=\"og:type\" content=\"article\" \/>\n<meta property=\"og:title\" content=\"Akropolis von Lindos - Elysium Resort &amp; Spa\" \/>\n<meta property=\"og:description\" content=\"Die Akropolis von Lindos mit dem zu Ihren F\u00fcssen liegenden malerischen gleichnamigen Dorf, ist ein absolutes \u201amuss\u2018 w\u00e4hrend Ihres Aufenthaltes auf Rhodos. 45 km von Rhodos Stadt entfernt, in einer wundersch\u00f6nen Bucht mit fabelhaften Sandstr\u00e4nden gelegen, beeindruckt Lindos durch seine kopfsteingepflasterten Stra\u00dfen und die wei\u00dfen H\u00e4user die sich zum Meer neigen. Bummeln Sie durch die\" \/>\n<meta property=\"og:url\" content=\"https:\/\/www.elysium.gr\/de\/discover-rhodes\/rest-of-the-island\/acropolis-of-lindos\/\" \/>\n<meta property=\"og:site_name\" content=\"Elysium Resort &amp; Spa\" \/>\n<meta property=\"article:modified_time\" content=\"2019-05-23T13:18:07+00:00\" \/>\n<meta property=\"og:image\" content=\"https:\/\/www.elysium.gr\/app\/uploads\/sites\/11\/2019\/05\/Acropolis_Lindos_Rhodes_1.jpeg\" \/>\n\t<meta property=\"og:image:width\" content=\"1919\" \/>\n\t<meta property=\"og:image:height\" content=\"1274\" \/>\n\t<meta property=\"og:image:type\" content=\"image\/jpeg\" \/>\n<meta name=\"twitter:card\" content=\"summary_large_image\" \/>\n<meta name=\"twitter:label1\" content=\"Est. reading time\" \/>\n\t<meta name=\"twitter:data1\" content=\"1\u00a0Minute\" \/>\n<script type=\"application\/ld+json\" class=\"yoast-schema-graph\">{\"@context\":\"https:\/\/schema.org\",\"@graph\":[{\"@type\":\"WebPage\",\"@id\":\"https:\/\/www.elysium.gr\/de\/discover-rhodes\/rest-of-the-island\/acropolis-of-lindos\/\",\"url\":\"https:\/\/www.elysium.gr\/de\/discover-rhodes\/rest-of-the-island\/acropolis-of-lindos\/\",\"name\":\"Akropolis von Lindos - Elysium Resort &amp; Spa\",\"isPartOf\":{\"@id\":\"https:\/\/www.elysium.gr\/#website\"},\"primaryImageOfPage\":{\"@id\":\"https:\/\/www.elysium.gr\/de\/discover-rhodes\/rest-of-the-island\/acropolis-of-lindos\/#primaryimage\"},\"image\":{\"@id\":\"https:\/\/www.elysium.gr\/de\/discover-rhodes\/rest-of-the-island\/acropolis-of-lindos\/#primaryimage\"},\"thumbnailUrl\":\"https:\/\/www.elysium.gr\/app\/uploads\/sites\/11\/2019\/05\/Acropolis_Lindos_Rhodes_1.jpeg\",\"datePublished\":\"2019-05-03T10:40:50+00:00\",\"dateModified\":\"2019-05-23T13:18:07+00:00\",\"breadcrumb\":{\"@id\":\"https:\/\/www.elysium.gr\/de\/discover-rhodes\/rest-of-the-island\/acropolis-of-lindos\/#breadcrumb\"},\"inLanguage\":\"de\",\"potentialAction\":[{\"@type\":\"ReadAction\",\"target\":[\"https:\/\/www.elysium.gr\/de\/discover-rhodes\/rest-of-the-island\/acropolis-of-lindos\/\"]}]},{\"@type\":\"ImageObject\",\"inLanguage\":\"de\",\"@id\":\"https:\/\/www.elysium.gr\/de\/discover-rhodes\/rest-of-the-island\/acropolis-of-lindos\/#primaryimage\",\"url\":\"https:\/\/www.elysium.gr\/app\/uploads\/sites\/11\/2019\/05\/Acropolis_Lindos_Rhodes_1.jpeg\",\"contentUrl\":\"https:\/\/www.elysium.gr\/app\/uploads\/sites\/11\/2019\/05\/Acropolis_Lindos_Rhodes_1.jpeg\",\"width\":1919,\"height\":1274},{\"@type\":\"BreadcrumbList\",\"@id\":\"https:\/\/www.elysium.gr\/de\/discover-rhodes\/rest-of-the-island\/acropolis-of-lindos\/#breadcrumb\",\"itemListElement\":[{\"@type\":\"ListItem\",\"position\":1,\"name\":\"Home\",\"item\":\"https:\/\/www.elysium.gr\/de\/\"},{\"@type\":\"ListItem\",\"position\":2,\"name\":\"Entdecken Sie Rhodos\",\"item\":\"https:\/\/www.elysium.gr\/de\/discover-rhodes\/\"},{\"@type\":\"ListItem\",\"position\":3,\"name\":\"Rest Der Insel\",\"item\":\"https:\/\/www.elysium.gr\/de\/discover-rhodes\/rest-of-the-island\/\"},{\"@type\":\"ListItem\",\"position\":4,\"name\":\"Akropolis von Lindos\"}]},{\"@type\":\"WebSite\",\"@id\":\"https:\/\/www.elysium.gr\/#website\",\"url\":\"https:\/\/www.elysium.gr\/\",\"name\":\"Elysium Resort &amp; Spa\",\"description\":\"Elysium Resort and Spa is among Rhodes finest five star hotels. It enjoys a premier beach front location at Kallithea bay, offering luxurious accommodation and exclusive leisure and spa facilities.\",\"potentialAction\":[{\"@type\":\"SearchAction\",\"target\":{\"@type\":\"EntryPoint\",\"urlTemplate\":\"https:\/\/www.elysium.gr\/?s={search_term_string}\"},\"query-input\":{\"@type\":\"PropertyValueSpecification\",\"valueRequired\":true,\"valueName\":\"search_term_string\"}}],\"inLanguage\":\"de\"}]}<\/script>\n<!-- \/ Yoast SEO plugin. -->","yoast_head_json":{"title":"Akropolis von Lindos - Elysium Resort &amp; Spa","robots":{"index":"index","follow":"follow","max-snippet":"max-snippet:-1","max-image-preview":"max-image-preview:large","max-video-preview":"max-video-preview:-1"},"canonical":"https:\/\/www.elysium.gr\/de\/discover-rhodes\/rest-of-the-island\/acropolis-of-lindos\/","og_locale":"de_DE","og_type":"article","og_title":"Akropolis von Lindos - Elysium Resort &amp; Spa","og_description":"Die Akropolis von Lindos mit dem zu Ihren F\u00fcssen liegenden malerischen gleichnamigen Dorf, ist ein absolutes \u201amuss\u2018 w\u00e4hrend Ihres Aufenthaltes auf Rhodos. 45 km von Rhodos Stadt entfernt, in einer wundersch\u00f6nen Bucht mit fabelhaften Sandstr\u00e4nden gelegen, beeindruckt Lindos durch seine kopfsteingepflasterten Stra\u00dfen und die wei\u00dfen H\u00e4user die sich zum Meer neigen. Bummeln Sie durch die","og_url":"https:\/\/www.elysium.gr\/de\/discover-rhodes\/rest-of-the-island\/acropolis-of-lindos\/","og_site_name":"Elysium Resort &amp; Spa","article_modified_time":"2019-05-23T13:18:07+00:00","og_image":[{"width":1919,"height":1274,"url":"https:\/\/www.elysium.gr\/app\/uploads\/sites\/11\/2019\/05\/Acropolis_Lindos_Rhodes_1.jpeg","type":"image\/jpeg"}],"twitter_card":"summary_large_image","twitter_misc":{"Est. reading time":"1\u00a0Minute"},"schema":{"@context":"https:\/\/schema.org","@graph":[{"@type":"WebPage","@id":"https:\/\/www.elysium.gr\/de\/discover-rhodes\/rest-of-the-island\/acropolis-of-lindos\/","url":"https:\/\/www.elysium.gr\/de\/discover-rhodes\/rest-of-the-island\/acropolis-of-lindos\/","name":"Akropolis von Lindos - Elysium Resort &amp; Spa","isPartOf":{"@id":"https:\/\/www.elysium.gr\/#website"},"primaryImageOfPage":{"@id":"https:\/\/www.elysium.gr\/de\/discover-rhodes\/rest-of-the-island\/acropolis-of-lindos\/#primaryimage"},"image":{"@id":"https:\/\/www.elysium.gr\/de\/discover-rhodes\/rest-of-the-island\/acropolis-of-lindos\/#primaryimage"},"thumbnailUrl":"https:\/\/www.elysium.gr\/app\/uploads\/sites\/11\/2019\/05\/Acropolis_Lindos_Rhodes_1.jpeg","datePublished":"2019-05-03T10:40:50+00:00","dateModified":"2019-05-23T13:18:07+00:00","breadcrumb":{"@id":"https:\/\/www.elysium.gr\/de\/discover-rhodes\/rest-of-the-island\/acropolis-of-lindos\/#breadcrumb"},"inLanguage":"de","potentialAction":[{"@type":"ReadAction","target":["https:\/\/www.elysium.gr\/de\/discover-rhodes\/rest-of-the-island\/acropolis-of-lindos\/"]}]},{"@type":"ImageObject","inLanguage":"de","@id":"https:\/\/www.elysium.gr\/de\/discover-rhodes\/rest-of-the-island\/acropolis-of-lindos\/#primaryimage","url":"https:\/\/www.elysium.gr\/app\/uploads\/sites\/11\/2019\/05\/Acropolis_Lindos_Rhodes_1.jpeg","contentUrl":"https:\/\/www.elysium.gr\/app\/uploads\/sites\/11\/2019\/05\/Acropolis_Lindos_Rhodes_1.jpeg","width":1919,"height":1274},{"@type":"BreadcrumbList","@id":"https:\/\/www.elysium.gr\/de\/discover-rhodes\/rest-of-the-island\/acropolis-of-lindos\/#breadcrumb","itemListElement":[{"@type":"ListItem","position":1,"name":"Home","item":"https:\/\/www.elysium.gr\/de\/"},{"@type":"ListItem","position":2,"name":"Entdecken Sie Rhodos","item":"https:\/\/www.elysium.gr\/de\/discover-rhodes\/"},{"@type":"ListItem","position":3,"name":"Rest Der Insel","item":"https:\/\/www.elysium.gr\/de\/discover-rhodes\/rest-of-the-island\/"},{"@type":"ListItem","position":4,"name":"Akropolis von Lindos"}]},{"@type":"WebSite","@id":"https:\/\/www.elysium.gr\/#website","url":"https:\/\/www.elysium.gr\/","name":"Elysium Resort &amp; Spa","description":"Elysium Resort and Spa is among Rhodes finest five star hotels. It enjoys a premier beach front location at Kallithea bay, offering luxurious accommodation and exclusive leisure and spa facilities.","potentialAction":[{"@type":"SearchAction","target":{"@type":"EntryPoint","urlTemplate":"https:\/\/www.elysium.gr\/?s={search_term_string}"},"query-input":{"@type":"PropertyValueSpecification","valueRequired":true,"valueName":"search_term_string"}}],"inLanguage":"de"}]}},"_links":{"self":[{"href":"https:\/\/www.elysium.gr\/de\/wp-json\/wp\/v2\/pages\/4367"}],"collection":[{"href":"https:\/\/www.elysium.gr\/de\/wp-json\/wp\/v2\/pages"}],"about":[{"href":"https:\/\/www.elysium.gr\/de\/wp-json\/wp\/v2\/types\/page"}],"author":[{"embeddable":true,"href":"https:\/\/www.elysium.gr\/de\/wp-json\/wp\/v2\/users\/1"}],"replies":[{"embeddable":true,"href":"https:\/\/www.elysium.gr\/de\/wp-json\/wp\/v2\/comments?post=4367"}],"version-history":[{"count":2,"href":"https:\/\/www.elysium.gr\/de\/wp-json\/wp\/v2\/pages\/4367\/revisions"}],"predecessor-version":[{"id":4379,"href":"https:\/\/www.elysium.gr\/de\/wp-json\/wp\/v2\/pages\/4367\/revisions\/4379"}],"up":[{"embeddable":true,"href":"https:\/\/www.elysium.gr\/de\/wp-json\/wp\/v2\/pages\/4213"}],"wp:featuredmedia":[{"embeddable":true,"href":"https:\/\/www.elysium.gr\/de\/wp-json\/wp\/v2\/media\/3118"}],"wp:attachment":[{"href":"https:\/\/www.elysium.gr\/de\/wp-json\/wp\/v2\/media?parent=4367"}],"curies":[{"name":"wp","href":"https:\/\/api.w.org\/{rel}","templated":true}]}}