{"id":4291,"date":"2019-05-03T13:45:41","date_gmt":"2019-05-03T10:45:41","guid":{"rendered":"http:\/\/harmony.cms4.nelios.com\/hotel-location\/discover-rhodes\/rest-of-the-island\/monolithos-castle\/"},"modified":"2019-05-23T15:47:41","modified_gmt":"2019-05-23T12:47:41","slug":"monolithos-castle","status":"publish","type":"page","link":"https:\/\/www.elysium.gr\/de\/discover-rhodes\/rest-of-the-island\/monolithos-castle\/","title":{"rendered":"Burg von Monolithos"},"content":{"rendered":"<p>Kurz au\u00dferhalb des traditionellen Ortes von Monolithos, 70 km s\u00fcdwestlich von Rhodos Stadt, finden Sie eine weitere Burg im venezianischen Stil. Die Burg von Monolithos, auf einem Felsen von 100 m H\u00f6he gelegen, wurde im Jahr 1480 nach Christus von den Rittern von Rhodos errichtet, um die Insel vor Angriffen zu sch\u00fctzen. Tats\u00e4chlich ist der Pfad zur Burg so uneben, dass es nie jemandem gelang die Burg einzunehmen. Leider wurde die Burg nie bewahrt, sodass viele Teile davon nur mehr aus Ruinen bestehen. Trotzdem ein wunderbarer Nachweis auf die Mittelalterliche Geschichte von Rhodos.<\/p>\n","protected":false},"excerpt":{"rendered":"<p>Kurz au\u00dferhalb des traditionellen Ortes von Monolithos, 70 km s\u00fcdwestlich von Rhodos Stadt, finden Sie eine weitere Burg im venezianischen Stil. Die Burg von Monolithos, auf einem Felsen von 100 m H\u00f6he gelegen, wurde im Jahr 1480 nach Christus von den Rittern von Rhodos errichtet, um die Insel vor Angriffen zu sch\u00fctzen. Tats\u00e4chlich ist der<\/p>\n","protected":false},"author":1,"featured_media":2901,"parent":4213,"menu_order":0,"comment_status":"closed","ping_status":"closed","template":"","meta":{"_acf_changed":false,"footnotes":""},"class_list":["post-4291","page","type-page","status-publish","has-post-thumbnail","hentry"],"acf":[],"yoast_head":"<!-- This site is optimized with the Yoast SEO plugin v26.9 - https:\/\/yoast.com\/product\/yoast-seo-wordpress\/ -->\n<title>Burg von Monolithos - Elysium Resort &amp; Spa<\/title>\n<meta name=\"robots\" content=\"index, follow, max-snippet:-1, max-image-preview:large, max-video-preview:-1\" \/>\n<link rel=\"canonical\" href=\"https:\/\/www.elysium.gr\/de\/discover-rhodes\/rest-of-the-island\/monolithos-castle\/\" \/>\n<meta property=\"og:locale\" content=\"de_DE\" \/>\n<meta property=\"og:type\" content=\"article\" \/>\n<meta property=\"og:title\" content=\"Burg von Monolithos - Elysium Resort &amp; Spa\" \/>\n<meta property=\"og:description\" content=\"Kurz au\u00dferhalb des traditionellen Ortes von Monolithos, 70 km s\u00fcdwestlich von Rhodos Stadt, finden Sie eine weitere Burg im venezianischen Stil. Die Burg von Monolithos, auf einem Felsen von 100 m H\u00f6he gelegen, wurde im Jahr 1480 nach Christus von den Rittern von Rhodos errichtet, um die Insel vor Angriffen zu sch\u00fctzen. Tats\u00e4chlich ist der\" \/>\n<meta property=\"og:url\" content=\"https:\/\/www.elysium.gr\/de\/discover-rhodes\/rest-of-the-island\/monolithos-castle\/\" \/>\n<meta property=\"og:site_name\" content=\"Elysium Resort &amp; Spa\" \/>\n<meta property=\"article:modified_time\" content=\"2019-05-23T12:47:41+00:00\" \/>\n<meta property=\"og:image\" content=\"https:\/\/www.elysium.gr\/app\/uploads\/sites\/11\/2019\/05\/Monolithos_castle.jpeg\" \/>\n\t<meta property=\"og:image:width\" content=\"1919\" \/>\n\t<meta property=\"og:image:height\" content=\"1439\" \/>\n\t<meta property=\"og:image:type\" content=\"image\/jpeg\" \/>\n<meta name=\"twitter:card\" content=\"summary_large_image\" \/>\n<script type=\"application\/ld+json\" class=\"yoast-schema-graph\">{\"@context\":\"https:\/\/schema.org\",\"@graph\":[{\"@type\":\"WebPage\",\"@id\":\"https:\/\/www.elysium.gr\/de\/discover-rhodes\/rest-of-the-island\/monolithos-castle\/\",\"url\":\"https:\/\/www.elysium.gr\/de\/discover-rhodes\/rest-of-the-island\/monolithos-castle\/\",\"name\":\"Burg von Monolithos - Elysium Resort &amp; Spa\",\"isPartOf\":{\"@id\":\"https:\/\/www.elysium.gr\/#website\"},\"primaryImageOfPage\":{\"@id\":\"https:\/\/www.elysium.gr\/de\/discover-rhodes\/rest-of-the-island\/monolithos-castle\/#primaryimage\"},\"image\":{\"@id\":\"https:\/\/www.elysium.gr\/de\/discover-rhodes\/rest-of-the-island\/monolithos-castle\/#primaryimage\"},\"thumbnailUrl\":\"https:\/\/www.elysium.gr\/app\/uploads\/sites\/11\/2019\/05\/Monolithos_castle.jpeg\",\"datePublished\":\"2019-05-03T10:45:41+00:00\",\"dateModified\":\"2019-05-23T12:47:41+00:00\",\"breadcrumb\":{\"@id\":\"https:\/\/www.elysium.gr\/de\/discover-rhodes\/rest-of-the-island\/monolithos-castle\/#breadcrumb\"},\"inLanguage\":\"de\",\"potentialAction\":[{\"@type\":\"ReadAction\",\"target\":[\"https:\/\/www.elysium.gr\/de\/discover-rhodes\/rest-of-the-island\/monolithos-castle\/\"]}]},{\"@type\":\"ImageObject\",\"inLanguage\":\"de\",\"@id\":\"https:\/\/www.elysium.gr\/de\/discover-rhodes\/rest-of-the-island\/monolithos-castle\/#primaryimage\",\"url\":\"https:\/\/www.elysium.gr\/app\/uploads\/sites\/11\/2019\/05\/Monolithos_castle.jpeg\",\"contentUrl\":\"https:\/\/www.elysium.gr\/app\/uploads\/sites\/11\/2019\/05\/Monolithos_castle.jpeg\",\"width\":1919,\"height\":1439},{\"@type\":\"BreadcrumbList\",\"@id\":\"https:\/\/www.elysium.gr\/de\/discover-rhodes\/rest-of-the-island\/monolithos-castle\/#breadcrumb\",\"itemListElement\":[{\"@type\":\"ListItem\",\"position\":1,\"name\":\"Home\",\"item\":\"https:\/\/www.elysium.gr\/de\/\"},{\"@type\":\"ListItem\",\"position\":2,\"name\":\"Entdecken Sie Rhodos\",\"item\":\"https:\/\/www.elysium.gr\/de\/discover-rhodes\/\"},{\"@type\":\"ListItem\",\"position\":3,\"name\":\"Rest Der Insel\",\"item\":\"https:\/\/www.elysium.gr\/de\/discover-rhodes\/rest-of-the-island\/\"},{\"@type\":\"ListItem\",\"position\":4,\"name\":\"Burg von Monolithos\"}]},{\"@type\":\"WebSite\",\"@id\":\"https:\/\/www.elysium.gr\/#website\",\"url\":\"https:\/\/www.elysium.gr\/\",\"name\":\"Elysium Resort &amp; Spa\",\"description\":\"Elysium Resort and Spa is among Rhodes finest five star hotels. It enjoys a premier beach front location at Kallithea bay, offering luxurious accommodation and exclusive leisure and spa facilities.\",\"potentialAction\":[{\"@type\":\"SearchAction\",\"target\":{\"@type\":\"EntryPoint\",\"urlTemplate\":\"https:\/\/www.elysium.gr\/?s={search_term_string}\"},\"query-input\":{\"@type\":\"PropertyValueSpecification\",\"valueRequired\":true,\"valueName\":\"search_term_string\"}}],\"inLanguage\":\"de\"}]}<\/script>\n<!-- \/ Yoast SEO plugin. -->","yoast_head_json":{"title":"Burg von Monolithos - Elysium Resort &amp; Spa","robots":{"index":"index","follow":"follow","max-snippet":"max-snippet:-1","max-image-preview":"max-image-preview:large","max-video-preview":"max-video-preview:-1"},"canonical":"https:\/\/www.elysium.gr\/de\/discover-rhodes\/rest-of-the-island\/monolithos-castle\/","og_locale":"de_DE","og_type":"article","og_title":"Burg von Monolithos - Elysium Resort &amp; Spa","og_description":"Kurz au\u00dferhalb des traditionellen Ortes von Monolithos, 70 km s\u00fcdwestlich von Rhodos Stadt, finden Sie eine weitere Burg im venezianischen Stil. Die Burg von Monolithos, auf einem Felsen von 100 m H\u00f6he gelegen, wurde im Jahr 1480 nach Christus von den Rittern von Rhodos errichtet, um die Insel vor Angriffen zu sch\u00fctzen. Tats\u00e4chlich ist der","og_url":"https:\/\/www.elysium.gr\/de\/discover-rhodes\/rest-of-the-island\/monolithos-castle\/","og_site_name":"Elysium Resort &amp; Spa","article_modified_time":"2019-05-23T12:47:41+00:00","og_image":[{"width":1919,"height":1439,"url":"https:\/\/www.elysium.gr\/app\/uploads\/sites\/11\/2019\/05\/Monolithos_castle.jpeg","type":"image\/jpeg"}],"twitter_card":"summary_large_image","schema":{"@context":"https:\/\/schema.org","@graph":[{"@type":"WebPage","@id":"https:\/\/www.elysium.gr\/de\/discover-rhodes\/rest-of-the-island\/monolithos-castle\/","url":"https:\/\/www.elysium.gr\/de\/discover-rhodes\/rest-of-the-island\/monolithos-castle\/","name":"Burg von Monolithos - Elysium Resort &amp; Spa","isPartOf":{"@id":"https:\/\/www.elysium.gr\/#website"},"primaryImageOfPage":{"@id":"https:\/\/www.elysium.gr\/de\/discover-rhodes\/rest-of-the-island\/monolithos-castle\/#primaryimage"},"image":{"@id":"https:\/\/www.elysium.gr\/de\/discover-rhodes\/rest-of-the-island\/monolithos-castle\/#primaryimage"},"thumbnailUrl":"https:\/\/www.elysium.gr\/app\/uploads\/sites\/11\/2019\/05\/Monolithos_castle.jpeg","datePublished":"2019-05-03T10:45:41+00:00","dateModified":"2019-05-23T12:47:41+00:00","breadcrumb":{"@id":"https:\/\/www.elysium.gr\/de\/discover-rhodes\/rest-of-the-island\/monolithos-castle\/#breadcrumb"},"inLanguage":"de","potentialAction":[{"@type":"ReadAction","target":["https:\/\/www.elysium.gr\/de\/discover-rhodes\/rest-of-the-island\/monolithos-castle\/"]}]},{"@type":"ImageObject","inLanguage":"de","@id":"https:\/\/www.elysium.gr\/de\/discover-rhodes\/rest-of-the-island\/monolithos-castle\/#primaryimage","url":"https:\/\/www.elysium.gr\/app\/uploads\/sites\/11\/2019\/05\/Monolithos_castle.jpeg","contentUrl":"https:\/\/www.elysium.gr\/app\/uploads\/sites\/11\/2019\/05\/Monolithos_castle.jpeg","width":1919,"height":1439},{"@type":"BreadcrumbList","@id":"https:\/\/www.elysium.gr\/de\/discover-rhodes\/rest-of-the-island\/monolithos-castle\/#breadcrumb","itemListElement":[{"@type":"ListItem","position":1,"name":"Home","item":"https:\/\/www.elysium.gr\/de\/"},{"@type":"ListItem","position":2,"name":"Entdecken Sie Rhodos","item":"https:\/\/www.elysium.gr\/de\/discover-rhodes\/"},{"@type":"ListItem","position":3,"name":"Rest Der Insel","item":"https:\/\/www.elysium.gr\/de\/discover-rhodes\/rest-of-the-island\/"},{"@type":"ListItem","position":4,"name":"Burg von Monolithos"}]},{"@type":"WebSite","@id":"https:\/\/www.elysium.gr\/#website","url":"https:\/\/www.elysium.gr\/","name":"Elysium Resort &amp; Spa","description":"Elysium Resort and Spa is among Rhodes finest five star hotels. It enjoys a premier beach front location at Kallithea bay, offering luxurious accommodation and exclusive leisure and spa facilities.","potentialAction":[{"@type":"SearchAction","target":{"@type":"EntryPoint","urlTemplate":"https:\/\/www.elysium.gr\/?s={search_term_string}"},"query-input":{"@type":"PropertyValueSpecification","valueRequired":true,"valueName":"search_term_string"}}],"inLanguage":"de"}]}},"_links":{"self":[{"href":"https:\/\/www.elysium.gr\/de\/wp-json\/wp\/v2\/pages\/4291"}],"collection":[{"href":"https:\/\/www.elysium.gr\/de\/wp-json\/wp\/v2\/pages"}],"about":[{"href":"https:\/\/www.elysium.gr\/de\/wp-json\/wp\/v2\/types\/page"}],"author":[{"embeddable":true,"href":"https:\/\/www.elysium.gr\/de\/wp-json\/wp\/v2\/users\/1"}],"replies":[{"embeddable":true,"href":"https:\/\/www.elysium.gr\/de\/wp-json\/wp\/v2\/comments?post=4291"}],"version-history":[{"count":2,"href":"https:\/\/www.elysium.gr\/de\/wp-json\/wp\/v2\/pages\/4291\/revisions"}],"predecessor-version":[{"id":4297,"href":"https:\/\/www.elysium.gr\/de\/wp-json\/wp\/v2\/pages\/4291\/revisions\/4297"}],"up":[{"embeddable":true,"href":"https:\/\/www.elysium.gr\/de\/wp-json\/wp\/v2\/pages\/4213"}],"wp:featuredmedia":[{"embeddable":true,"href":"https:\/\/www.elysium.gr\/de\/wp-json\/wp\/v2\/media\/2901"}],"wp:attachment":[{"href":"https:\/\/www.elysium.gr\/de\/wp-json\/wp\/v2\/media?parent=4291"}],"curies":[{"name":"wp","href":"https:\/\/api.w.org\/{rel}","templated":true}]}}