{"id":4228,"date":"2019-05-03T16:17:24","date_gmt":"2019-05-03T13:17:24","guid":{"rendered":"http:\/\/harmony.cms4.nelios.com\/hotel-location\/discover-rhodes\/day-trips\/bus-tours-excursions\/"},"modified":"2019-05-23T15:16:37","modified_gmt":"2019-05-23T12:16:37","slug":"bus-tours-excursions","status":"publish","type":"page","link":"https:\/\/www.elysium.gr\/de\/discover-rhodes\/day-trips\/bus-tours-excursions\/","title":{"rendered":"Bus Touren \/ Ausfl\u00fcge"},"content":{"rendered":"<p>Bus Touren \/ Ausfl\u00fcge: beinhalten die Inseltour, mit Besuch des malerischen Ortes von Lindos, dem pr\u00e4chtigen Filerimos, dem Schmetterlingstal und vielen anderen Pl\u00e4tzen mit Englischsprachigen Reiseleitern (Deutsch, Franz\u00f6sisch, Schwedisch, Italienisch, Russisch und Holl\u00e4ndisch sprechende Leiter sind je nach Teilnahme anwesend).<\/p>\n","protected":false},"excerpt":{"rendered":"<p>Bus Touren \/ Ausfl\u00fcge: beinhalten die Inseltour, mit Besuch des malerischen Ortes von Lindos, dem pr\u00e4chtigen Filerimos, dem Schmetterlingstal und vielen anderen Pl\u00e4tzen mit Englischsprachigen Reiseleitern (Deutsch, Franz\u00f6sisch, Schwedisch, Italienisch, Russisch und Holl\u00e4ndisch sprechende Leiter sind je nach Teilnahme anwesend).<\/p>\n","protected":false},"author":1,"featured_media":2867,"parent":4219,"menu_order":0,"comment_status":"closed","ping_status":"closed","template":"","meta":{"_acf_changed":false,"footnotes":""},"class_list":["post-4228","page","type-page","status-publish","has-post-thumbnail","hentry"],"acf":[],"yoast_head":"<!-- This site is optimized with the Yoast SEO plugin v26.9 - https:\/\/yoast.com\/product\/yoast-seo-wordpress\/ -->\n<title>Bus Touren \/ Ausfl\u00fcge - Elysium Resort &amp; Spa<\/title>\n<meta name=\"robots\" content=\"index, follow, max-snippet:-1, max-image-preview:large, max-video-preview:-1\" \/>\n<link rel=\"canonical\" href=\"https:\/\/www.elysium.gr\/de\/discover-rhodes\/day-trips\/bus-tours-excursions\/\" \/>\n<meta property=\"og:locale\" content=\"de_DE\" \/>\n<meta property=\"og:type\" content=\"article\" \/>\n<meta property=\"og:title\" content=\"Bus Touren \/ Ausfl\u00fcge - Elysium Resort &amp; Spa\" \/>\n<meta property=\"og:description\" content=\"Bus Touren \/ Ausfl\u00fcge: beinhalten die Inseltour, mit Besuch des malerischen Ortes von Lindos, dem pr\u00e4chtigen Filerimos, dem Schmetterlingstal und vielen anderen Pl\u00e4tzen mit Englischsprachigen Reiseleitern (Deutsch, Franz\u00f6sisch, Schwedisch, Italienisch, Russisch und Holl\u00e4ndisch sprechende Leiter sind je nach Teilnahme anwesend).\" \/>\n<meta property=\"og:url\" content=\"https:\/\/www.elysium.gr\/de\/discover-rhodes\/day-trips\/bus-tours-excursions\/\" \/>\n<meta property=\"og:site_name\" content=\"Elysium Resort &amp; Spa\" \/>\n<meta property=\"article:modified_time\" content=\"2019-05-23T12:16:37+00:00\" \/>\n<meta property=\"og:image\" content=\"https:\/\/www.elysium.gr\/app\/uploads\/sites\/11\/2019\/05\/Palace_Grand_Master_Rhodes.jpg\" \/>\n\t<meta property=\"og:image:width\" content=\"1920\" \/>\n\t<meta property=\"og:image:height\" content=\"1364\" \/>\n\t<meta property=\"og:image:type\" content=\"image\/jpeg\" \/>\n<meta name=\"twitter:card\" content=\"summary_large_image\" \/>\n<script type=\"application\/ld+json\" class=\"yoast-schema-graph\">{\"@context\":\"https:\/\/schema.org\",\"@graph\":[{\"@type\":\"WebPage\",\"@id\":\"https:\/\/www.elysium.gr\/de\/discover-rhodes\/day-trips\/bus-tours-excursions\/\",\"url\":\"https:\/\/www.elysium.gr\/de\/discover-rhodes\/day-trips\/bus-tours-excursions\/\",\"name\":\"Bus Touren \/ Ausfl\u00fcge - Elysium Resort &amp; Spa\",\"isPartOf\":{\"@id\":\"https:\/\/www.elysium.gr\/#website\"},\"primaryImageOfPage\":{\"@id\":\"https:\/\/www.elysium.gr\/de\/discover-rhodes\/day-trips\/bus-tours-excursions\/#primaryimage\"},\"image\":{\"@id\":\"https:\/\/www.elysium.gr\/de\/discover-rhodes\/day-trips\/bus-tours-excursions\/#primaryimage\"},\"thumbnailUrl\":\"https:\/\/www.elysium.gr\/app\/uploads\/sites\/11\/2019\/05\/Palace_Grand_Master_Rhodes.jpg\",\"datePublished\":\"2019-05-03T13:17:24+00:00\",\"dateModified\":\"2019-05-23T12:16:37+00:00\",\"breadcrumb\":{\"@id\":\"https:\/\/www.elysium.gr\/de\/discover-rhodes\/day-trips\/bus-tours-excursions\/#breadcrumb\"},\"inLanguage\":\"de\",\"potentialAction\":[{\"@type\":\"ReadAction\",\"target\":[\"https:\/\/www.elysium.gr\/de\/discover-rhodes\/day-trips\/bus-tours-excursions\/\"]}]},{\"@type\":\"ImageObject\",\"inLanguage\":\"de\",\"@id\":\"https:\/\/www.elysium.gr\/de\/discover-rhodes\/day-trips\/bus-tours-excursions\/#primaryimage\",\"url\":\"https:\/\/www.elysium.gr\/app\/uploads\/sites\/11\/2019\/05\/Palace_Grand_Master_Rhodes.jpg\",\"contentUrl\":\"https:\/\/www.elysium.gr\/app\/uploads\/sites\/11\/2019\/05\/Palace_Grand_Master_Rhodes.jpg\",\"width\":1920,\"height\":1364},{\"@type\":\"BreadcrumbList\",\"@id\":\"https:\/\/www.elysium.gr\/de\/discover-rhodes\/day-trips\/bus-tours-excursions\/#breadcrumb\",\"itemListElement\":[{\"@type\":\"ListItem\",\"position\":1,\"name\":\"Home\",\"item\":\"https:\/\/www.elysium.gr\/de\/\"},{\"@type\":\"ListItem\",\"position\":2,\"name\":\"Entdecken Sie Rhodos\",\"item\":\"https:\/\/www.elysium.gr\/de\/discover-rhodes\/\"},{\"@type\":\"ListItem\",\"position\":3,\"name\":\"Tagesausfl\u00fcge\",\"item\":\"https:\/\/www.elysium.gr\/de\/discover-rhodes\/day-trips\/\"},{\"@type\":\"ListItem\",\"position\":4,\"name\":\"Bus Touren \/ Ausfl\u00fcge\"}]},{\"@type\":\"WebSite\",\"@id\":\"https:\/\/www.elysium.gr\/#website\",\"url\":\"https:\/\/www.elysium.gr\/\",\"name\":\"Elysium Resort &amp; Spa\",\"description\":\"Elysium Resort and Spa is among Rhodes finest five star hotels. It enjoys a premier beach front location at Kallithea bay, offering luxurious accommodation and exclusive leisure and spa facilities.\",\"potentialAction\":[{\"@type\":\"SearchAction\",\"target\":{\"@type\":\"EntryPoint\",\"urlTemplate\":\"https:\/\/www.elysium.gr\/?s={search_term_string}\"},\"query-input\":{\"@type\":\"PropertyValueSpecification\",\"valueRequired\":true,\"valueName\":\"search_term_string\"}}],\"inLanguage\":\"de\"}]}<\/script>\n<!-- \/ Yoast SEO plugin. -->","yoast_head_json":{"title":"Bus Touren \/ Ausfl\u00fcge - Elysium Resort &amp; Spa","robots":{"index":"index","follow":"follow","max-snippet":"max-snippet:-1","max-image-preview":"max-image-preview:large","max-video-preview":"max-video-preview:-1"},"canonical":"https:\/\/www.elysium.gr\/de\/discover-rhodes\/day-trips\/bus-tours-excursions\/","og_locale":"de_DE","og_type":"article","og_title":"Bus Touren \/ Ausfl\u00fcge - Elysium Resort &amp; Spa","og_description":"Bus Touren \/ Ausfl\u00fcge: beinhalten die Inseltour, mit Besuch des malerischen Ortes von Lindos, dem pr\u00e4chtigen Filerimos, dem Schmetterlingstal und vielen anderen Pl\u00e4tzen mit Englischsprachigen Reiseleitern (Deutsch, Franz\u00f6sisch, Schwedisch, Italienisch, Russisch und Holl\u00e4ndisch sprechende Leiter sind je nach Teilnahme anwesend).","og_url":"https:\/\/www.elysium.gr\/de\/discover-rhodes\/day-trips\/bus-tours-excursions\/","og_site_name":"Elysium Resort &amp; Spa","article_modified_time":"2019-05-23T12:16:37+00:00","og_image":[{"width":1920,"height":1364,"url":"https:\/\/www.elysium.gr\/app\/uploads\/sites\/11\/2019\/05\/Palace_Grand_Master_Rhodes.jpg","type":"image\/jpeg"}],"twitter_card":"summary_large_image","schema":{"@context":"https:\/\/schema.org","@graph":[{"@type":"WebPage","@id":"https:\/\/www.elysium.gr\/de\/discover-rhodes\/day-trips\/bus-tours-excursions\/","url":"https:\/\/www.elysium.gr\/de\/discover-rhodes\/day-trips\/bus-tours-excursions\/","name":"Bus Touren \/ Ausfl\u00fcge - Elysium Resort &amp; Spa","isPartOf":{"@id":"https:\/\/www.elysium.gr\/#website"},"primaryImageOfPage":{"@id":"https:\/\/www.elysium.gr\/de\/discover-rhodes\/day-trips\/bus-tours-excursions\/#primaryimage"},"image":{"@id":"https:\/\/www.elysium.gr\/de\/discover-rhodes\/day-trips\/bus-tours-excursions\/#primaryimage"},"thumbnailUrl":"https:\/\/www.elysium.gr\/app\/uploads\/sites\/11\/2019\/05\/Palace_Grand_Master_Rhodes.jpg","datePublished":"2019-05-03T13:17:24+00:00","dateModified":"2019-05-23T12:16:37+00:00","breadcrumb":{"@id":"https:\/\/www.elysium.gr\/de\/discover-rhodes\/day-trips\/bus-tours-excursions\/#breadcrumb"},"inLanguage":"de","potentialAction":[{"@type":"ReadAction","target":["https:\/\/www.elysium.gr\/de\/discover-rhodes\/day-trips\/bus-tours-excursions\/"]}]},{"@type":"ImageObject","inLanguage":"de","@id":"https:\/\/www.elysium.gr\/de\/discover-rhodes\/day-trips\/bus-tours-excursions\/#primaryimage","url":"https:\/\/www.elysium.gr\/app\/uploads\/sites\/11\/2019\/05\/Palace_Grand_Master_Rhodes.jpg","contentUrl":"https:\/\/www.elysium.gr\/app\/uploads\/sites\/11\/2019\/05\/Palace_Grand_Master_Rhodes.jpg","width":1920,"height":1364},{"@type":"BreadcrumbList","@id":"https:\/\/www.elysium.gr\/de\/discover-rhodes\/day-trips\/bus-tours-excursions\/#breadcrumb","itemListElement":[{"@type":"ListItem","position":1,"name":"Home","item":"https:\/\/www.elysium.gr\/de\/"},{"@type":"ListItem","position":2,"name":"Entdecken Sie Rhodos","item":"https:\/\/www.elysium.gr\/de\/discover-rhodes\/"},{"@type":"ListItem","position":3,"name":"Tagesausfl\u00fcge","item":"https:\/\/www.elysium.gr\/de\/discover-rhodes\/day-trips\/"},{"@type":"ListItem","position":4,"name":"Bus Touren \/ Ausfl\u00fcge"}]},{"@type":"WebSite","@id":"https:\/\/www.elysium.gr\/#website","url":"https:\/\/www.elysium.gr\/","name":"Elysium Resort &amp; Spa","description":"Elysium Resort and Spa is among Rhodes finest five star hotels. It enjoys a premier beach front location at Kallithea bay, offering luxurious accommodation and exclusive leisure and spa facilities.","potentialAction":[{"@type":"SearchAction","target":{"@type":"EntryPoint","urlTemplate":"https:\/\/www.elysium.gr\/?s={search_term_string}"},"query-input":{"@type":"PropertyValueSpecification","valueRequired":true,"valueName":"search_term_string"}}],"inLanguage":"de"}]}},"_links":{"self":[{"href":"https:\/\/www.elysium.gr\/de\/wp-json\/wp\/v2\/pages\/4228"}],"collection":[{"href":"https:\/\/www.elysium.gr\/de\/wp-json\/wp\/v2\/pages"}],"about":[{"href":"https:\/\/www.elysium.gr\/de\/wp-json\/wp\/v2\/types\/page"}],"author":[{"embeddable":true,"href":"https:\/\/www.elysium.gr\/de\/wp-json\/wp\/v2\/users\/1"}],"replies":[{"embeddable":true,"href":"https:\/\/www.elysium.gr\/de\/wp-json\/wp\/v2\/comments?post=4228"}],"version-history":[{"count":2,"href":"https:\/\/www.elysium.gr\/de\/wp-json\/wp\/v2\/pages\/4228\/revisions"}],"predecessor-version":[{"id":4239,"href":"https:\/\/www.elysium.gr\/de\/wp-json\/wp\/v2\/pages\/4228\/revisions\/4239"}],"up":[{"embeddable":true,"href":"https:\/\/www.elysium.gr\/de\/wp-json\/wp\/v2\/pages\/4219"}],"wp:featuredmedia":[{"embeddable":true,"href":"https:\/\/www.elysium.gr\/de\/wp-json\/wp\/v2\/media\/2867"}],"wp:attachment":[{"href":"https:\/\/www.elysium.gr\/de\/wp-json\/wp\/v2\/media?parent=4228"}],"curies":[{"name":"wp","href":"https:\/\/api.w.org\/{rel}","templated":true}]}}