{"id":4191,"date":"2019-05-03T12:24:41","date_gmt":"2019-05-03T09:24:41","guid":{"rendered":"http:\/\/harmony.cms4.nelios.com\/hotel-location\/discover-rhodes\/city-of-rhodes\/rhodes-catholic-church-saint-francis\/"},"modified":"2019-08-08T15:58:29","modified_gmt":"2019-08-08T12:58:29","slug":"rhodes-catholic-church-saint-francis","status":"publish","type":"page","link":"https:\/\/www.elysium.gr\/de\/discover-rhodes\/city-of-rhodes\/rhodes-catholic-church-saint-francis\/","title":{"rendered":"Katholische Kirche in Rhodos (Heiliger Franziskus)"},"content":{"rendered":"<p>Da Rhodos von etlichen Eroberern unterschiedlicher Religionen besetzt wurde ist es nat\u00fcrlich, mehrere religi\u00f6se Monumente auf der Insel zu finden. Das beliebteste unter den Katholiken ist die wundersch\u00f6ne R\u00f6misch Katholische Kirche des Heiligen Franziskus, am Homonym Platz, nur etwas au\u00dferhalb der alten Stadtmauern gelegen.<\/p>\n","protected":false},"excerpt":{"rendered":"<p>Da Rhodos von etlichen Eroberern unterschiedlicher Religionen besetzt wurde ist es nat\u00fcrlich, mehrere religi\u00f6se Monumente auf der Insel zu finden. Das beliebteste unter den Katholiken ist die wundersch\u00f6ne R\u00f6misch Katholische Kirche des Heiligen Franziskus, am Homonym Platz, nur etwas au\u00dferhalb der alten Stadtmauern gelegen.<\/p>\n","protected":false},"author":1,"featured_media":2525,"parent":4099,"menu_order":0,"comment_status":"closed","ping_status":"closed","template":"","meta":{"_acf_changed":false,"footnotes":""},"class_list":["post-4191","page","type-page","status-publish","has-post-thumbnail","hentry"],"acf":[],"yoast_head":"<!-- This site is optimized with the Yoast SEO plugin v26.9 - https:\/\/yoast.com\/product\/yoast-seo-wordpress\/ -->\n<title>Katholische Kirche in Rhodos (Heiliger Franziskus) - Elysium Resort &amp; Spa<\/title>\n<meta name=\"robots\" content=\"index, follow, max-snippet:-1, max-image-preview:large, max-video-preview:-1\" \/>\n<link rel=\"canonical\" href=\"https:\/\/www.elysium.gr\/de\/discover-rhodes\/city-of-rhodes\/rhodes-catholic-church-saint-francis\/\" \/>\n<meta property=\"og:locale\" content=\"de_DE\" \/>\n<meta property=\"og:type\" content=\"article\" \/>\n<meta property=\"og:title\" content=\"Katholische Kirche in Rhodos (Heiliger Franziskus) - Elysium Resort &amp; Spa\" \/>\n<meta property=\"og:description\" content=\"Da Rhodos von etlichen Eroberern unterschiedlicher Religionen besetzt wurde ist es nat\u00fcrlich, mehrere religi\u00f6se Monumente auf der Insel zu finden. Das beliebteste unter den Katholiken ist die wundersch\u00f6ne R\u00f6misch Katholische Kirche des Heiligen Franziskus, am Homonym Platz, nur etwas au\u00dferhalb der alten Stadtmauern gelegen.\" \/>\n<meta property=\"og:url\" content=\"https:\/\/www.elysium.gr\/de\/discover-rhodes\/city-of-rhodes\/rhodes-catholic-church-saint-francis\/\" \/>\n<meta property=\"og:site_name\" content=\"Elysium Resort &amp; Spa\" \/>\n<meta property=\"article:modified_time\" content=\"2019-08-08T12:58:29+00:00\" \/>\n<meta property=\"og:image\" content=\"https:\/\/www.elysium.gr\/app\/uploads\/sites\/11\/2019\/05\/Francis_of_Assisi_in_Rhodes_P8220652-450x600.jpeg\" \/>\n\t<meta property=\"og:image:width\" content=\"450\" \/>\n\t<meta property=\"og:image:height\" content=\"600\" \/>\n\t<meta property=\"og:image:type\" content=\"image\/jpeg\" \/>\n<meta name=\"twitter:card\" content=\"summary_large_image\" \/>\n<script type=\"application\/ld+json\" class=\"yoast-schema-graph\">{\"@context\":\"https:\/\/schema.org\",\"@graph\":[{\"@type\":\"WebPage\",\"@id\":\"https:\/\/www.elysium.gr\/de\/discover-rhodes\/city-of-rhodes\/rhodes-catholic-church-saint-francis\/\",\"url\":\"https:\/\/www.elysium.gr\/de\/discover-rhodes\/city-of-rhodes\/rhodes-catholic-church-saint-francis\/\",\"name\":\"Katholische Kirche in Rhodos (Heiliger Franziskus) - Elysium Resort &amp; Spa\",\"isPartOf\":{\"@id\":\"https:\/\/www.elysium.gr\/#website\"},\"primaryImageOfPage\":{\"@id\":\"https:\/\/www.elysium.gr\/de\/discover-rhodes\/city-of-rhodes\/rhodes-catholic-church-saint-francis\/#primaryimage\"},\"image\":{\"@id\":\"https:\/\/www.elysium.gr\/de\/discover-rhodes\/city-of-rhodes\/rhodes-catholic-church-saint-francis\/#primaryimage\"},\"thumbnailUrl\":\"https:\/\/www.elysium.gr\/app\/uploads\/sites\/11\/2019\/05\/Francis_of_Assisi_in_Rhodes_P8220652.jpeg\",\"datePublished\":\"2019-05-03T09:24:41+00:00\",\"dateModified\":\"2019-08-08T12:58:29+00:00\",\"breadcrumb\":{\"@id\":\"https:\/\/www.elysium.gr\/de\/discover-rhodes\/city-of-rhodes\/rhodes-catholic-church-saint-francis\/#breadcrumb\"},\"inLanguage\":\"de\",\"potentialAction\":[{\"@type\":\"ReadAction\",\"target\":[\"https:\/\/www.elysium.gr\/de\/discover-rhodes\/city-of-rhodes\/rhodes-catholic-church-saint-francis\/\"]}]},{\"@type\":\"ImageObject\",\"inLanguage\":\"de\",\"@id\":\"https:\/\/www.elysium.gr\/de\/discover-rhodes\/city-of-rhodes\/rhodes-catholic-church-saint-francis\/#primaryimage\",\"url\":\"https:\/\/www.elysium.gr\/app\/uploads\/sites\/11\/2019\/05\/Francis_of_Assisi_in_Rhodes_P8220652.jpeg\",\"contentUrl\":\"https:\/\/www.elysium.gr\/app\/uploads\/sites\/11\/2019\/05\/Francis_of_Assisi_in_Rhodes_P8220652.jpeg\",\"width\":1920,\"height\":2560},{\"@type\":\"BreadcrumbList\",\"@id\":\"https:\/\/www.elysium.gr\/de\/discover-rhodes\/city-of-rhodes\/rhodes-catholic-church-saint-francis\/#breadcrumb\",\"itemListElement\":[{\"@type\":\"ListItem\",\"position\":1,\"name\":\"Home\",\"item\":\"https:\/\/www.elysium.gr\/de\/\"},{\"@type\":\"ListItem\",\"position\":2,\"name\":\"Entdecken Sie Rhodos\",\"item\":\"https:\/\/www.elysium.gr\/de\/discover-rhodes\/\"},{\"@type\":\"ListItem\",\"position\":3,\"name\":\"Stadt Rhodos\",\"item\":\"https:\/\/www.elysium.gr\/de\/discover-rhodes\/city-of-rhodes\/\"},{\"@type\":\"ListItem\",\"position\":4,\"name\":\"Katholische Kirche in Rhodos (Heiliger Franziskus)\"}]},{\"@type\":\"WebSite\",\"@id\":\"https:\/\/www.elysium.gr\/#website\",\"url\":\"https:\/\/www.elysium.gr\/\",\"name\":\"Elysium Resort &amp; Spa\",\"description\":\"Elysium Resort and Spa is among Rhodes finest five star hotels. It enjoys a premier beach front location at Kallithea bay, offering luxurious accommodation and exclusive leisure and spa facilities.\",\"potentialAction\":[{\"@type\":\"SearchAction\",\"target\":{\"@type\":\"EntryPoint\",\"urlTemplate\":\"https:\/\/www.elysium.gr\/?s={search_term_string}\"},\"query-input\":{\"@type\":\"PropertyValueSpecification\",\"valueRequired\":true,\"valueName\":\"search_term_string\"}}],\"inLanguage\":\"de\"}]}<\/script>\n<!-- \/ Yoast SEO plugin. -->","yoast_head_json":{"title":"Katholische Kirche in Rhodos (Heiliger Franziskus) - Elysium Resort &amp; Spa","robots":{"index":"index","follow":"follow","max-snippet":"max-snippet:-1","max-image-preview":"max-image-preview:large","max-video-preview":"max-video-preview:-1"},"canonical":"https:\/\/www.elysium.gr\/de\/discover-rhodes\/city-of-rhodes\/rhodes-catholic-church-saint-francis\/","og_locale":"de_DE","og_type":"article","og_title":"Katholische Kirche in Rhodos (Heiliger Franziskus) - Elysium Resort &amp; Spa","og_description":"Da Rhodos von etlichen Eroberern unterschiedlicher Religionen besetzt wurde ist es nat\u00fcrlich, mehrere religi\u00f6se Monumente auf der Insel zu finden. Das beliebteste unter den Katholiken ist die wundersch\u00f6ne R\u00f6misch Katholische Kirche des Heiligen Franziskus, am Homonym Platz, nur etwas au\u00dferhalb der alten Stadtmauern gelegen.","og_url":"https:\/\/www.elysium.gr\/de\/discover-rhodes\/city-of-rhodes\/rhodes-catholic-church-saint-francis\/","og_site_name":"Elysium Resort &amp; Spa","article_modified_time":"2019-08-08T12:58:29+00:00","og_image":[{"width":450,"height":600,"url":"https:\/\/www.elysium.gr\/app\/uploads\/sites\/11\/2019\/05\/Francis_of_Assisi_in_Rhodes_P8220652-450x600.jpeg","type":"image\/jpeg"}],"twitter_card":"summary_large_image","schema":{"@context":"https:\/\/schema.org","@graph":[{"@type":"WebPage","@id":"https:\/\/www.elysium.gr\/de\/discover-rhodes\/city-of-rhodes\/rhodes-catholic-church-saint-francis\/","url":"https:\/\/www.elysium.gr\/de\/discover-rhodes\/city-of-rhodes\/rhodes-catholic-church-saint-francis\/","name":"Katholische Kirche in Rhodos (Heiliger Franziskus) - Elysium Resort &amp; Spa","isPartOf":{"@id":"https:\/\/www.elysium.gr\/#website"},"primaryImageOfPage":{"@id":"https:\/\/www.elysium.gr\/de\/discover-rhodes\/city-of-rhodes\/rhodes-catholic-church-saint-francis\/#primaryimage"},"image":{"@id":"https:\/\/www.elysium.gr\/de\/discover-rhodes\/city-of-rhodes\/rhodes-catholic-church-saint-francis\/#primaryimage"},"thumbnailUrl":"https:\/\/www.elysium.gr\/app\/uploads\/sites\/11\/2019\/05\/Francis_of_Assisi_in_Rhodes_P8220652.jpeg","datePublished":"2019-05-03T09:24:41+00:00","dateModified":"2019-08-08T12:58:29+00:00","breadcrumb":{"@id":"https:\/\/www.elysium.gr\/de\/discover-rhodes\/city-of-rhodes\/rhodes-catholic-church-saint-francis\/#breadcrumb"},"inLanguage":"de","potentialAction":[{"@type":"ReadAction","target":["https:\/\/www.elysium.gr\/de\/discover-rhodes\/city-of-rhodes\/rhodes-catholic-church-saint-francis\/"]}]},{"@type":"ImageObject","inLanguage":"de","@id":"https:\/\/www.elysium.gr\/de\/discover-rhodes\/city-of-rhodes\/rhodes-catholic-church-saint-francis\/#primaryimage","url":"https:\/\/www.elysium.gr\/app\/uploads\/sites\/11\/2019\/05\/Francis_of_Assisi_in_Rhodes_P8220652.jpeg","contentUrl":"https:\/\/www.elysium.gr\/app\/uploads\/sites\/11\/2019\/05\/Francis_of_Assisi_in_Rhodes_P8220652.jpeg","width":1920,"height":2560},{"@type":"BreadcrumbList","@id":"https:\/\/www.elysium.gr\/de\/discover-rhodes\/city-of-rhodes\/rhodes-catholic-church-saint-francis\/#breadcrumb","itemListElement":[{"@type":"ListItem","position":1,"name":"Home","item":"https:\/\/www.elysium.gr\/de\/"},{"@type":"ListItem","position":2,"name":"Entdecken Sie Rhodos","item":"https:\/\/www.elysium.gr\/de\/discover-rhodes\/"},{"@type":"ListItem","position":3,"name":"Stadt Rhodos","item":"https:\/\/www.elysium.gr\/de\/discover-rhodes\/city-of-rhodes\/"},{"@type":"ListItem","position":4,"name":"Katholische Kirche in Rhodos (Heiliger Franziskus)"}]},{"@type":"WebSite","@id":"https:\/\/www.elysium.gr\/#website","url":"https:\/\/www.elysium.gr\/","name":"Elysium Resort &amp; Spa","description":"Elysium Resort and Spa is among Rhodes finest five star hotels. It enjoys a premier beach front location at Kallithea bay, offering luxurious accommodation and exclusive leisure and spa facilities.","potentialAction":[{"@type":"SearchAction","target":{"@type":"EntryPoint","urlTemplate":"https:\/\/www.elysium.gr\/?s={search_term_string}"},"query-input":{"@type":"PropertyValueSpecification","valueRequired":true,"valueName":"search_term_string"}}],"inLanguage":"de"}]}},"_links":{"self":[{"href":"https:\/\/www.elysium.gr\/de\/wp-json\/wp\/v2\/pages\/4191"}],"collection":[{"href":"https:\/\/www.elysium.gr\/de\/wp-json\/wp\/v2\/pages"}],"about":[{"href":"https:\/\/www.elysium.gr\/de\/wp-json\/wp\/v2\/types\/page"}],"author":[{"embeddable":true,"href":"https:\/\/www.elysium.gr\/de\/wp-json\/wp\/v2\/users\/1"}],"replies":[{"embeddable":true,"href":"https:\/\/www.elysium.gr\/de\/wp-json\/wp\/v2\/comments?post=4191"}],"version-history":[{"count":3,"href":"https:\/\/www.elysium.gr\/de\/wp-json\/wp\/v2\/pages\/4191\/revisions"}],"predecessor-version":[{"id":4698,"href":"https:\/\/www.elysium.gr\/de\/wp-json\/wp\/v2\/pages\/4191\/revisions\/4698"}],"up":[{"embeddable":true,"href":"https:\/\/www.elysium.gr\/de\/wp-json\/wp\/v2\/pages\/4099"}],"wp:featuredmedia":[{"embeddable":true,"href":"https:\/\/www.elysium.gr\/de\/wp-json\/wp\/v2\/media\/2525"}],"wp:attachment":[{"href":"https:\/\/www.elysium.gr\/de\/wp-json\/wp\/v2\/media?parent=4191"}],"curies":[{"name":"wp","href":"https:\/\/api.w.org\/{rel}","templated":true}]}}