{"id":4005,"date":"2019-04-09T12:06:39","date_gmt":"2019-04-09T09:06:39","guid":{"rendered":"http:\/\/harmony.cms4.nelios.com\/elysium-experiences\/spa\/"},"modified":"2025-06-04T08:49:52","modified_gmt":"2025-06-04T06:49:52","slug":"spa","status":"publish","type":"page","link":"https:\/\/www.elysium.gr\/de\/spa\/","title":{"rendered":"Serenity Spa"},"content":{"rendered":"<h2><span style=\"color: #baa789;\">ENTSPANNEN, VERJ\u00dcNGEN UND REVITALISIEREN<\/span><\/h2>\n<p>Unser Ziel, im Elysium Resort &amp; Spa, ist es, unseren G\u00e4sten zu helfen, wieder zu Ihrem Gleichgewicht zur\u00fcck zu finden. Dies wird durch eine Reihe von Behandlungen und Aktivit\u00e4ten, welche individuell auf die k\u00f6rperliche Verfassung jedes Einzelnen abgestimmt werden, erreicht.<\/p>\n<p>Im Serenity Spa ist jedes Detail ein wichtiger Teil des Gesamterlebnisses. Jeder Sinn wird angesprochen durch die Rituale, die jede Behandlung begleiten, bis hin zu den exklusiv hochwertigen Aromatherapie Produkten aus feinsten Zutaten, vom Kaktus bis hin zur Blume.<\/p>\n<p>In Betracht auf die vielen unterschiedlichen Weisen, wie jeder einzelne auf Stress reagiert, dreht sich die gesamte Spa Philosophie um drei S\u00e4ulen: entspannen, verj\u00fcngen, revitalisieren. G\u00e4ste k\u00f6nnen durch das gesamte Serenity Spa Erlebnis reisen, beginnend mit Entspannung von K\u00f6rper und Geist, um nerv\u00f6se Verspannungen zu l\u00f6sen und Schlafmuster zu verbessern. Einmal entspannt, sind K\u00f6rper, Geist und Haut bereit durch reinigende Behandlungen zu verj\u00fcngen. Zum Abschluss zielen die revitalisierenden Anwendungen auf die Steigerung der Energieebenen ab, resultierend in einem Gef\u00fchl wieder erlangter Vitalit\u00e4t und des Wohlbefindens.<\/p>\n<p>Das Elysium Resort &amp; Spa ist eines der drei Hotels in Griechenland und das einzige Wellnesshotel auf Rhodos, das <a href=\"https:\/\/www.espaskincare.com\/\" target=\"_blank\" rel=\"noopener\"><strong><span style=\"color: #baa789;\">ESPA-Produkte<\/span><\/strong><\/a> und -Behandlungen anbietet. Dies macht es zur idealen Option f\u00fcr einen perfekten Wellnessurlaub in Griechenland.<\/p>\n<p>Klicken Sie <span style=\"color: #baa789;\">\ud83d\udd17<a style=\"color: #baa789;\" href=\"https:\/\/www.elysium.gr\/app\/uploads\/sites\/11\/2025\/06\/Elysium-Rhodes-Menu-Update-2025-V2.pdf\" target=\"_blank\" rel=\"noopener\"><strong>hier<\/strong><\/a><\/span> f\u00fcr unsere Spa-Angebote!<\/p>\n<p><strong>Eintrittsregeln: <\/strong>G\u00e4ste unter <strong>16 Jahren<\/strong> d\u00fcrfen die Einrichtungen des Serenity Spa nicht betreten oder nutzen.<\/p>\n<p>Achten Sie auf dem Men\u00fc auf das <strong>&#8222;Elysium empfiehlt&#8220;***<\/strong> Symbol, um unsere beliebtesten Behandlungen zu erleben.<\/p>\n","protected":false},"excerpt":{"rendered":"<p>ENTSPANNEN, VERJ\u00dcNGEN UND REVITALISIEREN Unser Ziel, im Elysium Resort &amp; Spa, ist es, unseren G\u00e4sten zu helfen, wieder zu Ihrem Gleichgewicht zur\u00fcck zu finden. Dies wird durch eine Reihe von Behandlungen und Aktivit\u00e4ten, welche individuell auf die k\u00f6rperliche Verfassung jedes Einzelnen abgestimmt werden, erreicht. Im Serenity Spa ist jedes Detail ein wichtiger Teil des Gesamterlebnisses.<\/p>\n","protected":false},"author":8,"featured_media":3547,"parent":0,"menu_order":0,"comment_status":"closed","ping_status":"closed","template":"","meta":{"_acf_changed":false,"footnotes":""},"class_list":["post-4005","page","type-page","status-publish","has-post-thumbnail","hentry"],"acf":[],"yoast_head":"<!-- This site is optimized with the Yoast SEO plugin v26.9 - https:\/\/yoast.com\/product\/yoast-seo-wordpress\/ -->\n<title>Serenity Spa - Elysium Resort &amp; Spa<\/title>\n<meta name=\"robots\" content=\"index, follow, max-snippet:-1, max-image-preview:large, max-video-preview:-1\" \/>\n<link rel=\"canonical\" href=\"https:\/\/www.elysium.gr\/de\/spa\/\" \/>\n<meta property=\"og:locale\" content=\"de_DE\" \/>\n<meta property=\"og:type\" content=\"article\" \/>\n<meta property=\"og:title\" content=\"Serenity Spa - Elysium Resort &amp; Spa\" \/>\n<meta property=\"og:description\" content=\"ENTSPANNEN, VERJ\u00dcNGEN UND REVITALISIEREN Unser Ziel, im Elysium Resort &amp; Spa, ist es, unseren G\u00e4sten zu helfen, wieder zu Ihrem Gleichgewicht zur\u00fcck zu finden. Dies wird durch eine Reihe von Behandlungen und Aktivit\u00e4ten, welche individuell auf die k\u00f6rperliche Verfassung jedes Einzelnen abgestimmt werden, erreicht. Im Serenity Spa ist jedes Detail ein wichtiger Teil des Gesamterlebnisses.\" \/>\n<meta property=\"og:url\" content=\"https:\/\/www.elysium.gr\/de\/spa\/\" \/>\n<meta property=\"og:site_name\" content=\"Elysium Resort &amp; Spa\" \/>\n<meta property=\"article:modified_time\" content=\"2025-06-04T06:49:52+00:00\" \/>\n<meta property=\"og:image\" content=\"https:\/\/www.elysium.gr\/app\/uploads\/sites\/11\/2019\/05\/8161_Serenity_Spa_Reception_result.jpg\" \/>\n\t<meta property=\"og:image:width\" content=\"1920\" \/>\n\t<meta property=\"og:image:height\" content=\"1292\" \/>\n\t<meta property=\"og:image:type\" content=\"image\/jpeg\" \/>\n<meta name=\"twitter:card\" content=\"summary_large_image\" \/>\n<meta name=\"twitter:label1\" content=\"Est. reading time\" \/>\n\t<meta name=\"twitter:data1\" content=\"2\u00a0Minuten\" \/>\n<script type=\"application\/ld+json\" class=\"yoast-schema-graph\">{\"@context\":\"https:\/\/schema.org\",\"@graph\":[{\"@type\":\"WebPage\",\"@id\":\"https:\/\/www.elysium.gr\/de\/spa\/\",\"url\":\"https:\/\/www.elysium.gr\/de\/spa\/\",\"name\":\"Serenity Spa - Elysium Resort &amp; Spa\",\"isPartOf\":{\"@id\":\"https:\/\/www.elysium.gr\/#website\"},\"primaryImageOfPage\":{\"@id\":\"https:\/\/www.elysium.gr\/de\/spa\/#primaryimage\"},\"image\":{\"@id\":\"https:\/\/www.elysium.gr\/de\/spa\/#primaryimage\"},\"thumbnailUrl\":\"https:\/\/www.elysium.gr\/app\/uploads\/sites\/11\/2019\/05\/8161_Serenity_Spa_Reception_result.jpg\",\"datePublished\":\"2019-04-09T09:06:39+00:00\",\"dateModified\":\"2025-06-04T06:49:52+00:00\",\"breadcrumb\":{\"@id\":\"https:\/\/www.elysium.gr\/de\/spa\/#breadcrumb\"},\"inLanguage\":\"de\",\"potentialAction\":[{\"@type\":\"ReadAction\",\"target\":[\"https:\/\/www.elysium.gr\/de\/spa\/\"]}]},{\"@type\":\"ImageObject\",\"inLanguage\":\"de\",\"@id\":\"https:\/\/www.elysium.gr\/de\/spa\/#primaryimage\",\"url\":\"https:\/\/www.elysium.gr\/app\/uploads\/sites\/11\/2019\/05\/8161_Serenity_Spa_Reception_result.jpg\",\"contentUrl\":\"https:\/\/www.elysium.gr\/app\/uploads\/sites\/11\/2019\/05\/8161_Serenity_Spa_Reception_result.jpg\",\"width\":1920,\"height\":1292},{\"@type\":\"BreadcrumbList\",\"@id\":\"https:\/\/www.elysium.gr\/de\/spa\/#breadcrumb\",\"itemListElement\":[{\"@type\":\"ListItem\",\"position\":1,\"name\":\"Home\",\"item\":\"https:\/\/www.elysium.gr\/de\/\"},{\"@type\":\"ListItem\",\"position\":2,\"name\":\"Serenity Spa\"}]},{\"@type\":\"WebSite\",\"@id\":\"https:\/\/www.elysium.gr\/#website\",\"url\":\"https:\/\/www.elysium.gr\/\",\"name\":\"Elysium Resort &amp; Spa\",\"description\":\"Elysium Resort and Spa is among Rhodes finest five star hotels. It enjoys a premier beach front location at Kallithea bay, offering luxurious accommodation and exclusive leisure and spa facilities.\",\"potentialAction\":[{\"@type\":\"SearchAction\",\"target\":{\"@type\":\"EntryPoint\",\"urlTemplate\":\"https:\/\/www.elysium.gr\/?s={search_term_string}\"},\"query-input\":{\"@type\":\"PropertyValueSpecification\",\"valueRequired\":true,\"valueName\":\"search_term_string\"}}],\"inLanguage\":\"de\"}]}<\/script>\n<!-- \/ Yoast SEO plugin. -->","yoast_head_json":{"title":"Serenity Spa - Elysium Resort &amp; Spa","robots":{"index":"index","follow":"follow","max-snippet":"max-snippet:-1","max-image-preview":"max-image-preview:large","max-video-preview":"max-video-preview:-1"},"canonical":"https:\/\/www.elysium.gr\/de\/spa\/","og_locale":"de_DE","og_type":"article","og_title":"Serenity Spa - Elysium Resort &amp; Spa","og_description":"ENTSPANNEN, VERJ\u00dcNGEN UND REVITALISIEREN Unser Ziel, im Elysium Resort &amp; Spa, ist es, unseren G\u00e4sten zu helfen, wieder zu Ihrem Gleichgewicht zur\u00fcck zu finden. Dies wird durch eine Reihe von Behandlungen und Aktivit\u00e4ten, welche individuell auf die k\u00f6rperliche Verfassung jedes Einzelnen abgestimmt werden, erreicht. Im Serenity Spa ist jedes Detail ein wichtiger Teil des Gesamterlebnisses.","og_url":"https:\/\/www.elysium.gr\/de\/spa\/","og_site_name":"Elysium Resort &amp; Spa","article_modified_time":"2025-06-04T06:49:52+00:00","og_image":[{"width":1920,"height":1292,"url":"https:\/\/www.elysium.gr\/app\/uploads\/sites\/11\/2019\/05\/8161_Serenity_Spa_Reception_result.jpg","type":"image\/jpeg"}],"twitter_card":"summary_large_image","twitter_misc":{"Est. reading time":"2\u00a0Minuten"},"schema":{"@context":"https:\/\/schema.org","@graph":[{"@type":"WebPage","@id":"https:\/\/www.elysium.gr\/de\/spa\/","url":"https:\/\/www.elysium.gr\/de\/spa\/","name":"Serenity Spa - Elysium Resort &amp; Spa","isPartOf":{"@id":"https:\/\/www.elysium.gr\/#website"},"primaryImageOfPage":{"@id":"https:\/\/www.elysium.gr\/de\/spa\/#primaryimage"},"image":{"@id":"https:\/\/www.elysium.gr\/de\/spa\/#primaryimage"},"thumbnailUrl":"https:\/\/www.elysium.gr\/app\/uploads\/sites\/11\/2019\/05\/8161_Serenity_Spa_Reception_result.jpg","datePublished":"2019-04-09T09:06:39+00:00","dateModified":"2025-06-04T06:49:52+00:00","breadcrumb":{"@id":"https:\/\/www.elysium.gr\/de\/spa\/#breadcrumb"},"inLanguage":"de","potentialAction":[{"@type":"ReadAction","target":["https:\/\/www.elysium.gr\/de\/spa\/"]}]},{"@type":"ImageObject","inLanguage":"de","@id":"https:\/\/www.elysium.gr\/de\/spa\/#primaryimage","url":"https:\/\/www.elysium.gr\/app\/uploads\/sites\/11\/2019\/05\/8161_Serenity_Spa_Reception_result.jpg","contentUrl":"https:\/\/www.elysium.gr\/app\/uploads\/sites\/11\/2019\/05\/8161_Serenity_Spa_Reception_result.jpg","width":1920,"height":1292},{"@type":"BreadcrumbList","@id":"https:\/\/www.elysium.gr\/de\/spa\/#breadcrumb","itemListElement":[{"@type":"ListItem","position":1,"name":"Home","item":"https:\/\/www.elysium.gr\/de\/"},{"@type":"ListItem","position":2,"name":"Serenity Spa"}]},{"@type":"WebSite","@id":"https:\/\/www.elysium.gr\/#website","url":"https:\/\/www.elysium.gr\/","name":"Elysium Resort &amp; Spa","description":"Elysium Resort and Spa is among Rhodes finest five star hotels. It enjoys a premier beach front location at Kallithea bay, offering luxurious accommodation and exclusive leisure and spa facilities.","potentialAction":[{"@type":"SearchAction","target":{"@type":"EntryPoint","urlTemplate":"https:\/\/www.elysium.gr\/?s={search_term_string}"},"query-input":{"@type":"PropertyValueSpecification","valueRequired":true,"valueName":"search_term_string"}}],"inLanguage":"de"}]}},"_links":{"self":[{"href":"https:\/\/www.elysium.gr\/de\/wp-json\/wp\/v2\/pages\/4005"}],"collection":[{"href":"https:\/\/www.elysium.gr\/de\/wp-json\/wp\/v2\/pages"}],"about":[{"href":"https:\/\/www.elysium.gr\/de\/wp-json\/wp\/v2\/types\/page"}],"author":[{"embeddable":true,"href":"https:\/\/www.elysium.gr\/de\/wp-json\/wp\/v2\/users\/8"}],"replies":[{"embeddable":true,"href":"https:\/\/www.elysium.gr\/de\/wp-json\/wp\/v2\/comments?post=4005"}],"version-history":[{"count":11,"href":"https:\/\/www.elysium.gr\/de\/wp-json\/wp\/v2\/pages\/4005\/revisions"}],"predecessor-version":[{"id":35827,"href":"https:\/\/www.elysium.gr\/de\/wp-json\/wp\/v2\/pages\/4005\/revisions\/35827"}],"wp:featuredmedia":[{"embeddable":true,"href":"https:\/\/www.elysium.gr\/de\/wp-json\/wp\/v2\/media\/3547"}],"wp:attachment":[{"href":"https:\/\/www.elysium.gr\/de\/wp-json\/wp\/v2\/media?parent=4005"}],"curies":[{"name":"wp","href":"https:\/\/api.w.org\/{rel}","templated":true}]}}