{"id":3983,"date":"2019-05-03T15:22:13","date_gmt":"2019-05-03T12:22:13","guid":{"rendered":"http:\/\/harmony.cms4.nelios.com\/environmental-policy\/"},"modified":"2025-10-22T12:59:25","modified_gmt":"2025-10-22T10:59:25","slug":"nachhaltigkeitspolitik","status":"publish","type":"page","link":"https:\/\/www.elysium.gr\/de\/nachhaltigkeitspolitik\/","title":{"rendered":"Umweltpolitik"},"content":{"rendered":"<h2><span style=\"color: #0000ff;\">UMWELTPOLITIK<\/span><\/h2>\n<p>Das Elysium Resort &amp; Spa wurde ausschlie\u00dflich unter Ber\u00fccksichtigung des Umweltbewusstseins erbaut. Unsere Mitarbeiter wurden darin geschult, die besten Verfahrenen in den Bereichen Energie- und Wasserverbrauch, Recycling, Abfallentsorgung und Gasverbrauch einzuhalten.<\/p>\n<p>Elysium Resort &amp; Spa verf\u00fcgt derzeit \u00fcber die folgenden Umweltzertifizierungen:<\/p>\n<ul>\n<li>Travelife Gold<\/li>\n<li>Green Key-Umweltzeichen von FEE (Stiftung f\u00fcr Umwelterziehung)<\/li>\n<li>Blaue Flagge von EEPF (Griechische Stiftung f\u00fcr Naturschutz)<\/li>\n<\/ul>\n<p>Die oben genannten Zertifizierungen belegen deutlich das starke Engagement unseres Hotels f\u00fcr verantwortungsvollen Tourismus und nachhaltige Entwicklung.<\/p>\n<h3>STROMVERBRAUCH<\/h3>\n<p>Den Energieverbrauch in einem Hotel zu reduzieren, wird aufgrund der damit verbundenen hohen Investitionen oft als entmutigende Aufgabe angesehen. Trotzdem hat das Elysium gro\u00dfe Investitionen get\u00e4tigt, um seinen \u201eFu\u00dfabdruck\u201c in der Umwelt so gering wie m\u00f6glich zu halten. Energieeffiziente Fenster, auf dem letzten Stand der Technik, wurden gemeinsam mit Dachisolierungen verwendet, um den Temperaturverlust so gering wie m\u00f6glich zu halten. Ein intelligentes Geb\u00e4udemanagementsystem (BMS) wurde eingef\u00fchrt, um unser qualifiziertes Personal mit allen aktuellen Energiedaten zu versorgen. Durch die Nutzung modernster Technologie ist es uns nun m\u00f6glich den Verbrauch f\u00fcr Beleuchtung, Stromsystemen, Ventilation und Klimaanlage, Feuer- und Sicherheitssystemen zu optimieren und festzustellen, welchen Abteilungen es nicht gelingt, unsere Vorgaben zu erreichen. Voraussetzung f\u00fcr n\u00f6tige, korrigierende Ma\u00dfnahmen. Weitere Handlungen inkludieren den Gebrauch von nat\u00fcrlichem Gas (wo immer m\u00f6glich) den Einsatz von Energiesparlampen, regelm\u00e4\u00dfiges Reinigen der Fenster (um den maximalen Tageslichteinfall zu garantieren) und automatisch abschaltbare Beleuchtung w\u00e4hrend des operativen Betriebes in den Abteilungen. Intelligente Innenraum Technologie verwendet den Einsatz von Hauptschaltern mit magnetischen Schl\u00fcsseln, um unn\u00f6tigen Energieverbrauch in leeren R\u00e4umen zu verhindern und einer sensorgesteuerten Klimaanlage, im Falle offener Balkont\u00fcren.<\/p>\n<h3><strong>RECYCLING<br \/>\n<\/strong><\/h3>\n<p>In Bezug auf das Recycling haben wir folgende Ma\u00dfnahmen ergriffen:<\/p>\n<ul>\n<li>Durchf\u00fchrung\u00a0eines M\u00fclltrennungssystems<\/li>\n<li>Gebrauchtes Druckmaterial wird als Recycle Papier im t\u00e4glichen Betrieb wiederverwendet<\/li>\n<li>Einsatz von Recycling Containern und spezielle Container f\u00fcr Batterien<\/li>\n<li>Recycling von gebrauchtem Koch\u00f6l<\/li>\n<li>Nachf\u00fcllbare Druckpatronen und sichere Entsorgung von Computer Hardware Ausr\u00fcstung.<\/li>\n<\/ul>\n<p>Die umweltfreundliche Einstellung unseres Personal wurde mittels Trainings sensibilisiert. Wir ermutigen, so wenig wie m\u00f6glich zu drucken, Altpapier wieder zu verwenden und haupts\u00e4chlich \u00fcber E-mail zu kommunizieren.<\/p>\n<h3><strong>ABFALLVERWALTUNG<\/strong><\/h3>\n<p>Betreffend Abfallmanagement: wenn es f\u00fcr uns nicht m\u00f6glich ist unseren M\u00fcll zu recyceln und die biologische Behandlung recyclebaren Abfalls sicherzustellen, liefern wir diesen zu unseren Recycling Partnern.<\/p>\n<h3><strong>WASSERVERBRAUCH<\/strong><\/h3>\n<p>Der Wasserverbrauch wird vom BMS mit Sensoren und speziellen Filtern gesteuert und \u00fcberwacht, die in Wasserh\u00e4hnen in \u00f6ffentlichen Bereichen angebracht sind, um den unn\u00f6tigen Verbrauch zu reduzieren.. Tats\u00e4chlich hat unser Vorgehen eine solche Tiefe erreicht, dass wir in unseren G\u00e4rten Pflanzen verwenden, welche sehr wenig Feuchtigkeit ben\u00f6tigen, um so wieder Wasser zu sparen.<\/p>\n<h3><strong>VERWENDUNG VON BIOLOGISCH ABBAUBAREN PRODUKTEN<\/strong><\/h3>\n<p>Dar\u00fcber hinaus w\u00e4hlen wir sorgf\u00e4ltig biologisch abbaubare Produkte aus, die in unserer Haushalts- und Lebensmittel- und Getr\u00e4nkeabteilung verwendet werden, und verwenden zur Reinigung der Schwimmb\u00e4der Ionisationsger\u00e4te mit Salz (eine umweltfreundliche Alternative zu Chlor).<\/p>\n<h2><span style=\"color: #0000ff;\"><strong>NACHHALTIGKEITSRICHTLINIE\u00a0<\/strong><\/span><\/h2>\n<p>Die Manager und Eigent\u00fcmer des Elysium Resort &amp; Spa Hotels teilen das Engagement f\u00fcr eine nachhaltige Gestaltung der Zukunft der Tourismusbranche sowie des Landes, in dem das Hotel t\u00e4tig ist.<\/p>\n<p>Wir erkennen die bedeutende Rolle, die die Tourismusbranche in Bezug auf nat\u00fcrliche Ressourcen, den Klimawandel, das Humankapital, die Gastgebergemeinden und zuk\u00fcnftige Generationen spielt. Daher werden wir daran arbeiten sicherzustellen, dass das Elysium Resort &amp; Spa Hotel alle oben genannten S\u00e4ulen der Nachhaltigkeit und damit verbundene Angelegenheiten verantwortungsvoll verwaltet. Wir werden alle potenziell negativen Auswirkungen erkennen und minimieren, w\u00e4hrend wir uns darauf konzentrieren, die positiven Auswirkungen zu gew\u00e4hrleisten und zu steigern.<\/p>\n<p>Die Hauptziele im Zusammenhang mit unserer Nachhaltigkeitsrichtlinie sind:<\/p>\n<h5>1. UMWELTS\u00c4ULE<\/h5>\n<ul>\n<li>Umweltbewusstsein bei unseren G\u00e4sten erh\u00f6hen: Wir werden unsere G\u00e4ste dar\u00fcber informieren, wie sie gemeinsam mit uns unsere Nachhaltigkeitsziele erreichen k\u00f6nnen.<\/li>\n<li>Umweltbewusstsein unter unserem Personal f\u00f6rdern: Wir werden verschiedene Schulungsmethoden nutzen, um unser Personal dar\u00fcber aufzukl\u00e4ren, wie sie zur Erreichung unserer Ziele beitragen k\u00f6nnen.<\/li>\n<li>Abfallproduktion \u00fcberwachen und minimieren: Wir werden kontinuierlich die Menge an Abfall, die unser Hotel produziert, \u00fcberwachen und Ma\u00dfnahmen ergreifen, um sie zu reduzieren.<\/li>\n<li>Energie- und Wasserverbrauch \u00fcberwachen und minimieren: Wir werden den Energie- und Wasserverbrauch in unserem Hotel \u00fcberwachen und effiziente Technologien und Verfahren einf\u00fchren, um den Verbrauch zu minimieren.<\/li>\n<li>Gesetzm\u00e4\u00dfigkeit bei der Verwendung von Chemikalien sicherstellen: Wir werden sicherstellen, dass wir alle relevanten Gesetze und Vorschriften bei der Verwendung von Chemikalien einhalten und gleichzeitig den Verbrauch dieser Chemikalien \u00fcberwachen und minimieren.<\/li>\n<li>Einhaltung aller gesetzlichen Anforderungen: Wir werden sicherstellen, dass wir s\u00e4mtliche gesetzlichen Anforderungen im Zusammenhang mit Umweltschutz und Nachhaltigkeit erf\u00fcllen.<\/li>\n<\/ul>\n<p>&nbsp;<\/p>\n<h5>2. GEMEINSCHAFTSS\u00c4ULE<\/h5>\n<ul>\n<li>Gew\u00e4hrleistung offener Kommunikation mit allen Interessengruppen der Gemeinschaft: Wir werden sicherstellen, dass wir offene Kommunikationskan\u00e4le mit allen Interessengruppen in der Gemeinschaft pflegen.<\/li>\n<li>Erh\u00f6hung des Anteils an lokalem Personal:<span style=\"background-color: var(--bs-body-bg); color: var(--bs-body-color); font-family: var(--bs-body-font-family); font-size: var(--bs-body-font-size); font-weight: var(--bs-body-font-weight); text-align: var(--bs-body-text-align);\"> Wir werden Ma\u00dfnahmen ergreifen, um den Anteil des Personals aus der \u00f6rtlichen Umgebung zu erh\u00f6hen.<\/span><\/li>\n<li>Erh\u00f6hung des Anteils an lokal bezogenen Waren und Dienstleistungen:<span style=\"background-color: var(--bs-body-bg); color: var(--bs-body-color); font-family: var(--bs-body-font-family); font-size: var(--bs-body-font-size); font-weight: var(--bs-body-font-weight); text-align: var(--bs-body-text-align);\"> Wir werden den Anteil der von lokalen Anbietern bezogenen Waren und Dienstleistungen \u00fcberwachen und erh\u00f6hen.<\/span><\/li>\n<\/ul>\n<p>&nbsp;<\/p>\n<h5>3. HUMANKAPITALS\u00c4ULE<\/h5>\n<ul>\n<li>Verhinderung von Bel\u00e4stigungen und Machtmissbrauch am Arbeitsplatz: Wir setzen klare Ma\u00dfnahmen zur Verhinderung und Beseitigung von Bel\u00e4stigungen, einschlie\u00dflich sexueller Bel\u00e4stigung, am Arbeitsplatz um.<\/li>\n<li>Respektierung der Menschenrechte:<span style=\"background-color: var(--bs-body-bg); color: var(--bs-body-color); font-family: var(--bs-body-font-family); font-size: var(--bs-body-font-size); font-weight: var(--bs-body-font-weight); text-align: var(--bs-body-text-align);\"> Wir respektieren grundlegende Menschenrechte und dulden keine Verletzungen von Menschenrechten.<\/span><\/li>\n<li>Achtung der Privatsph\u00e4re:<span style=\"background-color: var(--bs-body-bg); color: var(--bs-body-color); font-family: var(--bs-body-font-family); font-size: var(--bs-body-font-size); font-weight: var(--bs-body-font-weight); text-align: var(--bs-body-text-align);\"> Wir achten die individuelle Privatsph\u00e4re unserer Mitarbeiter und G\u00e4ste.<\/span><\/li>\n<li>Nichtdiskriminierung:<span style=\"background-color: var(--bs-body-bg); color: var(--bs-body-color); font-family: var(--bs-body-font-family); font-size: var(--bs-body-font-size); font-weight: var(--bs-body-font-weight); text-align: var(--bs-body-text-align);\"> Wir verpflichten uns, jegliche Form von Diskriminierung aufgrund von Rasse, Nationalit\u00e4t, ethnischer Herkunft, Glauben, Geschlecht, Geschlechtsidentit\u00e4t, Alter, Religion, Behinderung und jeder anderen durch das anwendbare Recht gesch\u00fctzten Grundlage zu beseitigen.<\/span><\/li>\n<li>Verbot von Kinder- und Zwangsarbeit:<span style=\"background-color: var(--bs-body-bg); color: var(--bs-body-color); font-family: var(--bs-body-font-family); font-size: var(--bs-body-font-size); font-weight: var(--bs-body-font-weight); text-align: var(--bs-body-text-align);\"> Wir werden keine Kinderarbeit oder Zwangsarbeit zulassen.<\/span><\/li>\n<li>Schutz der Rechte von Kindern:<span style=\"background-color: var(--bs-body-bg); color: var(--bs-body-color); font-family: var(--bs-body-font-family); font-size: var(--bs-body-font-size); font-weight: var(--bs-body-font-weight); text-align: var(--bs-body-text-align);\"> Wir respektieren die Rechte von Kindern und sind verpflichtet, Kinder vor allgemeiner und sexueller Ausbeutung gem\u00e4\u00df der Konvention des Europarats zum Schutz von Kindern vor sexueller Ausbeutung und sexuellem Missbrauch (CETS Nr. 201) zu sch\u00fctzen.<\/span><\/li>\n<li>Meldung von Verdachtsmomenten:<span style=\"background-color: var(--bs-body-bg); color: var(--bs-body-color); font-family: var(--bs-body-font-family); font-size: var(--bs-body-font-size); font-weight: var(--bs-body-font-weight); text-align: var(--bs-body-text-align);\"> Jegliches verd\u00e4chtige Verhalten im Zusammenhang mit Ausbeutung oder Verletzung von Kinderschutzrichtlinien und -politiken wird der Gesch\u00e4ftsleitung und den relevanten Interessengruppen, einschlie\u00dflich Reiseveranstaltern, Kinderschutzorganisationen und Strafverfolgungsbeh\u00f6rden, gemeldet.<\/span><\/li>\n<\/ul>\n<p><strong>Zur Umsetzung unserer Nachhaltigkeitsrichtlinie und zur Gew\u00e4hrleistung dieser Grunds\u00e4tze werden wir:<\/strong><\/p>\n<ul>\n<li>J\u00e4hrliche Schulung des Personals: Unser Personal wird j\u00e4hrlich in allen relevanten Angelegenheiten geschult.<\/li>\n<li>Bereitstellung von Mitteln f\u00fcr vertrauliche Berichterstattung: Wir stellen Mittel f\u00fcr die vertrauliche Berichterstattung zu relevanten Angelegenheiten bereit.<\/li>\n<li>Einhaltung gesetzlicher Anforderungen:<span style=\"background-color: var(--bs-body-bg); color: var(--bs-body-color); font-family: var(--bs-body-font-family); font-size: var(--bs-body-font-size); font-weight: var(--bs-body-font-weight); text-align: var(--bs-body-text-align);\"> Wir erf\u00fcllen alle damit verbundenen gesetzlichen Anforderungen.&#8220;<\/span><\/li>\n<\/ul>\n<h5><\/h5>\n<p>&nbsp;<\/p>\n<h5>4. QUALIT\u00c4TS- UND GESUNDHEITS- UND SICHERHEITS\u00c4ULE<\/h5>\n<p>Im Elysium Resort &amp; Spa Hotel setzen wir kontinuierliche Verbesserungen in allen Bereichen um und sind uns der entscheidenden Bedeutung von Servicequalit\u00e4t f\u00fcr die h\u00f6chste Zufriedenheit unserer G\u00e4ste bewusst. Unser Engagement umfasst folgende Grunds\u00e4tze:<\/p>\n<ul>\n<li>Erstklassige Dienstleistungen: Wir verpflichten uns zur kontinuierlichen Bereitstellung erstklassiger Dienstleistungen, die den Anforderungen unserer Kunden und den Erwartungen unseres Personals gerecht werden.<\/li>\n<li>Monitoring und Verbesserung:<span style=\"background-color: var(--bs-body-bg); color: var(--bs-body-color); font-family: var(--bs-body-font-family); font-size: var(--bs-body-font-size); font-weight: var(--bs-body-font-weight); text-align: var(--bs-body-text-align);\"> Wir \u00fcberwachen und dokumentieren regelm\u00e4\u00dfig die Zufriedenheit unserer G\u00e4ste und unseres Personals. Dabei arbeiten wir kontinuierlich daran, diese Zufriedenheit zu steigern und potenzielle Probleme zu bew\u00e4ltigen.<\/span><\/li>\n<li>Kommunikation und Korrekturma\u00dfnahmen:<span style=\"background-color: var(--bs-body-bg); color: var(--bs-body-color); font-family: var(--bs-body-font-family); font-size: var(--bs-body-font-size); font-weight: var(--bs-body-font-weight); text-align: var(--bs-body-text-align);\"> Die Ergebnisse werden in festgelegten Intervallen mit unserem Personal besprochen, und wir setzen umgehend Korrekturma\u00dfnahmen f\u00fcr alle Bereiche um, in denen unsere Ziele nicht erreicht werden.<\/span><\/li>\n<li>Qualit\u00e4tssteigerung f\u00fcr Reisende:<span style=\"background-color: var(--bs-body-bg); color: var(--bs-body-color); font-family: var(--bs-body-font-family); font-size: var(--bs-body-font-size); font-weight: var(--bs-body-font-weight); text-align: var(--bs-body-text-align);\"> Wir erkennen die wachsende Nachfrage nach Qualit\u00e4tsdienstleistungen der Reisenden und arbeiten kontinuierlich daran, die Zufriedenheit unserer G\u00e4ste zu steigern.<\/span><\/li>\n<li>Gesundheit und Sicherheit:<span style=\"background-color: var(--bs-body-bg); color: var(--bs-body-color); font-family: var(--bs-body-font-family); font-size: var(--bs-body-font-size); font-weight: var(--bs-body-font-weight); text-align: var(--bs-body-text-align);\"> Unser Hotelbetrieb entspricht allen geltenden Gesundheits- und Sicherheitsgesetzen und -vorschriften, um sowohl unseren G\u00e4sten als auch unserem Personal ein sicheres Umfeld zu bieten.<\/span><\/li>\n<li>Mitarbeiterschulung:<span style=\"background-color: var(--bs-body-bg); color: var(--bs-body-color); font-family: var(--bs-body-font-family); font-size: var(--bs-body-font-size); font-weight: var(--bs-body-font-weight); text-align: var(--bs-body-text-align);\"> Unser Personal erh\u00e4lt ausreichende Schulungen, um die Bedeutung seiner Rolle in unserem Bestreben nach Servicequalit\u00e4t zu verstehen und umzusetzen.<\/span><\/li>\n<li>G\u00e4ste sensibilisieren:<span style=\"background-color: var(--bs-body-bg); color: var(--bs-body-color); font-family: var(--bs-body-font-family); font-size: var(--bs-body-font-size); font-weight: var(--bs-body-font-weight); text-align: var(--bs-body-text-align);\"> Wir arbeiten daran, das Bewusstsein unserer G\u00e4ste f\u00fcr unsere Bem\u00fchungen zur Verbesserung der Qualit\u00e4t und Serviceleistungen zu erh\u00f6hen.<\/span><\/li>\n<li>Externe \u00dcberpr\u00fcfung:<span style=\"background-color: var(--bs-body-bg); color: var(--bs-body-color); font-family: var(--bs-body-font-family); font-size: var(--bs-body-font-size); font-weight: var(--bs-body-font-weight); text-align: var(--bs-body-text-align);\"><span style=\"background-color: var(--bs-body-bg); color: var(--bs-body-color); font-family: var(--bs-body-font-family); font-size: var(--bs-body-font-size); font-weight: var(--bs-body-font-weight); text-align: var(--bs-body-text-align);\"> Wir werden unsere Leistung mit Unterst\u00fctzung externer Stellen \u00fcberpr\u00fcfen.<\/span><\/span><br \/>\n<hr \/>\n<\/li>\n<\/ul>\n<p>Erfahren Sie mehr \u00fcber unsere Umweltinitiativen im \ud83d\udd17<strong><a href=\"https:\/\/www.elysium.gr\/de\/news\/\">News-Bereich &#8211; Neuigkeiten<\/a><\/strong> unserer Website.<\/p>\n<p><strong>Ihre Meinung z\u00e4hlt! Teilen Sie uns Ihre Gedanken und R\u00fcckmeldungen zu unseren Nachhaltigkeitspraktiken mit, indem Sie eine E-Mail an <span style=\"color: #3366ff;\"><a class=\"decorated-link cursor-pointer\" style=\"color: #3366ff;\" rel=\"noopener\" data-start=\"182\" data-end=\"197\">info@elysium.gr<\/a><\/span> senden \u2013 Ihr Beitrag hilft uns, einen positiven Einfluss zu erzielen<\/strong><\/p>\n<p><span style=\"color: #3366ff;\"><a style=\"color: #3366ff;\" href=\"https:\/\/www.elysium.gr\/app\/uploads\/sites\/11\/2025\/10\/Elysium-Policies-2025-updated-DE.pdf\" target=\"_blank\" rel=\"noopener\">Klicken Sie <em><strong>hier,<\/strong><\/em> um unseren Nachhaltigkeits-Jahresbericht herunterzuladen.<\/a><\/span><\/p>\n","protected":false},"excerpt":{"rendered":"<p>UMWELTPOLITIK Das Elysium Resort &amp; Spa wurde ausschlie\u00dflich unter Ber\u00fccksichtigung des Umweltbewusstseins erbaut. Unsere Mitarbeiter wurden darin geschult, die besten Verfahrenen in den Bereichen Energie- und Wasserverbrauch, Recycling, Abfallentsorgung und Gasverbrauch einzuhalten. Elysium Resort &amp; Spa verf\u00fcgt derzeit \u00fcber die folgenden Umweltzertifizierungen: Travelife Gold Green Key-Umweltzeichen von FEE (Stiftung f\u00fcr Umwelterziehung) Blaue Flagge von EEPF<\/p>\n","protected":false},"author":1,"featured_media":2775,"parent":0,"menu_order":0,"comment_status":"closed","ping_status":"closed","template":"","meta":{"_acf_changed":false,"footnotes":""},"class_list":["post-3983","page","type-page","status-publish","has-post-thumbnail","hentry"],"acf":[],"yoast_head":"<!-- This site is optimized with the Yoast SEO plugin v26.9 - https:\/\/yoast.com\/product\/yoast-seo-wordpress\/ -->\n<title>Umweltpolitik - Elysium Resort &amp; Spa<\/title>\n<meta name=\"description\" content=\"Erfahren Sie mehr \u00fcber das Engagement des Elysium Resort &amp; Spa f\u00fcr Nachhaltigkeit durch umweltfreundliche Praktiken, Energieeffizienz und verantwortungsvollen Tourismus auf Rhodos.\" \/>\n<meta name=\"robots\" content=\"index, follow, max-snippet:-1, max-image-preview:large, max-video-preview:-1\" \/>\n<link rel=\"canonical\" href=\"https:\/\/www.elysium.gr\/de\/nachhaltigkeitspolitik\/\" \/>\n<meta property=\"og:locale\" content=\"de_DE\" \/>\n<meta property=\"og:type\" content=\"article\" \/>\n<meta property=\"og:title\" content=\"Umweltpolitik - Elysium Resort &amp; Spa\" \/>\n<meta property=\"og:description\" content=\"Erfahren Sie mehr \u00fcber das Engagement des Elysium Resort &amp; Spa f\u00fcr Nachhaltigkeit durch umweltfreundliche Praktiken, Energieeffizienz und verantwortungsvollen Tourismus auf Rhodos.\" \/>\n<meta property=\"og:url\" content=\"https:\/\/www.elysium.gr\/de\/nachhaltigkeitspolitik\/\" \/>\n<meta property=\"og:site_name\" content=\"Elysium Resort &amp; Spa\" \/>\n<meta property=\"article:modified_time\" content=\"2025-10-22T10:59:25+00:00\" \/>\n<meta property=\"og:image\" content=\"https:\/\/www.elysium.gr\/app\/uploads\/sites\/11\/2019\/05\/701_beach_elysium_result.jpg\" \/>\n\t<meta property=\"og:image:width\" content=\"1920\" \/>\n\t<meta property=\"og:image:height\" content=\"1280\" \/>\n\t<meta property=\"og:image:type\" content=\"image\/jpeg\" \/>\n<meta name=\"twitter:card\" content=\"summary_large_image\" \/>\n<meta name=\"twitter:label1\" content=\"Est. reading time\" \/>\n\t<meta name=\"twitter:data1\" content=\"6\u00a0Minuten\" \/>\n<script type=\"application\/ld+json\" class=\"yoast-schema-graph\">{\"@context\":\"https:\/\/schema.org\",\"@graph\":[{\"@type\":\"WebPage\",\"@id\":\"https:\/\/www.elysium.gr\/de\/nachhaltigkeitspolitik\/\",\"url\":\"https:\/\/www.elysium.gr\/de\/nachhaltigkeitspolitik\/\",\"name\":\"Umweltpolitik - Elysium Resort &amp; Spa\",\"isPartOf\":{\"@id\":\"https:\/\/www.elysium.gr\/#website\"},\"primaryImageOfPage\":{\"@id\":\"https:\/\/www.elysium.gr\/de\/nachhaltigkeitspolitik\/#primaryimage\"},\"image\":{\"@id\":\"https:\/\/www.elysium.gr\/de\/nachhaltigkeitspolitik\/#primaryimage\"},\"thumbnailUrl\":\"https:\/\/www.elysium.gr\/app\/uploads\/sites\/11\/2019\/05\/701_beach_elysium_result.jpg\",\"datePublished\":\"2019-05-03T12:22:13+00:00\",\"dateModified\":\"2025-10-22T10:59:25+00:00\",\"description\":\"Erfahren Sie mehr \u00fcber das Engagement des Elysium Resort & Spa f\u00fcr Nachhaltigkeit durch umweltfreundliche Praktiken, Energieeffizienz und verantwortungsvollen Tourismus auf Rhodos.\",\"breadcrumb\":{\"@id\":\"https:\/\/www.elysium.gr\/de\/nachhaltigkeitspolitik\/#breadcrumb\"},\"inLanguage\":\"de\",\"potentialAction\":[{\"@type\":\"ReadAction\",\"target\":[\"https:\/\/www.elysium.gr\/de\/nachhaltigkeitspolitik\/\"]}]},{\"@type\":\"ImageObject\",\"inLanguage\":\"de\",\"@id\":\"https:\/\/www.elysium.gr\/de\/nachhaltigkeitspolitik\/#primaryimage\",\"url\":\"https:\/\/www.elysium.gr\/app\/uploads\/sites\/11\/2019\/05\/701_beach_elysium_result.jpg\",\"contentUrl\":\"https:\/\/www.elysium.gr\/app\/uploads\/sites\/11\/2019\/05\/701_beach_elysium_result.jpg\",\"width\":1920,\"height\":1280},{\"@type\":\"BreadcrumbList\",\"@id\":\"https:\/\/www.elysium.gr\/de\/nachhaltigkeitspolitik\/#breadcrumb\",\"itemListElement\":[{\"@type\":\"ListItem\",\"position\":1,\"name\":\"Home\",\"item\":\"https:\/\/www.elysium.gr\/de\/\"},{\"@type\":\"ListItem\",\"position\":2,\"name\":\"Umweltpolitik\"}]},{\"@type\":\"WebSite\",\"@id\":\"https:\/\/www.elysium.gr\/#website\",\"url\":\"https:\/\/www.elysium.gr\/\",\"name\":\"Elysium Resort &amp; Spa\",\"description\":\"Elysium Resort and Spa is among Rhodes finest five star hotels. It enjoys a premier beach front location at Kallithea bay, offering luxurious accommodation and exclusive leisure and spa facilities.\",\"potentialAction\":[{\"@type\":\"SearchAction\",\"target\":{\"@type\":\"EntryPoint\",\"urlTemplate\":\"https:\/\/www.elysium.gr\/?s={search_term_string}\"},\"query-input\":{\"@type\":\"PropertyValueSpecification\",\"valueRequired\":true,\"valueName\":\"search_term_string\"}}],\"inLanguage\":\"de\"}]}<\/script>\n<!-- \/ Yoast SEO plugin. -->","yoast_head_json":{"title":"Umweltpolitik - Elysium Resort &amp; Spa","description":"Erfahren Sie mehr \u00fcber das Engagement des Elysium Resort & Spa f\u00fcr Nachhaltigkeit durch umweltfreundliche Praktiken, Energieeffizienz und verantwortungsvollen Tourismus auf Rhodos.","robots":{"index":"index","follow":"follow","max-snippet":"max-snippet:-1","max-image-preview":"max-image-preview:large","max-video-preview":"max-video-preview:-1"},"canonical":"https:\/\/www.elysium.gr\/de\/nachhaltigkeitspolitik\/","og_locale":"de_DE","og_type":"article","og_title":"Umweltpolitik - Elysium Resort &amp; Spa","og_description":"Erfahren Sie mehr \u00fcber das Engagement des Elysium Resort & Spa f\u00fcr Nachhaltigkeit durch umweltfreundliche Praktiken, Energieeffizienz und verantwortungsvollen Tourismus auf Rhodos.","og_url":"https:\/\/www.elysium.gr\/de\/nachhaltigkeitspolitik\/","og_site_name":"Elysium Resort &amp; Spa","article_modified_time":"2025-10-22T10:59:25+00:00","og_image":[{"width":1920,"height":1280,"url":"https:\/\/www.elysium.gr\/app\/uploads\/sites\/11\/2019\/05\/701_beach_elysium_result.jpg","type":"image\/jpeg"}],"twitter_card":"summary_large_image","twitter_misc":{"Est. reading time":"6\u00a0Minuten"},"schema":{"@context":"https:\/\/schema.org","@graph":[{"@type":"WebPage","@id":"https:\/\/www.elysium.gr\/de\/nachhaltigkeitspolitik\/","url":"https:\/\/www.elysium.gr\/de\/nachhaltigkeitspolitik\/","name":"Umweltpolitik - Elysium Resort &amp; Spa","isPartOf":{"@id":"https:\/\/www.elysium.gr\/#website"},"primaryImageOfPage":{"@id":"https:\/\/www.elysium.gr\/de\/nachhaltigkeitspolitik\/#primaryimage"},"image":{"@id":"https:\/\/www.elysium.gr\/de\/nachhaltigkeitspolitik\/#primaryimage"},"thumbnailUrl":"https:\/\/www.elysium.gr\/app\/uploads\/sites\/11\/2019\/05\/701_beach_elysium_result.jpg","datePublished":"2019-05-03T12:22:13+00:00","dateModified":"2025-10-22T10:59:25+00:00","description":"Erfahren Sie mehr \u00fcber das Engagement des Elysium Resort & Spa f\u00fcr Nachhaltigkeit durch umweltfreundliche Praktiken, Energieeffizienz und verantwortungsvollen Tourismus auf Rhodos.","breadcrumb":{"@id":"https:\/\/www.elysium.gr\/de\/nachhaltigkeitspolitik\/#breadcrumb"},"inLanguage":"de","potentialAction":[{"@type":"ReadAction","target":["https:\/\/www.elysium.gr\/de\/nachhaltigkeitspolitik\/"]}]},{"@type":"ImageObject","inLanguage":"de","@id":"https:\/\/www.elysium.gr\/de\/nachhaltigkeitspolitik\/#primaryimage","url":"https:\/\/www.elysium.gr\/app\/uploads\/sites\/11\/2019\/05\/701_beach_elysium_result.jpg","contentUrl":"https:\/\/www.elysium.gr\/app\/uploads\/sites\/11\/2019\/05\/701_beach_elysium_result.jpg","width":1920,"height":1280},{"@type":"BreadcrumbList","@id":"https:\/\/www.elysium.gr\/de\/nachhaltigkeitspolitik\/#breadcrumb","itemListElement":[{"@type":"ListItem","position":1,"name":"Home","item":"https:\/\/www.elysium.gr\/de\/"},{"@type":"ListItem","position":2,"name":"Umweltpolitik"}]},{"@type":"WebSite","@id":"https:\/\/www.elysium.gr\/#website","url":"https:\/\/www.elysium.gr\/","name":"Elysium Resort &amp; Spa","description":"Elysium Resort and Spa is among Rhodes finest five star hotels. It enjoys a premier beach front location at Kallithea bay, offering luxurious accommodation and exclusive leisure and spa facilities.","potentialAction":[{"@type":"SearchAction","target":{"@type":"EntryPoint","urlTemplate":"https:\/\/www.elysium.gr\/?s={search_term_string}"},"query-input":{"@type":"PropertyValueSpecification","valueRequired":true,"valueName":"search_term_string"}}],"inLanguage":"de"}]}},"_links":{"self":[{"href":"https:\/\/www.elysium.gr\/de\/wp-json\/wp\/v2\/pages\/3983"}],"collection":[{"href":"https:\/\/www.elysium.gr\/de\/wp-json\/wp\/v2\/pages"}],"about":[{"href":"https:\/\/www.elysium.gr\/de\/wp-json\/wp\/v2\/types\/page"}],"author":[{"embeddable":true,"href":"https:\/\/www.elysium.gr\/de\/wp-json\/wp\/v2\/users\/1"}],"replies":[{"embeddable":true,"href":"https:\/\/www.elysium.gr\/de\/wp-json\/wp\/v2\/comments?post=3983"}],"version-history":[{"count":10,"href":"https:\/\/www.elysium.gr\/de\/wp-json\/wp\/v2\/pages\/3983\/revisions"}],"predecessor-version":[{"id":37871,"href":"https:\/\/www.elysium.gr\/de\/wp-json\/wp\/v2\/pages\/3983\/revisions\/37871"}],"wp:featuredmedia":[{"embeddable":true,"href":"https:\/\/www.elysium.gr\/de\/wp-json\/wp\/v2\/media\/2775"}],"wp:attachment":[{"href":"https:\/\/www.elysium.gr\/de\/wp-json\/wp\/v2\/media?parent=3983"}],"curies":[{"name":"wp","href":"https:\/\/api.w.org\/{rel}","templated":true}]}}