{"id":3969,"date":"2019-05-02T15:54:08","date_gmt":"2019-05-02T12:54:08","guid":{"rendered":"http:\/\/harmony.cms4.nelios.com\/elysium-experiences\/special-occasions-romantic-experiences\/your-wedding-at-elysium\/"},"modified":"2019-12-04T13:21:59","modified_gmt":"2019-12-04T10:21:59","slug":"your-wedding-at-elysium","status":"publish","type":"page","link":"https:\/\/www.elysium.gr\/de\/event\/your-wedding-at-elysium\/","title":{"rendered":"HOCHZEITSEMPFANG"},"content":{"rendered":"<p>Entspannen Sie sich und wir k\u00fcmmern uns um die Einzelheiten Ihres Hochzeitstages &#8230;<\/p>\n<p>Das Elysium Resort &amp; Spa ist ein Veranstaltungsort f\u00fcr Hochzeiten, der die Fantasie anregt und bereit ist, alle Hoffnungen und Erwartungen des wichtigsten Tages Ihres Lebens zu erf\u00fcllen. Unsere Hochzeitsplaner werden jeden Schritt eng mit Ihnen zusammenarbeiten, um sicherzustellen, dass Ihr Hochzeitsempfang auf Rhodos nichts weniger als brillant wird. Sie k\u00f6nnen sicher davon ausgehen, dass wir Ihnen an dem Tag, an dem Sie Ihr wichtigstes Versprechen ablegen, wir unser Versprechen geben und halten, so dass Sie den \u201eperfekten Anfang\u201e f\u00fcr Ihr neues Leben haben werden.<\/p>\n<p>Sie k\u00f6nnen eine unserer folgenden spektakul\u00e4ren R\u00e4umlichkeiten f\u00fcr Hochzeitsempf\u00e4nge w\u00e4hlen: die Senses Bar Lounge, das Noble Gourmet-Restaurant oder einfach am Strand&#8230;<\/p>\n<p>Senses Bar Lounge<br \/>\nFeiern Sie auf unserem Hausdach, Ihren besonderen Moment in der Privatsph\u00e4re der Senses Bar Lounge. Die Terrasse bietet einen einzigartigen Panoramablick in einer romantischen Atmosph\u00e4re und ist der ideale Ort f\u00fcr einen pr\u00e4chtigen Champagner Empfang.<\/p>\n<p>Noble Gourmet-Restaurant<br \/>\nDas prestigetr\u00e4chtige Gourmet-Restaurant mit seinem minimalistischen Design und erstaunlichen Blick auf das Meer bietet nichts weniger als puren Luxus. Lassen Sie diese wunderbare Umgebung Ihrem Hochzeitsempfang zus\u00e4tzliches Prestige verleihen, begleitet von sanften Piano-Melodien in einer wirklich bezaubernden Atmosph\u00e4re.<\/p>\n<p>Am Strand<br \/>\nLassen Sie sich von der Meeresbrise in einen unvergesslichen Rahmen versetzen und treffen Sie sich mit Ihren Freunden und Angeh\u00f6rigen in einer endlosen blauen Standkulisse. Genie\u00dfen Sie Ihren sch\u00f6nen Abendempfang in einer herrlichen idyllischen Landschaft.<\/p>\n<p>Entspannen Sie sich und \u00fcberlassen Sie uns die Details, damit Ihr Hochzeitstag angenehm und unvergesslich wird.<\/p>\n<p>F\u00fcr Anfragen und \/ oder Buchungen kontaktieren Sie uns bitte direkt: <a href=\"mailto:events@elysium.gr\">events@elysium.gr<\/a><\/p>\n","protected":false},"excerpt":{"rendered":"<p>Entspannen Sie sich und wir k\u00fcmmern uns um die Einzelheiten Ihres Hochzeitstages &#8230; Das Elysium Resort &amp; Spa ist ein Veranstaltungsort f\u00fcr Hochzeiten, der die Fantasie anregt und bereit ist, alle Hoffnungen und Erwartungen des wichtigsten Tages Ihres Lebens zu erf\u00fcllen. Unsere Hochzeitsplaner werden jeden Schritt eng mit Ihnen zusammenarbeiten, um sicherzustellen, dass Ihr Hochzeitsempfang<\/p>\n","protected":false},"author":1,"featured_media":1595,"parent":6587,"menu_order":0,"comment_status":"closed","ping_status":"closed","template":"","meta":{"_acf_changed":false,"footnotes":""},"class_list":["post-3969","page","type-page","status-publish","has-post-thumbnail","hentry"],"acf":[],"yoast_head":"<!-- This site is optimized with the Yoast SEO plugin v26.9 - https:\/\/yoast.com\/product\/yoast-seo-wordpress\/ -->\n<title>HOCHZEITSEMPFANG - Elysium Resort &amp; Spa<\/title>\n<meta name=\"robots\" content=\"index, follow, max-snippet:-1, max-image-preview:large, max-video-preview:-1\" \/>\n<link rel=\"canonical\" href=\"https:\/\/www.elysium.gr\/de\/event\/your-wedding-at-elysium\/\" \/>\n<meta property=\"og:locale\" content=\"de_DE\" \/>\n<meta property=\"og:type\" content=\"article\" \/>\n<meta property=\"og:title\" content=\"HOCHZEITSEMPFANG - Elysium Resort &amp; Spa\" \/>\n<meta property=\"og:description\" content=\"Entspannen Sie sich und wir k\u00fcmmern uns um die Einzelheiten Ihres Hochzeitstages &#8230; Das Elysium Resort &amp; Spa ist ein Veranstaltungsort f\u00fcr Hochzeiten, der die Fantasie anregt und bereit ist, alle Hoffnungen und Erwartungen des wichtigsten Tages Ihres Lebens zu erf\u00fcllen. Unsere Hochzeitsplaner werden jeden Schritt eng mit Ihnen zusammenarbeiten, um sicherzustellen, dass Ihr Hochzeitsempfang\" \/>\n<meta property=\"og:url\" content=\"https:\/\/www.elysium.gr\/de\/event\/your-wedding-at-elysium\/\" \/>\n<meta property=\"og:site_name\" content=\"Elysium Resort &amp; Spa\" \/>\n<meta property=\"article:modified_time\" content=\"2019-12-04T10:21:59+00:00\" \/>\n<meta property=\"og:image\" content=\"https:\/\/www.elysium.gr\/app\/uploads\/sites\/11\/2019\/04\/905_outdoor_banquet_elysium.jpg\" \/>\n\t<meta property=\"og:image:width\" content=\"1920\" \/>\n\t<meta property=\"og:image:height\" content=\"1280\" \/>\n\t<meta property=\"og:image:type\" content=\"image\/jpeg\" \/>\n<meta name=\"twitter:card\" content=\"summary_large_image\" \/>\n<meta name=\"twitter:label1\" content=\"Est. reading time\" \/>\n\t<meta name=\"twitter:data1\" content=\"1\u00a0Minute\" \/>\n<script type=\"application\/ld+json\" class=\"yoast-schema-graph\">{\"@context\":\"https:\/\/schema.org\",\"@graph\":[{\"@type\":\"WebPage\",\"@id\":\"https:\/\/www.elysium.gr\/de\/event\/your-wedding-at-elysium\/\",\"url\":\"https:\/\/www.elysium.gr\/de\/event\/your-wedding-at-elysium\/\",\"name\":\"HOCHZEITSEMPFANG - Elysium Resort &amp; Spa\",\"isPartOf\":{\"@id\":\"https:\/\/www.elysium.gr\/#website\"},\"primaryImageOfPage\":{\"@id\":\"https:\/\/www.elysium.gr\/de\/event\/your-wedding-at-elysium\/#primaryimage\"},\"image\":{\"@id\":\"https:\/\/www.elysium.gr\/de\/event\/your-wedding-at-elysium\/#primaryimage\"},\"thumbnailUrl\":\"https:\/\/www.elysium.gr\/app\/uploads\/sites\/11\/2019\/04\/905_outdoor_banquet_elysium.jpg\",\"datePublished\":\"2019-05-02T12:54:08+00:00\",\"dateModified\":\"2019-12-04T10:21:59+00:00\",\"breadcrumb\":{\"@id\":\"https:\/\/www.elysium.gr\/de\/event\/your-wedding-at-elysium\/#breadcrumb\"},\"inLanguage\":\"de\",\"potentialAction\":[{\"@type\":\"ReadAction\",\"target\":[\"https:\/\/www.elysium.gr\/de\/event\/your-wedding-at-elysium\/\"]}]},{\"@type\":\"ImageObject\",\"inLanguage\":\"de\",\"@id\":\"https:\/\/www.elysium.gr\/de\/event\/your-wedding-at-elysium\/#primaryimage\",\"url\":\"https:\/\/www.elysium.gr\/app\/uploads\/sites\/11\/2019\/04\/905_outdoor_banquet_elysium.jpg\",\"contentUrl\":\"https:\/\/www.elysium.gr\/app\/uploads\/sites\/11\/2019\/04\/905_outdoor_banquet_elysium.jpg\",\"width\":1920,\"height\":1280},{\"@type\":\"BreadcrumbList\",\"@id\":\"https:\/\/www.elysium.gr\/de\/event\/your-wedding-at-elysium\/#breadcrumb\",\"itemListElement\":[{\"@type\":\"ListItem\",\"position\":1,\"name\":\"Home\",\"item\":\"https:\/\/www.elysium.gr\/de\/\"},{\"@type\":\"ListItem\",\"position\":2,\"name\":\"VERANSTALTUNGEN\",\"item\":\"https:\/\/www.elysium.gr\/de\/event\/\"},{\"@type\":\"ListItem\",\"position\":3,\"name\":\"HOCHZEITSEMPFANG\"}]},{\"@type\":\"WebSite\",\"@id\":\"https:\/\/www.elysium.gr\/#website\",\"url\":\"https:\/\/www.elysium.gr\/\",\"name\":\"Elysium Resort &amp; Spa\",\"description\":\"Elysium Resort and Spa is among Rhodes finest five star hotels. It enjoys a premier beach front location at Kallithea bay, offering luxurious accommodation and exclusive leisure and spa facilities.\",\"potentialAction\":[{\"@type\":\"SearchAction\",\"target\":{\"@type\":\"EntryPoint\",\"urlTemplate\":\"https:\/\/www.elysium.gr\/?s={search_term_string}\"},\"query-input\":{\"@type\":\"PropertyValueSpecification\",\"valueRequired\":true,\"valueName\":\"search_term_string\"}}],\"inLanguage\":\"de\"}]}<\/script>\n<!-- \/ Yoast SEO plugin. -->","yoast_head_json":{"title":"HOCHZEITSEMPFANG - Elysium Resort &amp; Spa","robots":{"index":"index","follow":"follow","max-snippet":"max-snippet:-1","max-image-preview":"max-image-preview:large","max-video-preview":"max-video-preview:-1"},"canonical":"https:\/\/www.elysium.gr\/de\/event\/your-wedding-at-elysium\/","og_locale":"de_DE","og_type":"article","og_title":"HOCHZEITSEMPFANG - Elysium Resort &amp; Spa","og_description":"Entspannen Sie sich und wir k\u00fcmmern uns um die Einzelheiten Ihres Hochzeitstages &#8230; Das Elysium Resort &amp; Spa ist ein Veranstaltungsort f\u00fcr Hochzeiten, der die Fantasie anregt und bereit ist, alle Hoffnungen und Erwartungen des wichtigsten Tages Ihres Lebens zu erf\u00fcllen. Unsere Hochzeitsplaner werden jeden Schritt eng mit Ihnen zusammenarbeiten, um sicherzustellen, dass Ihr Hochzeitsempfang","og_url":"https:\/\/www.elysium.gr\/de\/event\/your-wedding-at-elysium\/","og_site_name":"Elysium Resort &amp; Spa","article_modified_time":"2019-12-04T10:21:59+00:00","og_image":[{"width":1920,"height":1280,"url":"https:\/\/www.elysium.gr\/app\/uploads\/sites\/11\/2019\/04\/905_outdoor_banquet_elysium.jpg","type":"image\/jpeg"}],"twitter_card":"summary_large_image","twitter_misc":{"Est. reading time":"1\u00a0Minute"},"schema":{"@context":"https:\/\/schema.org","@graph":[{"@type":"WebPage","@id":"https:\/\/www.elysium.gr\/de\/event\/your-wedding-at-elysium\/","url":"https:\/\/www.elysium.gr\/de\/event\/your-wedding-at-elysium\/","name":"HOCHZEITSEMPFANG - Elysium Resort &amp; Spa","isPartOf":{"@id":"https:\/\/www.elysium.gr\/#website"},"primaryImageOfPage":{"@id":"https:\/\/www.elysium.gr\/de\/event\/your-wedding-at-elysium\/#primaryimage"},"image":{"@id":"https:\/\/www.elysium.gr\/de\/event\/your-wedding-at-elysium\/#primaryimage"},"thumbnailUrl":"https:\/\/www.elysium.gr\/app\/uploads\/sites\/11\/2019\/04\/905_outdoor_banquet_elysium.jpg","datePublished":"2019-05-02T12:54:08+00:00","dateModified":"2019-12-04T10:21:59+00:00","breadcrumb":{"@id":"https:\/\/www.elysium.gr\/de\/event\/your-wedding-at-elysium\/#breadcrumb"},"inLanguage":"de","potentialAction":[{"@type":"ReadAction","target":["https:\/\/www.elysium.gr\/de\/event\/your-wedding-at-elysium\/"]}]},{"@type":"ImageObject","inLanguage":"de","@id":"https:\/\/www.elysium.gr\/de\/event\/your-wedding-at-elysium\/#primaryimage","url":"https:\/\/www.elysium.gr\/app\/uploads\/sites\/11\/2019\/04\/905_outdoor_banquet_elysium.jpg","contentUrl":"https:\/\/www.elysium.gr\/app\/uploads\/sites\/11\/2019\/04\/905_outdoor_banquet_elysium.jpg","width":1920,"height":1280},{"@type":"BreadcrumbList","@id":"https:\/\/www.elysium.gr\/de\/event\/your-wedding-at-elysium\/#breadcrumb","itemListElement":[{"@type":"ListItem","position":1,"name":"Home","item":"https:\/\/www.elysium.gr\/de\/"},{"@type":"ListItem","position":2,"name":"VERANSTALTUNGEN","item":"https:\/\/www.elysium.gr\/de\/event\/"},{"@type":"ListItem","position":3,"name":"HOCHZEITSEMPFANG"}]},{"@type":"WebSite","@id":"https:\/\/www.elysium.gr\/#website","url":"https:\/\/www.elysium.gr\/","name":"Elysium Resort &amp; Spa","description":"Elysium Resort and Spa is among Rhodes finest five star hotels. It enjoys a premier beach front location at Kallithea bay, offering luxurious accommodation and exclusive leisure and spa facilities.","potentialAction":[{"@type":"SearchAction","target":{"@type":"EntryPoint","urlTemplate":"https:\/\/www.elysium.gr\/?s={search_term_string}"},"query-input":{"@type":"PropertyValueSpecification","valueRequired":true,"valueName":"search_term_string"}}],"inLanguage":"de"}]}},"_links":{"self":[{"href":"https:\/\/www.elysium.gr\/de\/wp-json\/wp\/v2\/pages\/3969"}],"collection":[{"href":"https:\/\/www.elysium.gr\/de\/wp-json\/wp\/v2\/pages"}],"about":[{"href":"https:\/\/www.elysium.gr\/de\/wp-json\/wp\/v2\/types\/page"}],"author":[{"embeddable":true,"href":"https:\/\/www.elysium.gr\/de\/wp-json\/wp\/v2\/users\/1"}],"replies":[{"embeddable":true,"href":"https:\/\/www.elysium.gr\/de\/wp-json\/wp\/v2\/comments?post=3969"}],"version-history":[{"count":5,"href":"https:\/\/www.elysium.gr\/de\/wp-json\/wp\/v2\/pages\/3969\/revisions"}],"predecessor-version":[{"id":6655,"href":"https:\/\/www.elysium.gr\/de\/wp-json\/wp\/v2\/pages\/3969\/revisions\/6655"}],"up":[{"embeddable":true,"href":"https:\/\/www.elysium.gr\/de\/wp-json\/wp\/v2\/pages\/6587"}],"wp:featuredmedia":[{"embeddable":true,"href":"https:\/\/www.elysium.gr\/de\/wp-json\/wp\/v2\/media\/1595"}],"wp:attachment":[{"href":"https:\/\/www.elysium.gr\/de\/wp-json\/wp\/v2\/media?parent=3969"}],"curies":[{"name":"wp","href":"https:\/\/api.w.org\/{rel}","templated":true}]}}