{"id":3960,"date":"2019-05-03T15:16:27","date_gmt":"2019-05-03T12:16:27","guid":{"rendered":"http:\/\/harmony.cms4.nelios.com\/about-us-2\/"},"modified":"2026-02-27T12:22:04","modified_gmt":"2026-02-27T10:22:04","slug":"ueber-uns","status":"publish","type":"page","link":"https:\/\/www.elysium.gr\/de\/ueber-uns\/","title":{"rendered":"\u00dcber Uns"},"content":{"rendered":"<h3 data-path-to-node=\"4\"><span style=\"color: #baa789;\">Die Seele des Elysiums: Unsere Vision &amp; Unsere Menschen<\/span><\/h3>\n<p data-path-to-node=\"5\">Im Elysium Resort &amp; Spa sind wir davon \u00fcberzeugt, dass ein Hotel weit mehr ist als eine blo\u00dfe Ansammlung sch\u00f6ner R\u00e4umlichkeiten; es ist ein lebendiger Organismus, beseelt von der Hingabe und dem Herzblut seiner Mitarbeiter. W\u00e4hrend unsere 5-Sterne-Architektur die Leinwand bietet, ist es unser Team, das das Erlebnis gestaltet. Seit 2009 arbeiten wir mit einem einzigen Ziel: ein Refugium zu schaffen, in dem der Gast das Herzst\u00fcck jeder Entscheidung ist.<\/p>\n<h3 data-path-to-node=\"6\"><b data-path-to-node=\"6\" data-index-in-node=\"0\">Eine teamorientierte Kultur<\/b><\/h3>\n<p data-path-to-node=\"6\">Unsere St\u00e4rke liegt in der \u201eElysium-Familie\u201c \u2013 Handwerker der Gastfreundschaft, die in perfekter Synergie zusammenarbeiten.<\/p>\n<ul data-path-to-node=\"7\">\n<li>\n<p data-path-to-node=\"7,0,0\"><b data-path-to-node=\"7,0,0\" data-index-in-node=\"0\">Die Kraft der Verbindung:<\/b> Wir ermutigen unser Team, Herzlichkeit in jede Interaktion einflie\u00dfen zu lassen und so pr\u00e4zise Dienstleistung in lebenslange Erinnerungen zu verwandeln.<\/p>\n<\/li>\n<li>\n<p data-path-to-node=\"7,0,0\"><b data-path-to-node=\"7,1,0\" data-index-in-node=\"0\">Gemeinsame Exzellenz:<\/b> Von den Therapeuten in unserem Serenity Spa \u2013 wo wir Ihnen mit erstklassigen <a href=\"https:\/\/www.espaskincare.com\/\"><b data-path-to-node=\"7,1,0\" data-index-in-node=\"99\">ESPA\ud83d\udd17<\/b><\/a>-Behandlungen zur Verj\u00fcngung verhelfen \u2013 bis hin zu den Meisterk\u00f6chen in unseren Restaurants: Jede Abteilung atmet im selben Rhythmus.<\/p>\n<\/li>\n<li>\n<p data-path-to-node=\"7,2,0\"><b data-path-to-node=\"7,2,0\" data-index-in-node=\"0\">Ein Verm\u00e4chtnis der Treue:<\/b> Wir sind stolz auf die Loyalit\u00e4t unseres Teams. Viele Mitarbeiter begleiten die Entwicklung des Resorts seit Jahren und schaffen so f\u00fcr unsere Stammg\u00e4ste ein Gef\u00fchl der Kontinuit\u00e4t und des \u201eNach-Hause-Kommens\u201c.<\/p>\n<\/li>\n<\/ul>\n<h3 data-path-to-node=\"8\"><strong>Der Gast im Mittelpunkt<\/strong><\/h3>\n<ul>\n<li data-path-to-node=\"8\">Im Elysium erf\u00fcllen wir nicht nur Standards; wir antizipieren W\u00fcnsche durch aktive Empathie. Ob es darum geht, sich im <span style=\"color: #baa789;\"><a style=\"color: #baa789;\" href=\"https:\/\/www.elysium.gr\/de\/restaurants\/senses-cafe\/\"><b data-path-to-node=\"8\" data-index-in-node=\"149\">Senses Caf\u00e9<\/b><\/a><\/span><b data-path-to-node=\"8\" data-index-in-node=\"149\"><a href=\"https:\/\/www.espaskincare.com\/\">\ud83d\udd17<\/a><\/b> an Ihren bevorzugten Kaffee zu erinnern oder im <span style=\"color: #baa789;\"><a style=\"color: #baa789;\" href=\"https:\/\/www.elysium.gr\/de\/restaurants\/almyra-beach-bar\/\"><b data-path-to-node=\"8\" data-index-in-node=\"209\">Almyra Beach Bar<\/b><\/a><\/span><a href=\"https:\/\/www.espaskincare.com\/\"><b data-path-to-node=\"7,1,0\" data-index-in-node=\"99\">\ud83d\udd17<\/b><\/a> einen Moment im Mondschein zu arrangieren \u2013 unser Team besitzt die Intuition, Ihre \u201eunausgesprochenen\u201c Bed\u00fcrfnisse zu erkennen.<\/li>\n<li>\n<p data-path-to-node=\"9,0,0\">Unser Versprechen eines \u201eehrlichen Service\u201c steht f\u00fcr Transparenz und Integrit\u00e4t. Wir begegnen jedem Gast mit dem gleichen Respekt, egal ob es Ihr erster Besuch oder eine lang ersehnte R\u00fcckkehr ist.<\/p>\n<\/li>\n<\/ul>\n<h3 data-path-to-node=\"10\"><\/h3>\n<h3 data-path-to-node=\"10\"><\/h3>\n<p>&nbsp;<\/p>\n<h3 data-path-to-node=\"10\"><b data-path-to-node=\"10\" data-index-in-node=\"0\">Gastronomie als Br\u00fccke: Die \u201eNoble\u201c-Vision<\/b><\/h3>\n<p data-path-to-node=\"10\">Unser preisgekr\u00f6ntes <a href=\"https:\/\/www.noble.gr\/en\/\"><b data-path-to-node=\"10\" data-index-in-node=\"64\"><span style=\"color: #baa789;\">Noble Restaurant\ud83d\udd17<\/span><\/b><\/a> ist der reinste Ausdruck unserer Vision \u2013 eine kulturelle Mission unter der Leitung von Executive Chef George Troumouhis und Noble-Chef Spyros Kougios. Durch die Dokumentation vergessener rhodischer Rezepte haben Chef Troumouhis und sein Team dem Erbe der Insel neues Leben eingehaucht. Im Noble trifft Wissenschaft auf Seele, um sicherzustellen, dass jeder Bissen die Geschichte von Rhodos erz\u00e4hlt \u2013 Begegnung, Nostalgie, Duft und Geschmack. Wir laden Sie ein auf eine Traumreise in die tief verborgene gastronomische Geschichte von Rhodos.<\/p>\n<h3 data-path-to-node=\"11\"><b data-path-to-node=\"11\" data-index-in-node=\"0\">Unser Versprechen<\/b><\/h3>\n<p data-path-to-node=\"11\">Als erstklassiges Reiseziel auf Rhodos bleiben wir eine rastlose Organisation \u2013 sich st\u00e4ndig weiterentwickelnd und doch ewig in der menschlichen Begegnung verwurzelt. Wir wissen, dass Ihre Zeit Ihr kostbarstes Gut ist. Wir beherbergen nicht nur Ihren Urlaub; wir sind die stillen H\u00fcter Ihres Gl\u00fccks und sorgen daf\u00fcr, dass die Momente, die Sie bei uns verbringen, zu den Geschichten werden, die Sie ein Leben lang erz\u00e4hlen.<\/p>\n","protected":false},"excerpt":{"rendered":"<p>Die Seele des Elysiums: Unsere Vision &amp; Unsere Menschen Im Elysium Resort &amp; Spa sind wir davon \u00fcberzeugt, dass ein Hotel weit mehr ist als eine blo\u00dfe Ansammlung sch\u00f6ner R\u00e4umlichkeiten; es ist ein lebendiger Organismus, beseelt von der Hingabe und dem Herzblut seiner Mitarbeiter. W\u00e4hrend unsere 5-Sterne-Architektur die Leinwand bietet, ist es unser Team, das<\/p>\n","protected":false},"author":1,"featured_media":7287,"parent":0,"menu_order":0,"comment_status":"closed","ping_status":"closed","template":"","meta":{"_acf_changed":false,"footnotes":""},"class_list":["post-3960","page","type-page","status-publish","has-post-thumbnail","hentry"],"acf":[],"yoast_head":"<!-- This site is optimized with the Yoast SEO plugin v26.9 - https:\/\/yoast.com\/product\/yoast-seo-wordpress\/ -->\n<title>\u00dcber Uns - Elysium Resort &amp; Spa<\/title>\n<meta name=\"robots\" content=\"index, follow, max-snippet:-1, max-image-preview:large, max-video-preview:-1\" \/>\n<link rel=\"canonical\" href=\"https:\/\/www.elysium.gr\/de\/ueber-uns\/\" \/>\n<meta property=\"og:locale\" content=\"de_DE\" \/>\n<meta property=\"og:type\" content=\"article\" \/>\n<meta property=\"og:title\" content=\"\u00dcber Uns - Elysium Resort &amp; Spa\" \/>\n<meta property=\"og:description\" content=\"Die Seele des Elysiums: Unsere Vision &amp; Unsere Menschen Im Elysium Resort &amp; Spa sind wir davon \u00fcberzeugt, dass ein Hotel weit mehr ist als eine blo\u00dfe Ansammlung sch\u00f6ner R\u00e4umlichkeiten; es ist ein lebendiger Organismus, beseelt von der Hingabe und dem Herzblut seiner Mitarbeiter. W\u00e4hrend unsere 5-Sterne-Architektur die Leinwand bietet, ist es unser Team, das\" \/>\n<meta property=\"og:url\" content=\"https:\/\/www.elysium.gr\/de\/ueber-uns\/\" \/>\n<meta property=\"og:site_name\" content=\"Elysium Resort &amp; Spa\" \/>\n<meta property=\"article:modified_time\" content=\"2026-02-27T10:22:04+00:00\" \/>\n<meta property=\"og:image\" content=\"https:\/\/www.elysium.gr\/app\/uploads\/sites\/11\/2019\/12\/82_209_Panorama_ELYSIUM_2.jpg\" \/>\n\t<meta property=\"og:image:width\" content=\"2100\" \/>\n\t<meta property=\"og:image:height\" content=\"938\" \/>\n\t<meta property=\"og:image:type\" content=\"image\/jpeg\" \/>\n<meta name=\"twitter:card\" content=\"summary_large_image\" \/>\n<meta name=\"twitter:label1\" content=\"Est. reading time\" \/>\n\t<meta name=\"twitter:data1\" content=\"3\u00a0Minuten\" \/>\n<script type=\"application\/ld+json\" class=\"yoast-schema-graph\">{\"@context\":\"https:\/\/schema.org\",\"@graph\":[{\"@type\":\"WebPage\",\"@id\":\"https:\/\/www.elysium.gr\/de\/ueber-uns\/\",\"url\":\"https:\/\/www.elysium.gr\/de\/ueber-uns\/\",\"name\":\"\u00dcber Uns - Elysium Resort &amp; Spa\",\"isPartOf\":{\"@id\":\"https:\/\/www.elysium.gr\/#website\"},\"primaryImageOfPage\":{\"@id\":\"https:\/\/www.elysium.gr\/de\/ueber-uns\/#primaryimage\"},\"image\":{\"@id\":\"https:\/\/www.elysium.gr\/de\/ueber-uns\/#primaryimage\"},\"thumbnailUrl\":\"https:\/\/www.elysium.gr\/app\/uploads\/sites\/11\/2019\/12\/82_209_Panorama_ELYSIUM_2.jpg\",\"datePublished\":\"2019-05-03T12:16:27+00:00\",\"dateModified\":\"2026-02-27T10:22:04+00:00\",\"breadcrumb\":{\"@id\":\"https:\/\/www.elysium.gr\/de\/ueber-uns\/#breadcrumb\"},\"inLanguage\":\"de\",\"potentialAction\":[{\"@type\":\"ReadAction\",\"target\":[\"https:\/\/www.elysium.gr\/de\/ueber-uns\/\"]}]},{\"@type\":\"ImageObject\",\"inLanguage\":\"de\",\"@id\":\"https:\/\/www.elysium.gr\/de\/ueber-uns\/#primaryimage\",\"url\":\"https:\/\/www.elysium.gr\/app\/uploads\/sites\/11\/2019\/12\/82_209_Panorama_ELYSIUM_2.jpg\",\"contentUrl\":\"https:\/\/www.elysium.gr\/app\/uploads\/sites\/11\/2019\/12\/82_209_Panorama_ELYSIUM_2.jpg\",\"width\":2100,\"height\":938},{\"@type\":\"BreadcrumbList\",\"@id\":\"https:\/\/www.elysium.gr\/de\/ueber-uns\/#breadcrumb\",\"itemListElement\":[{\"@type\":\"ListItem\",\"position\":1,\"name\":\"Home\",\"item\":\"https:\/\/www.elysium.gr\/de\/\"},{\"@type\":\"ListItem\",\"position\":2,\"name\":\"\u00dcber Uns\"}]},{\"@type\":\"WebSite\",\"@id\":\"https:\/\/www.elysium.gr\/#website\",\"url\":\"https:\/\/www.elysium.gr\/\",\"name\":\"Elysium Resort &amp; Spa\",\"description\":\"Elysium Resort and Spa is among Rhodes finest five star hotels. It enjoys a premier beach front location at Kallithea bay, offering luxurious accommodation and exclusive leisure and spa facilities.\",\"potentialAction\":[{\"@type\":\"SearchAction\",\"target\":{\"@type\":\"EntryPoint\",\"urlTemplate\":\"https:\/\/www.elysium.gr\/?s={search_term_string}\"},\"query-input\":{\"@type\":\"PropertyValueSpecification\",\"valueRequired\":true,\"valueName\":\"search_term_string\"}}],\"inLanguage\":\"de\"}]}<\/script>\n<!-- \/ Yoast SEO plugin. -->","yoast_head_json":{"title":"\u00dcber Uns - Elysium Resort &amp; Spa","robots":{"index":"index","follow":"follow","max-snippet":"max-snippet:-1","max-image-preview":"max-image-preview:large","max-video-preview":"max-video-preview:-1"},"canonical":"https:\/\/www.elysium.gr\/de\/ueber-uns\/","og_locale":"de_DE","og_type":"article","og_title":"\u00dcber Uns - Elysium Resort &amp; Spa","og_description":"Die Seele des Elysiums: Unsere Vision &amp; Unsere Menschen Im Elysium Resort &amp; Spa sind wir davon \u00fcberzeugt, dass ein Hotel weit mehr ist als eine blo\u00dfe Ansammlung sch\u00f6ner R\u00e4umlichkeiten; es ist ein lebendiger Organismus, beseelt von der Hingabe und dem Herzblut seiner Mitarbeiter. W\u00e4hrend unsere 5-Sterne-Architektur die Leinwand bietet, ist es unser Team, das","og_url":"https:\/\/www.elysium.gr\/de\/ueber-uns\/","og_site_name":"Elysium Resort &amp; Spa","article_modified_time":"2026-02-27T10:22:04+00:00","og_image":[{"width":2100,"height":938,"url":"https:\/\/www.elysium.gr\/app\/uploads\/sites\/11\/2019\/12\/82_209_Panorama_ELYSIUM_2.jpg","type":"image\/jpeg"}],"twitter_card":"summary_large_image","twitter_misc":{"Est. reading time":"3\u00a0Minuten"},"schema":{"@context":"https:\/\/schema.org","@graph":[{"@type":"WebPage","@id":"https:\/\/www.elysium.gr\/de\/ueber-uns\/","url":"https:\/\/www.elysium.gr\/de\/ueber-uns\/","name":"\u00dcber Uns - Elysium Resort &amp; Spa","isPartOf":{"@id":"https:\/\/www.elysium.gr\/#website"},"primaryImageOfPage":{"@id":"https:\/\/www.elysium.gr\/de\/ueber-uns\/#primaryimage"},"image":{"@id":"https:\/\/www.elysium.gr\/de\/ueber-uns\/#primaryimage"},"thumbnailUrl":"https:\/\/www.elysium.gr\/app\/uploads\/sites\/11\/2019\/12\/82_209_Panorama_ELYSIUM_2.jpg","datePublished":"2019-05-03T12:16:27+00:00","dateModified":"2026-02-27T10:22:04+00:00","breadcrumb":{"@id":"https:\/\/www.elysium.gr\/de\/ueber-uns\/#breadcrumb"},"inLanguage":"de","potentialAction":[{"@type":"ReadAction","target":["https:\/\/www.elysium.gr\/de\/ueber-uns\/"]}]},{"@type":"ImageObject","inLanguage":"de","@id":"https:\/\/www.elysium.gr\/de\/ueber-uns\/#primaryimage","url":"https:\/\/www.elysium.gr\/app\/uploads\/sites\/11\/2019\/12\/82_209_Panorama_ELYSIUM_2.jpg","contentUrl":"https:\/\/www.elysium.gr\/app\/uploads\/sites\/11\/2019\/12\/82_209_Panorama_ELYSIUM_2.jpg","width":2100,"height":938},{"@type":"BreadcrumbList","@id":"https:\/\/www.elysium.gr\/de\/ueber-uns\/#breadcrumb","itemListElement":[{"@type":"ListItem","position":1,"name":"Home","item":"https:\/\/www.elysium.gr\/de\/"},{"@type":"ListItem","position":2,"name":"\u00dcber Uns"}]},{"@type":"WebSite","@id":"https:\/\/www.elysium.gr\/#website","url":"https:\/\/www.elysium.gr\/","name":"Elysium Resort &amp; Spa","description":"Elysium Resort and Spa is among Rhodes finest five star hotels. It enjoys a premier beach front location at Kallithea bay, offering luxurious accommodation and exclusive leisure and spa facilities.","potentialAction":[{"@type":"SearchAction","target":{"@type":"EntryPoint","urlTemplate":"https:\/\/www.elysium.gr\/?s={search_term_string}"},"query-input":{"@type":"PropertyValueSpecification","valueRequired":true,"valueName":"search_term_string"}}],"inLanguage":"de"}]}},"_links":{"self":[{"href":"https:\/\/www.elysium.gr\/de\/wp-json\/wp\/v2\/pages\/3960"}],"collection":[{"href":"https:\/\/www.elysium.gr\/de\/wp-json\/wp\/v2\/pages"}],"about":[{"href":"https:\/\/www.elysium.gr\/de\/wp-json\/wp\/v2\/types\/page"}],"author":[{"embeddable":true,"href":"https:\/\/www.elysium.gr\/de\/wp-json\/wp\/v2\/users\/1"}],"replies":[{"embeddable":true,"href":"https:\/\/www.elysium.gr\/de\/wp-json\/wp\/v2\/comments?post=3960"}],"version-history":[{"count":10,"href":"https:\/\/www.elysium.gr\/de\/wp-json\/wp\/v2\/pages\/3960\/revisions"}],"predecessor-version":[{"id":39553,"href":"https:\/\/www.elysium.gr\/de\/wp-json\/wp\/v2\/pages\/3960\/revisions\/39553"}],"wp:featuredmedia":[{"embeddable":true,"href":"https:\/\/www.elysium.gr\/de\/wp-json\/wp\/v2\/media\/7287"}],"wp:attachment":[{"href":"https:\/\/www.elysium.gr\/de\/wp-json\/wp\/v2\/media?parent=3960"}],"curies":[{"name":"wp","href":"https:\/\/api.w.org\/{rel}","templated":true}]}}