{"id":3880,"date":"2019-05-02T15:32:21","date_gmt":"2019-05-02T12:32:21","guid":{"rendered":"http:\/\/harmony.cms4.nelios.com\/elysium-experiences\/special-occasions-romantic-experiences\/the-prestige-romantic-package\/"},"modified":"2025-06-24T11:31:42","modified_gmt":"2025-06-24T09:31:42","slug":"the-prestige-romantic-package","status":"publish","type":"page","link":"https:\/\/www.elysium.gr\/de\/special-occasions-romantic-experiences\/the-prestige-romantic-package\/","title":{"rendered":"Das Prestige-Romantik Paket"},"content":{"rendered":"<p>Unser sorgf\u00e4ltig zusammengestelltes romantisches Prestige-Paket ist die ideale Wahl, um Ihre Flitterwochen oder Ihren Jahrestag zu feiern oder einfach nur einen Hauch von Romantik w\u00e4hrend Ihres Aufenthaltes im Elysium hinzuzuf\u00fcgen.<\/p>\n<h5>Das Prestige Paket beinhaltet volgendes:<\/h5>\n<ul>\n<li><strong>Ein herzliches Willkommen:<\/strong> Privater Check-in durch ein leitendes Mitglied unseres Teams.<\/li>\n<li><strong>Die erste \u00dcberraschung:<\/strong> Ein pr\u00e4chtiger Strau\u00df aus 12 roten Rosen (mit einer pers\u00f6nlichen Nachricht gem\u00e4\u00df Ihren Anweisungen) und eine Flasche Sekt aus der Region, einschlie\u00dflich einer Auswahl an Hors d&#8217;oeuvres, erwartet Sie bei Ihrer Ankunft auf Ihrem Zimmer.<\/li>\n<li><strong>Morgendliche Leckereien:<\/strong> Einmal pro Aufenthalt k\u00f6nnen Sie Ihr komplettes amerikanisches Fr\u00fchst\u00fcck in Ihrem Zimmer genie\u00dfen. T\u00e4glich haben Sie au\u00dferdem die M\u00f6glichkeit, Ihr kontinentales Fr\u00fchst\u00fcck ganz entspannt im Bett, auf Ihrem Balkon oder Ihrer Terrasse mit Blick auf das herrliche Blau der \u00c4g\u00e4is zu genie\u00dfen. Selbstverst\u00e4ndlich k\u00f6nnen Sie Ihr Fr\u00fchst\u00fcck auch in unserem Restaurant einnehmen, wenn Sie dies bevorzugen.<\/li>\n<li><strong>Ein luxuri\u00f6ser Strandurlaub:<\/strong> G\u00f6nnen Sie sich den ganzen Tag lang den Luxus Ihrer eigenen Strandsuite (Pavillon), inklusive einem Obstteller, eine Flasche Sekt und unbegrenztem Mineralwasser. Eine Strandsuite wird einmal pro Aufenthalt angeboten.<\/li>\n<li><strong>Ein romantisches Abendessen:<\/strong> Im mehrfach ausgezeichneten Noble Gourmet-Restaurant auf der Dachterrasse, genie\u00dfen Sie neben der atemberaubenden Aussicht auf die \u00c4g\u00e4is das 9-G\u00e4nge-D\u00e9gustationsmen\u00fc unserer K\u00f6che, das so gestaltet wurde, dass die authentischen Aromen und die Einzigartigkeit der rhodischen Produkte erhalten bleiben. Dieses einzigartige Men\u00fc ist eine Einladung zu einer Traumreise in die tief verborgene kulinarische Geschichte von Rhodos, wobei jedes Gericht die Geschichte eines vergessenen Alltags erz\u00e4hlt. Die Weinbegleitung f\u00fcr jedes Gericht ist inbegriffen. Das romantische Abendessen f\u00fcr zwei Personen wird einmal pro Aufenthalt angeboten.<\/li>\n<li><strong>Die Spa-W\u00e4rmeerlebnisse:<\/strong> T\u00e4glich haben Sie kostenlosen Zugang zum Vitality-Au\u00dfenpool des Spas mit Hydrotherapie-Massaged\u00fcsen, um Ihren K\u00f6rper zu entspannen. Treten Sie jederzeit in das Spa ein, um eine W\u00e4rmeerlebnis-Sitzung zu genie\u00dfen, die die Sauna, das Caldarium, den Eisbrunnen und Lifestyle-Duschen umfasst.<\/li>\n<li><strong>Eine Tagesflucht ins Spa:<\/strong> W\u00e4hlen Sie einen Tag als Ihren Spa-Ausflug. Neben dem Vitality-Pool und den W\u00e4rmeerlebnissen genie\u00dft jeder von Ihnen zwei eine einzigartige 50-min\u00fctige ESPA-Aromatherapie-Massage in unserem Paarbehandlungsraum. Zur Mittagszeit wird im Fresh Restaurant ein leichtes, ausgewogenes Men\u00fc mit Mineralwasser und frischen S\u00e4ften serviert. Alkoholische Getr\u00e4nke sind nicht inbegriffen. Z\u00f6gern Sie nicht, nach dem Mittagessen ein Sonnenbad im Vitality-Pool des Spas zu genie\u00dfen. Die Massage und das Mittagessen f\u00fcr zwei Personen werden einmal pro Aufenthalt angeboten.<\/li>\n<li><strong>Eine Entspannte Abreise:<\/strong> Wir haben f\u00fcr Sie einen sp\u00e4ten Check-out bis 18:00 Uhr, um somit Ihren letzten Tag in vollen Z\u00fcgen genie\u00dfen k\u00f6nnen.\n<pre id=\"tw-target-text\" class=\"tw-data-text tw-text-large tw-ta\" dir=\"ltr\" data-placeholder=\"Translation\"><\/pre>\n<\/li>\n<\/ul>\n<p><strong>Preis: 850 \u20ac f\u00fcr zwei Personen.<\/strong><br \/>\nDieses Paket wird als optionales Add-On angeboten, wenn Sie eine Unterkunft buchen.<br \/>\nUm das Prestige-Paket in vollen Z\u00fcgen genie\u00dfen zu k\u00f6nnen, wird ein Mindestaufenthalt von 3 N\u00e4chten empfohlen.<\/p>\n<p>WAHLFREIE ERWEITERUNGEN:<\/p>\n<ul>\n<li>Private Limousinentour \u201eRhodos-Stadt und Umgebung\u201c (Mercedes 600S) f\u00fcr drei Stunden, einschlie\u00dflich eines Halts in der mittelalterlichen Stadt von Rhodos.<\/li>\n<li>Brauchen Sie etwas noch Exklusiveres? Kontaktieren Sie uns, um die verf\u00fcgbaren Optionen zu besprechen.<\/li>\n<\/ul>\n<p>F\u00fcr weitere Informationen senden Sie uns bitte eine E-Mail an <strong><a href=\"mailto:reservations@elysium.gr\">reservations@elysium.gr<\/a><\/strong> oder rufen Sie uns unter <a href=\"tel:00302241045700\">+30<\/a><a href=\"tel:00302241045700\">22410 45700<\/a> an.<\/p>\n<p>&nbsp;<\/p>\n","protected":false},"excerpt":{"rendered":"<p>Unser sorgf\u00e4ltig zusammengestelltes romantisches Prestige-Paket ist die ideale Wahl, um Ihre Flitterwochen oder Ihren Jahrestag zu feiern oder einfach nur einen Hauch von Romantik w\u00e4hrend Ihres Aufenthaltes im Elysium hinzuzuf\u00fcgen. Das Prestige Paket beinhaltet volgendes: Ein herzliches Willkommen: Privater Check-in durch ein leitendes Mitglied unseres Teams. Die erste \u00dcberraschung: Ein pr\u00e4chtiger Strau\u00df aus 12 roten<\/p>\n","protected":false},"author":1,"featured_media":13244,"parent":2048,"menu_order":0,"comment_status":"closed","ping_status":"closed","template":"","meta":{"_acf_changed":false,"footnotes":""},"class_list":["post-3880","page","type-page","status-publish","has-post-thumbnail","hentry"],"acf":[],"yoast_head":"<!-- This site is optimized with the Yoast SEO plugin v26.9 - https:\/\/yoast.com\/product\/yoast-seo-wordpress\/ -->\n<title>Das Prestige-Romantik Paket - Elysium Resort &amp; Spa<\/title>\n<meta name=\"robots\" content=\"index, follow, max-snippet:-1, max-image-preview:large, max-video-preview:-1\" \/>\n<link rel=\"canonical\" href=\"https:\/\/www.elysium.gr\/de\/special-occasions-romantic-experiences\/the-prestige-romantic-package\/\" \/>\n<meta property=\"og:locale\" content=\"de_DE\" \/>\n<meta property=\"og:type\" content=\"article\" \/>\n<meta property=\"og:title\" content=\"Das Prestige-Romantik Paket - Elysium Resort &amp; Spa\" \/>\n<meta property=\"og:description\" content=\"Unser sorgf\u00e4ltig zusammengestelltes romantisches Prestige-Paket ist die ideale Wahl, um Ihre Flitterwochen oder Ihren Jahrestag zu feiern oder einfach nur einen Hauch von Romantik w\u00e4hrend Ihres Aufenthaltes im Elysium hinzuzuf\u00fcgen. Das Prestige Paket beinhaltet volgendes: Ein herzliches Willkommen: Privater Check-in durch ein leitendes Mitglied unseres Teams. Die erste \u00dcberraschung: Ein pr\u00e4chtiger Strau\u00df aus 12 roten\" \/>\n<meta property=\"og:url\" content=\"https:\/\/www.elysium.gr\/de\/special-occasions-romantic-experiences\/the-prestige-romantic-package\/\" \/>\n<meta property=\"og:site_name\" content=\"Elysium Resort &amp; Spa\" \/>\n<meta property=\"article:modified_time\" content=\"2025-06-24T09:31:42+00:00\" \/>\n<meta property=\"og:image\" content=\"https:\/\/www.elysium.gr\/app\/uploads\/sites\/11\/2022\/04\/Prestige_Package_2022_w30.jpg\" \/>\n\t<meta property=\"og:image:width\" content=\"1200\" \/>\n\t<meta property=\"og:image:height\" content=\"800\" \/>\n\t<meta property=\"og:image:type\" content=\"image\/jpeg\" \/>\n<meta name=\"twitter:card\" content=\"summary_large_image\" \/>\n<meta name=\"twitter:label1\" content=\"Est. reading time\" \/>\n\t<meta name=\"twitter:data1\" content=\"3\u00a0Minuten\" \/>\n<script type=\"application\/ld+json\" class=\"yoast-schema-graph\">{\"@context\":\"https:\/\/schema.org\",\"@graph\":[{\"@type\":\"WebPage\",\"@id\":\"https:\/\/www.elysium.gr\/de\/special-occasions-romantic-experiences\/the-prestige-romantic-package\/\",\"url\":\"https:\/\/www.elysium.gr\/de\/special-occasions-romantic-experiences\/the-prestige-romantic-package\/\",\"name\":\"Das Prestige-Romantik Paket - Elysium Resort &amp; Spa\",\"isPartOf\":{\"@id\":\"https:\/\/www.elysium.gr\/#website\"},\"primaryImageOfPage\":{\"@id\":\"https:\/\/www.elysium.gr\/de\/special-occasions-romantic-experiences\/the-prestige-romantic-package\/#primaryimage\"},\"image\":{\"@id\":\"https:\/\/www.elysium.gr\/de\/special-occasions-romantic-experiences\/the-prestige-romantic-package\/#primaryimage\"},\"thumbnailUrl\":\"https:\/\/www.elysium.gr\/app\/uploads\/sites\/11\/2022\/04\/Prestige_Package_2022_w30.jpg\",\"datePublished\":\"2019-05-02T12:32:21+00:00\",\"dateModified\":\"2025-06-24T09:31:42+00:00\",\"breadcrumb\":{\"@id\":\"https:\/\/www.elysium.gr\/de\/special-occasions-romantic-experiences\/the-prestige-romantic-package\/#breadcrumb\"},\"inLanguage\":\"de\",\"potentialAction\":[{\"@type\":\"ReadAction\",\"target\":[\"https:\/\/www.elysium.gr\/de\/special-occasions-romantic-experiences\/the-prestige-romantic-package\/\"]}]},{\"@type\":\"ImageObject\",\"inLanguage\":\"de\",\"@id\":\"https:\/\/www.elysium.gr\/de\/special-occasions-romantic-experiences\/the-prestige-romantic-package\/#primaryimage\",\"url\":\"https:\/\/www.elysium.gr\/app\/uploads\/sites\/11\/2022\/04\/Prestige_Package_2022_w30.jpg\",\"contentUrl\":\"https:\/\/www.elysium.gr\/app\/uploads\/sites\/11\/2022\/04\/Prestige_Package_2022_w30.jpg\",\"width\":1200,\"height\":800},{\"@type\":\"BreadcrumbList\",\"@id\":\"https:\/\/www.elysium.gr\/de\/special-occasions-romantic-experiences\/the-prestige-romantic-package\/#breadcrumb\",\"itemListElement\":[{\"@type\":\"ListItem\",\"position\":1,\"name\":\"Home\",\"item\":\"https:\/\/www.elysium.gr\/de\/\"},{\"@type\":\"ListItem\",\"position\":2,\"name\":\"Romantische Erlebnisse\",\"item\":\"https:\/\/www.elysium.gr\/de\/special-occasions-romantic-experiences\/\"},{\"@type\":\"ListItem\",\"position\":3,\"name\":\"Das Prestige-Romantik Paket\"}]},{\"@type\":\"WebSite\",\"@id\":\"https:\/\/www.elysium.gr\/#website\",\"url\":\"https:\/\/www.elysium.gr\/\",\"name\":\"Elysium Resort &amp; Spa\",\"description\":\"Elysium Resort and Spa is among Rhodes finest five star hotels. It enjoys a premier beach front location at Kallithea bay, offering luxurious accommodation and exclusive leisure and spa facilities.\",\"potentialAction\":[{\"@type\":\"SearchAction\",\"target\":{\"@type\":\"EntryPoint\",\"urlTemplate\":\"https:\/\/www.elysium.gr\/?s={search_term_string}\"},\"query-input\":{\"@type\":\"PropertyValueSpecification\",\"valueRequired\":true,\"valueName\":\"search_term_string\"}}],\"inLanguage\":\"de\"}]}<\/script>\n<!-- \/ Yoast SEO plugin. -->","yoast_head_json":{"title":"Das Prestige-Romantik Paket - Elysium Resort &amp; Spa","robots":{"index":"index","follow":"follow","max-snippet":"max-snippet:-1","max-image-preview":"max-image-preview:large","max-video-preview":"max-video-preview:-1"},"canonical":"https:\/\/www.elysium.gr\/de\/special-occasions-romantic-experiences\/the-prestige-romantic-package\/","og_locale":"de_DE","og_type":"article","og_title":"Das Prestige-Romantik Paket - Elysium Resort &amp; Spa","og_description":"Unser sorgf\u00e4ltig zusammengestelltes romantisches Prestige-Paket ist die ideale Wahl, um Ihre Flitterwochen oder Ihren Jahrestag zu feiern oder einfach nur einen Hauch von Romantik w\u00e4hrend Ihres Aufenthaltes im Elysium hinzuzuf\u00fcgen. Das Prestige Paket beinhaltet volgendes: Ein herzliches Willkommen: Privater Check-in durch ein leitendes Mitglied unseres Teams. Die erste \u00dcberraschung: Ein pr\u00e4chtiger Strau\u00df aus 12 roten","og_url":"https:\/\/www.elysium.gr\/de\/special-occasions-romantic-experiences\/the-prestige-romantic-package\/","og_site_name":"Elysium Resort &amp; Spa","article_modified_time":"2025-06-24T09:31:42+00:00","og_image":[{"width":1200,"height":800,"url":"https:\/\/www.elysium.gr\/app\/uploads\/sites\/11\/2022\/04\/Prestige_Package_2022_w30.jpg","type":"image\/jpeg"}],"twitter_card":"summary_large_image","twitter_misc":{"Est. reading time":"3\u00a0Minuten"},"schema":{"@context":"https:\/\/schema.org","@graph":[{"@type":"WebPage","@id":"https:\/\/www.elysium.gr\/de\/special-occasions-romantic-experiences\/the-prestige-romantic-package\/","url":"https:\/\/www.elysium.gr\/de\/special-occasions-romantic-experiences\/the-prestige-romantic-package\/","name":"Das Prestige-Romantik Paket - Elysium Resort &amp; Spa","isPartOf":{"@id":"https:\/\/www.elysium.gr\/#website"},"primaryImageOfPage":{"@id":"https:\/\/www.elysium.gr\/de\/special-occasions-romantic-experiences\/the-prestige-romantic-package\/#primaryimage"},"image":{"@id":"https:\/\/www.elysium.gr\/de\/special-occasions-romantic-experiences\/the-prestige-romantic-package\/#primaryimage"},"thumbnailUrl":"https:\/\/www.elysium.gr\/app\/uploads\/sites\/11\/2022\/04\/Prestige_Package_2022_w30.jpg","datePublished":"2019-05-02T12:32:21+00:00","dateModified":"2025-06-24T09:31:42+00:00","breadcrumb":{"@id":"https:\/\/www.elysium.gr\/de\/special-occasions-romantic-experiences\/the-prestige-romantic-package\/#breadcrumb"},"inLanguage":"de","potentialAction":[{"@type":"ReadAction","target":["https:\/\/www.elysium.gr\/de\/special-occasions-romantic-experiences\/the-prestige-romantic-package\/"]}]},{"@type":"ImageObject","inLanguage":"de","@id":"https:\/\/www.elysium.gr\/de\/special-occasions-romantic-experiences\/the-prestige-romantic-package\/#primaryimage","url":"https:\/\/www.elysium.gr\/app\/uploads\/sites\/11\/2022\/04\/Prestige_Package_2022_w30.jpg","contentUrl":"https:\/\/www.elysium.gr\/app\/uploads\/sites\/11\/2022\/04\/Prestige_Package_2022_w30.jpg","width":1200,"height":800},{"@type":"BreadcrumbList","@id":"https:\/\/www.elysium.gr\/de\/special-occasions-romantic-experiences\/the-prestige-romantic-package\/#breadcrumb","itemListElement":[{"@type":"ListItem","position":1,"name":"Home","item":"https:\/\/www.elysium.gr\/de\/"},{"@type":"ListItem","position":2,"name":"Romantische Erlebnisse","item":"https:\/\/www.elysium.gr\/de\/special-occasions-romantic-experiences\/"},{"@type":"ListItem","position":3,"name":"Das Prestige-Romantik Paket"}]},{"@type":"WebSite","@id":"https:\/\/www.elysium.gr\/#website","url":"https:\/\/www.elysium.gr\/","name":"Elysium Resort &amp; Spa","description":"Elysium Resort and Spa is among Rhodes finest five star hotels. It enjoys a premier beach front location at Kallithea bay, offering luxurious accommodation and exclusive leisure and spa facilities.","potentialAction":[{"@type":"SearchAction","target":{"@type":"EntryPoint","urlTemplate":"https:\/\/www.elysium.gr\/?s={search_term_string}"},"query-input":{"@type":"PropertyValueSpecification","valueRequired":true,"valueName":"search_term_string"}}],"inLanguage":"de"}]}},"_links":{"self":[{"href":"https:\/\/www.elysium.gr\/de\/wp-json\/wp\/v2\/pages\/3880"}],"collection":[{"href":"https:\/\/www.elysium.gr\/de\/wp-json\/wp\/v2\/pages"}],"about":[{"href":"https:\/\/www.elysium.gr\/de\/wp-json\/wp\/v2\/types\/page"}],"author":[{"embeddable":true,"href":"https:\/\/www.elysium.gr\/de\/wp-json\/wp\/v2\/users\/1"}],"replies":[{"embeddable":true,"href":"https:\/\/www.elysium.gr\/de\/wp-json\/wp\/v2\/comments?post=3880"}],"version-history":[{"count":10,"href":"https:\/\/www.elysium.gr\/de\/wp-json\/wp\/v2\/pages\/3880\/revisions"}],"predecessor-version":[{"id":36260,"href":"https:\/\/www.elysium.gr\/de\/wp-json\/wp\/v2\/pages\/3880\/revisions\/36260"}],"up":[{"embeddable":true,"href":"https:\/\/www.elysium.gr\/de\/wp-json\/wp\/v2\/pages\/2048"}],"wp:featuredmedia":[{"embeddable":true,"href":"https:\/\/www.elysium.gr\/de\/wp-json\/wp\/v2\/media\/13244"}],"wp:attachment":[{"href":"https:\/\/www.elysium.gr\/de\/wp-json\/wp\/v2\/media?parent=3880"}],"curies":[{"name":"wp","href":"https:\/\/api.w.org\/{rel}","templated":true}]}}