{"id":3821,"date":"2019-05-02T16:25:24","date_gmt":"2019-05-02T13:25:24","guid":{"rendered":"http:\/\/harmony.cms4.nelios.com\/elysium-experiences\/meeting-experiences\/conference-rooms\/"},"modified":"2019-12-06T14:45:41","modified_gmt":"2019-12-06T11:45:41","slug":"conference-rooms","status":"publish","type":"page","link":"https:\/\/www.elysium.gr\/de\/event\/meeting-experiences\/conference-rooms\/","title":{"rendered":"Konferenzr\u00e4ume"},"content":{"rendered":"<p>Unsere Mehrzwecktagungsraeume bestechen durch ausgezeichnete Qualit\u00e4t und Ausf\u00fchrung, alle entworfen mit dem Fokus auf nat\u00fcrliches Tageslicht, Bel\u00fcftung, Komfort und anerkannte Regeln der Technik.<\/p>\n<p>&nbsp;<\/p>\n<p>LCD-Projektoren und drahtloses Internet geh\u00f6ren zur Standardausstattung, w\u00e4hrend gro\u00dfe Panoramafenster unterschiedliche Beleuchtungsm\u00f6glichkeiten sowie eine spektakul\u00e4re Aussicht auf den Strand bieten. Beide Konferenzr\u00e4ume besitzen eine individuelle Klimaanlage, f\u00fcr zus\u00e4tzlichen Komfort, und k\u00f6nnen in zwei H\u00e4lften geteilt werden, um kleinere Gruppen in einer behaglicheren Atmosph\u00e4re zu beherbergen.<\/p>\n<p>&nbsp;<\/p>\n<h3>Konferenzeinrichtungen<\/h3>\n<p><strong>Meeting Room<\/strong><\/p>\n<table style=\"width: 500px;\" border=\"1\" cellspacing=\"1\" cellpadding=\"1\">\n<thead>\n<tr>\n<td>Flaeche<br \/>\n(m2)<\/td>\n<td>Theatre<br \/>\n(Pers.)<\/td>\n<td>Klassenzimmer<br \/>\n(Pers.)<\/td>\n<td>U-shape<br \/>\n(Pers.)<\/td>\n<td>Banquet<br \/>\n(Pers.)<\/td>\n<\/tr>\n<\/thead>\n<tbody>\n<tr>\n<td>Aeacus<\/td>\n<td>140<\/td>\n<td>180<\/td>\n<td>120<\/td>\n<td>50<\/td>\n<td>100<\/td>\n<\/tr>\n<tr>\n<td>Minos<\/td>\n<td>140<\/td>\n<td>180<\/td>\n<td>120<\/td>\n<td>50<\/td>\n<td>100<\/td>\n<\/tr>\n<tr>\n<td>Aeacus 1<\/td>\n<td>70<\/td>\n<td>70<\/td>\n<td>40<\/td>\n<td>25<\/td>\n<td>N\/A<\/td>\n<\/tr>\n<tr>\n<td>Aeacus 2<\/td>\n<td>70<\/td>\n<td>70<\/td>\n<td>40<\/td>\n<td>25<\/td>\n<td>N\/A<\/td>\n<\/tr>\n<tr>\n<td>Minus 1<\/td>\n<td>70<\/td>\n<td>70<\/td>\n<td>40<\/td>\n<td>25<\/td>\n<td>N\/A<\/td>\n<\/tr>\n<tr>\n<td>Minus 2<\/td>\n<td>70<\/td>\n<td>70<\/td>\n<td>40<\/td>\n<td>25<\/td>\n<td>N\/A<\/td>\n<\/tr>\n<\/tbody>\n<\/table>\n","protected":false},"excerpt":{"rendered":"<p>Unsere Mehrzwecktagungsraeume bestechen durch ausgezeichnete Qualit\u00e4t und Ausf\u00fchrung, alle entworfen mit dem Fokus auf nat\u00fcrliches Tageslicht, Bel\u00fcftung, Komfort und anerkannte Regeln der Technik. &nbsp; LCD-Projektoren und drahtloses Internet geh\u00f6ren zur Standardausstattung, w\u00e4hrend gro\u00dfe Panoramafenster unterschiedliche Beleuchtungsm\u00f6glichkeiten sowie eine spektakul\u00e4re Aussicht auf den Strand bieten. Beide Konferenzr\u00e4ume besitzen eine individuelle Klimaanlage, f\u00fcr zus\u00e4tzlichen Komfort, und k\u00f6nnen<\/p>\n","protected":false},"author":1,"featured_media":2073,"parent":3806,"menu_order":0,"comment_status":"closed","ping_status":"closed","template":"","meta":{"_acf_changed":false,"footnotes":""},"class_list":["post-3821","page","type-page","status-publish","has-post-thumbnail","hentry"],"acf":[],"yoast_head":"<!-- This site is optimized with the Yoast SEO plugin v26.9 - https:\/\/yoast.com\/product\/yoast-seo-wordpress\/ -->\n<title>Konferenzr\u00e4ume - Elysium Resort &amp; Spa<\/title>\n<meta name=\"robots\" content=\"index, follow, max-snippet:-1, max-image-preview:large, max-video-preview:-1\" \/>\n<link rel=\"canonical\" href=\"https:\/\/www.elysium.gr\/de\/event\/meeting-experiences\/conference-rooms\/\" \/>\n<meta property=\"og:locale\" content=\"de_DE\" \/>\n<meta property=\"og:type\" content=\"article\" \/>\n<meta property=\"og:title\" content=\"Konferenzr\u00e4ume - Elysium Resort &amp; Spa\" \/>\n<meta property=\"og:description\" content=\"Unsere Mehrzwecktagungsraeume bestechen durch ausgezeichnete Qualit\u00e4t und Ausf\u00fchrung, alle entworfen mit dem Fokus auf nat\u00fcrliches Tageslicht, Bel\u00fcftung, Komfort und anerkannte Regeln der Technik. &nbsp; LCD-Projektoren und drahtloses Internet geh\u00f6ren zur Standardausstattung, w\u00e4hrend gro\u00dfe Panoramafenster unterschiedliche Beleuchtungsm\u00f6glichkeiten sowie eine spektakul\u00e4re Aussicht auf den Strand bieten. Beide Konferenzr\u00e4ume besitzen eine individuelle Klimaanlage, f\u00fcr zus\u00e4tzlichen Komfort, und k\u00f6nnen\" \/>\n<meta property=\"og:url\" content=\"https:\/\/www.elysium.gr\/de\/event\/meeting-experiences\/conference-rooms\/\" \/>\n<meta property=\"og:site_name\" content=\"Elysium Resort &amp; Spa\" \/>\n<meta property=\"article:modified_time\" content=\"2019-12-06T11:45:41+00:00\" \/>\n<meta property=\"og:image\" content=\"https:\/\/www.elysium.gr\/app\/uploads\/sites\/11\/2019\/05\/902_meeting_room_elysium-scaled.jpg\" \/>\n\t<meta property=\"og:image:width\" content=\"2560\" \/>\n\t<meta property=\"og:image:height\" content=\"1707\" \/>\n\t<meta property=\"og:image:type\" content=\"image\/jpeg\" \/>\n<meta name=\"twitter:card\" content=\"summary_large_image\" \/>\n<meta name=\"twitter:label1\" content=\"Est. reading time\" \/>\n\t<meta name=\"twitter:data1\" content=\"1\u00a0Minute\" \/>\n<script type=\"application\/ld+json\" class=\"yoast-schema-graph\">{\"@context\":\"https:\/\/schema.org\",\"@graph\":[{\"@type\":\"WebPage\",\"@id\":\"https:\/\/www.elysium.gr\/de\/event\/meeting-experiences\/conference-rooms\/\",\"url\":\"https:\/\/www.elysium.gr\/de\/event\/meeting-experiences\/conference-rooms\/\",\"name\":\"Konferenzr\u00e4ume - Elysium Resort &amp; Spa\",\"isPartOf\":{\"@id\":\"https:\/\/www.elysium.gr\/#website\"},\"primaryImageOfPage\":{\"@id\":\"https:\/\/www.elysium.gr\/de\/event\/meeting-experiences\/conference-rooms\/#primaryimage\"},\"image\":{\"@id\":\"https:\/\/www.elysium.gr\/de\/event\/meeting-experiences\/conference-rooms\/#primaryimage\"},\"thumbnailUrl\":\"https:\/\/www.elysium.gr\/app\/uploads\/sites\/11\/2019\/05\/902_meeting_room_elysium-scaled.jpg\",\"datePublished\":\"2019-05-02T13:25:24+00:00\",\"dateModified\":\"2019-12-06T11:45:41+00:00\",\"breadcrumb\":{\"@id\":\"https:\/\/www.elysium.gr\/de\/event\/meeting-experiences\/conference-rooms\/#breadcrumb\"},\"inLanguage\":\"de\",\"potentialAction\":[{\"@type\":\"ReadAction\",\"target\":[\"https:\/\/www.elysium.gr\/de\/event\/meeting-experiences\/conference-rooms\/\"]}]},{\"@type\":\"ImageObject\",\"inLanguage\":\"de\",\"@id\":\"https:\/\/www.elysium.gr\/de\/event\/meeting-experiences\/conference-rooms\/#primaryimage\",\"url\":\"https:\/\/www.elysium.gr\/app\/uploads\/sites\/11\/2019\/05\/902_meeting_room_elysium-scaled.jpg\",\"contentUrl\":\"https:\/\/www.elysium.gr\/app\/uploads\/sites\/11\/2019\/05\/902_meeting_room_elysium-scaled.jpg\",\"width\":2560,\"height\":1707},{\"@type\":\"BreadcrumbList\",\"@id\":\"https:\/\/www.elysium.gr\/de\/event\/meeting-experiences\/conference-rooms\/#breadcrumb\",\"itemListElement\":[{\"@type\":\"ListItem\",\"position\":1,\"name\":\"Home\",\"item\":\"https:\/\/www.elysium.gr\/de\/\"},{\"@type\":\"ListItem\",\"position\":2,\"name\":\"VERANSTALTUNGEN\",\"item\":\"https:\/\/www.elysium.gr\/de\/event\/\"},{\"@type\":\"ListItem\",\"position\":3,\"name\":\"Tagungen\",\"item\":\"https:\/\/www.elysium.gr\/de\/event\/meeting-experiences\/\"},{\"@type\":\"ListItem\",\"position\":4,\"name\":\"Konferenzr\u00e4ume\"}]},{\"@type\":\"WebSite\",\"@id\":\"https:\/\/www.elysium.gr\/#website\",\"url\":\"https:\/\/www.elysium.gr\/\",\"name\":\"Elysium Resort &amp; Spa\",\"description\":\"Elysium Resort and Spa is among Rhodes finest five star hotels. It enjoys a premier beach front location at Kallithea bay, offering luxurious accommodation and exclusive leisure and spa facilities.\",\"potentialAction\":[{\"@type\":\"SearchAction\",\"target\":{\"@type\":\"EntryPoint\",\"urlTemplate\":\"https:\/\/www.elysium.gr\/?s={search_term_string}\"},\"query-input\":{\"@type\":\"PropertyValueSpecification\",\"valueRequired\":true,\"valueName\":\"search_term_string\"}}],\"inLanguage\":\"de\"}]}<\/script>\n<!-- \/ Yoast SEO plugin. -->","yoast_head_json":{"title":"Konferenzr\u00e4ume - Elysium Resort &amp; Spa","robots":{"index":"index","follow":"follow","max-snippet":"max-snippet:-1","max-image-preview":"max-image-preview:large","max-video-preview":"max-video-preview:-1"},"canonical":"https:\/\/www.elysium.gr\/de\/event\/meeting-experiences\/conference-rooms\/","og_locale":"de_DE","og_type":"article","og_title":"Konferenzr\u00e4ume - Elysium Resort &amp; Spa","og_description":"Unsere Mehrzwecktagungsraeume bestechen durch ausgezeichnete Qualit\u00e4t und Ausf\u00fchrung, alle entworfen mit dem Fokus auf nat\u00fcrliches Tageslicht, Bel\u00fcftung, Komfort und anerkannte Regeln der Technik. &nbsp; LCD-Projektoren und drahtloses Internet geh\u00f6ren zur Standardausstattung, w\u00e4hrend gro\u00dfe Panoramafenster unterschiedliche Beleuchtungsm\u00f6glichkeiten sowie eine spektakul\u00e4re Aussicht auf den Strand bieten. Beide Konferenzr\u00e4ume besitzen eine individuelle Klimaanlage, f\u00fcr zus\u00e4tzlichen Komfort, und k\u00f6nnen","og_url":"https:\/\/www.elysium.gr\/de\/event\/meeting-experiences\/conference-rooms\/","og_site_name":"Elysium Resort &amp; Spa","article_modified_time":"2019-12-06T11:45:41+00:00","og_image":[{"width":2560,"height":1707,"url":"https:\/\/www.elysium.gr\/app\/uploads\/sites\/11\/2019\/05\/902_meeting_room_elysium-scaled.jpg","type":"image\/jpeg"}],"twitter_card":"summary_large_image","twitter_misc":{"Est. reading time":"1\u00a0Minute"},"schema":{"@context":"https:\/\/schema.org","@graph":[{"@type":"WebPage","@id":"https:\/\/www.elysium.gr\/de\/event\/meeting-experiences\/conference-rooms\/","url":"https:\/\/www.elysium.gr\/de\/event\/meeting-experiences\/conference-rooms\/","name":"Konferenzr\u00e4ume - Elysium Resort &amp; Spa","isPartOf":{"@id":"https:\/\/www.elysium.gr\/#website"},"primaryImageOfPage":{"@id":"https:\/\/www.elysium.gr\/de\/event\/meeting-experiences\/conference-rooms\/#primaryimage"},"image":{"@id":"https:\/\/www.elysium.gr\/de\/event\/meeting-experiences\/conference-rooms\/#primaryimage"},"thumbnailUrl":"https:\/\/www.elysium.gr\/app\/uploads\/sites\/11\/2019\/05\/902_meeting_room_elysium-scaled.jpg","datePublished":"2019-05-02T13:25:24+00:00","dateModified":"2019-12-06T11:45:41+00:00","breadcrumb":{"@id":"https:\/\/www.elysium.gr\/de\/event\/meeting-experiences\/conference-rooms\/#breadcrumb"},"inLanguage":"de","potentialAction":[{"@type":"ReadAction","target":["https:\/\/www.elysium.gr\/de\/event\/meeting-experiences\/conference-rooms\/"]}]},{"@type":"ImageObject","inLanguage":"de","@id":"https:\/\/www.elysium.gr\/de\/event\/meeting-experiences\/conference-rooms\/#primaryimage","url":"https:\/\/www.elysium.gr\/app\/uploads\/sites\/11\/2019\/05\/902_meeting_room_elysium-scaled.jpg","contentUrl":"https:\/\/www.elysium.gr\/app\/uploads\/sites\/11\/2019\/05\/902_meeting_room_elysium-scaled.jpg","width":2560,"height":1707},{"@type":"BreadcrumbList","@id":"https:\/\/www.elysium.gr\/de\/event\/meeting-experiences\/conference-rooms\/#breadcrumb","itemListElement":[{"@type":"ListItem","position":1,"name":"Home","item":"https:\/\/www.elysium.gr\/de\/"},{"@type":"ListItem","position":2,"name":"VERANSTALTUNGEN","item":"https:\/\/www.elysium.gr\/de\/event\/"},{"@type":"ListItem","position":3,"name":"Tagungen","item":"https:\/\/www.elysium.gr\/de\/event\/meeting-experiences\/"},{"@type":"ListItem","position":4,"name":"Konferenzr\u00e4ume"}]},{"@type":"WebSite","@id":"https:\/\/www.elysium.gr\/#website","url":"https:\/\/www.elysium.gr\/","name":"Elysium Resort &amp; Spa","description":"Elysium Resort and Spa is among Rhodes finest five star hotels. It enjoys a premier beach front location at Kallithea bay, offering luxurious accommodation and exclusive leisure and spa facilities.","potentialAction":[{"@type":"SearchAction","target":{"@type":"EntryPoint","urlTemplate":"https:\/\/www.elysium.gr\/?s={search_term_string}"},"query-input":{"@type":"PropertyValueSpecification","valueRequired":true,"valueName":"search_term_string"}}],"inLanguage":"de"}]}},"_links":{"self":[{"href":"https:\/\/www.elysium.gr\/de\/wp-json\/wp\/v2\/pages\/3821"}],"collection":[{"href":"https:\/\/www.elysium.gr\/de\/wp-json\/wp\/v2\/pages"}],"about":[{"href":"https:\/\/www.elysium.gr\/de\/wp-json\/wp\/v2\/types\/page"}],"author":[{"embeddable":true,"href":"https:\/\/www.elysium.gr\/de\/wp-json\/wp\/v2\/users\/1"}],"replies":[{"embeddable":true,"href":"https:\/\/www.elysium.gr\/de\/wp-json\/wp\/v2\/comments?post=3821"}],"version-history":[{"count":7,"href":"https:\/\/www.elysium.gr\/de\/wp-json\/wp\/v2\/pages\/3821\/revisions"}],"predecessor-version":[{"id":7326,"href":"https:\/\/www.elysium.gr\/de\/wp-json\/wp\/v2\/pages\/3821\/revisions\/7326"}],"up":[{"embeddable":true,"href":"https:\/\/www.elysium.gr\/de\/wp-json\/wp\/v2\/pages\/3806"}],"wp:featuredmedia":[{"embeddable":true,"href":"https:\/\/www.elysium.gr\/de\/wp-json\/wp\/v2\/media\/2073"}],"wp:attachment":[{"href":"https:\/\/www.elysium.gr\/de\/wp-json\/wp\/v2\/media?parent=3821"}],"curies":[{"name":"wp","href":"https:\/\/api.w.org\/{rel}","templated":true}]}}