{"id":3812,"date":"2019-05-02T16:53:47","date_gmt":"2019-05-02T13:53:47","guid":{"rendered":"http:\/\/harmony.cms4.nelios.com\/elysium-experiences\/meeting-experiences\/enhance-your-event\/"},"modified":"2019-12-06T14:44:15","modified_gmt":"2019-12-06T11:44:15","slug":"enhance-your-event","status":"publish","type":"page","link":"https:\/\/www.elysium.gr\/de\/event\/meeting-experiences\/enhance-your-event\/","title":{"rendered":"Erweitern sie ihre veranstaltung"},"content":{"rendered":"<p>Verleihen Sie Ihrer Veranstaltung oder Konferenz mittels ma\u00dfgeschneiderter teambildender Aktivit\u00e4ten eine besondere Note und sehen Sie die Leistungsf\u00e4higkeit Ihrer Veranstaltung in schwindelnde H\u00f6hen steigen! Im Anhang finden Sie einige m\u00f6gliche lustige teambildende Aktivit\u00e4ten. Wie auch immer, schwebt Ihnen etwas Bestimmtes vor \u2013 wir sind f\u00fcr Vorschl\u00e4ge offen!<br \/>\nlustige teambildende aktivit\u00e4ten:<\/p>\n<ul>\n<li>Olive oil Tasting &#8211; (New Greek Cuisine) or Greek Nouvelle cuisine with extra virgin olive oil. Enjoy the special ritual, sipping unique varieties of ouzo and raki.<\/li>\n<li>Special Mushroom evening &#8211; Experience the best mushroom varieties in unexpected and original combinations. Porcini, Enoki, Pleurotus, Cep and other mushrooms are combined with other selected ingredients for a memorable dining experience<\/li>\n<li>Cheese and Wine &#8211; Explore the Greek vineyards with the help of our Sommelier. Combine some of the finest cheeses with the perfect wine in an appropriate environment<\/li>\n<li>Champagne Party &#8211; Enjoy a unique experience in a minimal environment with unique combinations of Japanese food and champagne cocktails at the Senses Cafe<\/li>\n<\/ul>\n<p>F\u00fcr Anfragen betreffend Lustiger Teambildender Aktivit\u00e4ten kontaktieren Sie uns unter:<\/p>\n<p>Tel: <a href=\"tel:+30 22410 45700\">+30 22410 45700<\/a><br \/>\nFax: <a href=\"tel:+30 22410 87060\">+30 22410 87060<\/a><br \/>\ne-mail: <a href=\"mailto:events@elysium.gr\">events@elysium.gr<\/a><\/p>\n","protected":false},"excerpt":{"rendered":"<p>Verleihen Sie Ihrer Veranstaltung oder Konferenz mittels ma\u00dfgeschneiderter teambildender Aktivit\u00e4ten eine besondere Note und sehen Sie die Leistungsf\u00e4higkeit Ihrer Veranstaltung in schwindelnde H\u00f6hen steigen! Im Anhang finden Sie einige m\u00f6gliche lustige teambildende Aktivit\u00e4ten. Wie auch immer, schwebt Ihnen etwas Bestimmtes vor \u2013 wir sind f\u00fcr Vorschl\u00e4ge offen! lustige teambildende aktivit\u00e4ten: Olive oil Tasting &#8211; (New<\/p>\n","protected":false},"author":1,"featured_media":3524,"parent":3806,"menu_order":0,"comment_status":"closed","ping_status":"closed","template":"","meta":{"_acf_changed":false,"footnotes":""},"class_list":["post-3812","page","type-page","status-publish","has-post-thumbnail","hentry"],"acf":[],"yoast_head":"<!-- This site is optimized with the Yoast SEO plugin v26.9 - https:\/\/yoast.com\/product\/yoast-seo-wordpress\/ -->\n<title>Erweitern sie ihre veranstaltung - Elysium Resort &amp; Spa<\/title>\n<meta name=\"robots\" content=\"index, follow, max-snippet:-1, max-image-preview:large, max-video-preview:-1\" \/>\n<link rel=\"canonical\" href=\"https:\/\/www.elysium.gr\/de\/event\/meeting-experiences\/enhance-your-event\/\" \/>\n<meta property=\"og:locale\" content=\"de_DE\" \/>\n<meta property=\"og:type\" content=\"article\" \/>\n<meta property=\"og:title\" content=\"Erweitern sie ihre veranstaltung - Elysium Resort &amp; Spa\" \/>\n<meta property=\"og:description\" content=\"Verleihen Sie Ihrer Veranstaltung oder Konferenz mittels ma\u00dfgeschneiderter teambildender Aktivit\u00e4ten eine besondere Note und sehen Sie die Leistungsf\u00e4higkeit Ihrer Veranstaltung in schwindelnde H\u00f6hen steigen! Im Anhang finden Sie einige m\u00f6gliche lustige teambildende Aktivit\u00e4ten. Wie auch immer, schwebt Ihnen etwas Bestimmtes vor \u2013 wir sind f\u00fcr Vorschl\u00e4ge offen! lustige teambildende aktivit\u00e4ten: Olive oil Tasting &#8211; (New\" \/>\n<meta property=\"og:url\" content=\"https:\/\/www.elysium.gr\/de\/event\/meeting-experiences\/enhance-your-event\/\" \/>\n<meta property=\"og:site_name\" content=\"Elysium Resort &amp; Spa\" \/>\n<meta property=\"article:modified_time\" content=\"2019-12-06T11:44:15+00:00\" \/>\n<meta property=\"og:image\" content=\"https:\/\/www.elysium.gr\/app\/uploads\/sites\/11\/2019\/05\/310_Buffet_Emerald_Restaurant_ELYSIUM_result.jpg\" \/>\n\t<meta property=\"og:image:width\" content=\"1920\" \/>\n\t<meta property=\"og:image:height\" content=\"1332\" \/>\n\t<meta property=\"og:image:type\" content=\"image\/jpeg\" \/>\n<meta name=\"twitter:card\" content=\"summary_large_image\" \/>\n<meta name=\"twitter:label1\" content=\"Est. reading time\" \/>\n\t<meta name=\"twitter:data1\" content=\"1\u00a0Minute\" \/>\n<script type=\"application\/ld+json\" class=\"yoast-schema-graph\">{\"@context\":\"https:\/\/schema.org\",\"@graph\":[{\"@type\":\"WebPage\",\"@id\":\"https:\/\/www.elysium.gr\/de\/event\/meeting-experiences\/enhance-your-event\/\",\"url\":\"https:\/\/www.elysium.gr\/de\/event\/meeting-experiences\/enhance-your-event\/\",\"name\":\"Erweitern sie ihre veranstaltung - Elysium Resort &amp; Spa\",\"isPartOf\":{\"@id\":\"https:\/\/www.elysium.gr\/#website\"},\"primaryImageOfPage\":{\"@id\":\"https:\/\/www.elysium.gr\/de\/event\/meeting-experiences\/enhance-your-event\/#primaryimage\"},\"image\":{\"@id\":\"https:\/\/www.elysium.gr\/de\/event\/meeting-experiences\/enhance-your-event\/#primaryimage\"},\"thumbnailUrl\":\"https:\/\/www.elysium.gr\/app\/uploads\/sites\/11\/2019\/05\/310_Buffet_Emerald_Restaurant_ELYSIUM_result.jpg\",\"datePublished\":\"2019-05-02T13:53:47+00:00\",\"dateModified\":\"2019-12-06T11:44:15+00:00\",\"breadcrumb\":{\"@id\":\"https:\/\/www.elysium.gr\/de\/event\/meeting-experiences\/enhance-your-event\/#breadcrumb\"},\"inLanguage\":\"de\",\"potentialAction\":[{\"@type\":\"ReadAction\",\"target\":[\"https:\/\/www.elysium.gr\/de\/event\/meeting-experiences\/enhance-your-event\/\"]}]},{\"@type\":\"ImageObject\",\"inLanguage\":\"de\",\"@id\":\"https:\/\/www.elysium.gr\/de\/event\/meeting-experiences\/enhance-your-event\/#primaryimage\",\"url\":\"https:\/\/www.elysium.gr\/app\/uploads\/sites\/11\/2019\/05\/310_Buffet_Emerald_Restaurant_ELYSIUM_result.jpg\",\"contentUrl\":\"https:\/\/www.elysium.gr\/app\/uploads\/sites\/11\/2019\/05\/310_Buffet_Emerald_Restaurant_ELYSIUM_result.jpg\",\"width\":1920,\"height\":1332},{\"@type\":\"BreadcrumbList\",\"@id\":\"https:\/\/www.elysium.gr\/de\/event\/meeting-experiences\/enhance-your-event\/#breadcrumb\",\"itemListElement\":[{\"@type\":\"ListItem\",\"position\":1,\"name\":\"Home\",\"item\":\"https:\/\/www.elysium.gr\/de\/\"},{\"@type\":\"ListItem\",\"position\":2,\"name\":\"VERANSTALTUNGEN\",\"item\":\"https:\/\/www.elysium.gr\/de\/event\/\"},{\"@type\":\"ListItem\",\"position\":3,\"name\":\"Tagungen\",\"item\":\"https:\/\/www.elysium.gr\/de\/event\/meeting-experiences\/\"},{\"@type\":\"ListItem\",\"position\":4,\"name\":\"Erweitern sie ihre veranstaltung\"}]},{\"@type\":\"WebSite\",\"@id\":\"https:\/\/www.elysium.gr\/#website\",\"url\":\"https:\/\/www.elysium.gr\/\",\"name\":\"Elysium Resort &amp; Spa\",\"description\":\"Elysium Resort and Spa is among Rhodes finest five star hotels. It enjoys a premier beach front location at Kallithea bay, offering luxurious accommodation and exclusive leisure and spa facilities.\",\"potentialAction\":[{\"@type\":\"SearchAction\",\"target\":{\"@type\":\"EntryPoint\",\"urlTemplate\":\"https:\/\/www.elysium.gr\/?s={search_term_string}\"},\"query-input\":{\"@type\":\"PropertyValueSpecification\",\"valueRequired\":true,\"valueName\":\"search_term_string\"}}],\"inLanguage\":\"de\"}]}<\/script>\n<!-- \/ Yoast SEO plugin. -->","yoast_head_json":{"title":"Erweitern sie ihre veranstaltung - Elysium Resort &amp; Spa","robots":{"index":"index","follow":"follow","max-snippet":"max-snippet:-1","max-image-preview":"max-image-preview:large","max-video-preview":"max-video-preview:-1"},"canonical":"https:\/\/www.elysium.gr\/de\/event\/meeting-experiences\/enhance-your-event\/","og_locale":"de_DE","og_type":"article","og_title":"Erweitern sie ihre veranstaltung - Elysium Resort &amp; Spa","og_description":"Verleihen Sie Ihrer Veranstaltung oder Konferenz mittels ma\u00dfgeschneiderter teambildender Aktivit\u00e4ten eine besondere Note und sehen Sie die Leistungsf\u00e4higkeit Ihrer Veranstaltung in schwindelnde H\u00f6hen steigen! Im Anhang finden Sie einige m\u00f6gliche lustige teambildende Aktivit\u00e4ten. Wie auch immer, schwebt Ihnen etwas Bestimmtes vor \u2013 wir sind f\u00fcr Vorschl\u00e4ge offen! lustige teambildende aktivit\u00e4ten: Olive oil Tasting &#8211; (New","og_url":"https:\/\/www.elysium.gr\/de\/event\/meeting-experiences\/enhance-your-event\/","og_site_name":"Elysium Resort &amp; Spa","article_modified_time":"2019-12-06T11:44:15+00:00","og_image":[{"width":1920,"height":1332,"url":"https:\/\/www.elysium.gr\/app\/uploads\/sites\/11\/2019\/05\/310_Buffet_Emerald_Restaurant_ELYSIUM_result.jpg","type":"image\/jpeg"}],"twitter_card":"summary_large_image","twitter_misc":{"Est. reading time":"1\u00a0Minute"},"schema":{"@context":"https:\/\/schema.org","@graph":[{"@type":"WebPage","@id":"https:\/\/www.elysium.gr\/de\/event\/meeting-experiences\/enhance-your-event\/","url":"https:\/\/www.elysium.gr\/de\/event\/meeting-experiences\/enhance-your-event\/","name":"Erweitern sie ihre veranstaltung - Elysium Resort &amp; Spa","isPartOf":{"@id":"https:\/\/www.elysium.gr\/#website"},"primaryImageOfPage":{"@id":"https:\/\/www.elysium.gr\/de\/event\/meeting-experiences\/enhance-your-event\/#primaryimage"},"image":{"@id":"https:\/\/www.elysium.gr\/de\/event\/meeting-experiences\/enhance-your-event\/#primaryimage"},"thumbnailUrl":"https:\/\/www.elysium.gr\/app\/uploads\/sites\/11\/2019\/05\/310_Buffet_Emerald_Restaurant_ELYSIUM_result.jpg","datePublished":"2019-05-02T13:53:47+00:00","dateModified":"2019-12-06T11:44:15+00:00","breadcrumb":{"@id":"https:\/\/www.elysium.gr\/de\/event\/meeting-experiences\/enhance-your-event\/#breadcrumb"},"inLanguage":"de","potentialAction":[{"@type":"ReadAction","target":["https:\/\/www.elysium.gr\/de\/event\/meeting-experiences\/enhance-your-event\/"]}]},{"@type":"ImageObject","inLanguage":"de","@id":"https:\/\/www.elysium.gr\/de\/event\/meeting-experiences\/enhance-your-event\/#primaryimage","url":"https:\/\/www.elysium.gr\/app\/uploads\/sites\/11\/2019\/05\/310_Buffet_Emerald_Restaurant_ELYSIUM_result.jpg","contentUrl":"https:\/\/www.elysium.gr\/app\/uploads\/sites\/11\/2019\/05\/310_Buffet_Emerald_Restaurant_ELYSIUM_result.jpg","width":1920,"height":1332},{"@type":"BreadcrumbList","@id":"https:\/\/www.elysium.gr\/de\/event\/meeting-experiences\/enhance-your-event\/#breadcrumb","itemListElement":[{"@type":"ListItem","position":1,"name":"Home","item":"https:\/\/www.elysium.gr\/de\/"},{"@type":"ListItem","position":2,"name":"VERANSTALTUNGEN","item":"https:\/\/www.elysium.gr\/de\/event\/"},{"@type":"ListItem","position":3,"name":"Tagungen","item":"https:\/\/www.elysium.gr\/de\/event\/meeting-experiences\/"},{"@type":"ListItem","position":4,"name":"Erweitern sie ihre veranstaltung"}]},{"@type":"WebSite","@id":"https:\/\/www.elysium.gr\/#website","url":"https:\/\/www.elysium.gr\/","name":"Elysium Resort &amp; Spa","description":"Elysium Resort and Spa is among Rhodes finest five star hotels. It enjoys a premier beach front location at Kallithea bay, offering luxurious accommodation and exclusive leisure and spa facilities.","potentialAction":[{"@type":"SearchAction","target":{"@type":"EntryPoint","urlTemplate":"https:\/\/www.elysium.gr\/?s={search_term_string}"},"query-input":{"@type":"PropertyValueSpecification","valueRequired":true,"valueName":"search_term_string"}}],"inLanguage":"de"}]}},"_links":{"self":[{"href":"https:\/\/www.elysium.gr\/de\/wp-json\/wp\/v2\/pages\/3812"}],"collection":[{"href":"https:\/\/www.elysium.gr\/de\/wp-json\/wp\/v2\/pages"}],"about":[{"href":"https:\/\/www.elysium.gr\/de\/wp-json\/wp\/v2\/types\/page"}],"author":[{"embeddable":true,"href":"https:\/\/www.elysium.gr\/de\/wp-json\/wp\/v2\/users\/1"}],"replies":[{"embeddable":true,"href":"https:\/\/www.elysium.gr\/de\/wp-json\/wp\/v2\/comments?post=3812"}],"version-history":[{"count":4,"href":"https:\/\/www.elysium.gr\/de\/wp-json\/wp\/v2\/pages\/3812\/revisions"}],"predecessor-version":[{"id":7322,"href":"https:\/\/www.elysium.gr\/de\/wp-json\/wp\/v2\/pages\/3812\/revisions\/7322"}],"up":[{"embeddable":true,"href":"https:\/\/www.elysium.gr\/de\/wp-json\/wp\/v2\/pages\/3806"}],"wp:featuredmedia":[{"embeddable":true,"href":"https:\/\/www.elysium.gr\/de\/wp-json\/wp\/v2\/media\/3524"}],"wp:attachment":[{"href":"https:\/\/www.elysium.gr\/de\/wp-json\/wp\/v2\/media?parent=3812"}],"curies":[{"name":"wp","href":"https:\/\/api.w.org\/{rel}","templated":true}]}}