{"id":2048,"date":"2019-05-02T15:09:00","date_gmt":"2019-05-02T12:09:00","guid":{"rendered":"http:\/\/harmony.cms4.nelios.com\/special-occasions-romantic-experiences\/"},"modified":"2024-01-29T15:18:35","modified_gmt":"2024-01-29T13:18:35","slug":"special-occasions-romantic-experiences","status":"publish","type":"page","link":"https:\/\/www.elysium.gr\/de\/special-occasions-romantic-experiences\/","title":{"rendered":"Romantische Erlebnisse"},"content":{"rendered":"<h2><strong><span style=\"color: #baa789;\">Feiern Sie die besonderen Momente Ihres Lebens<\/span><\/strong><\/h2>\n<p>Unser Team hilft Ihnen dabei, Ihre Hochzeit, Ihren Junggesellen- oder Junggesellenabschied, Ihre Flitterwochen- oder Jubil\u00e4umsreise oder sogar Ihren Geburtstag zu einem unvergesslichen Erlebnis zu machen. \u00dcberlegen Sie, wie Sie Ihrer Urlaubsreise einen romantischen Touch verleihen k\u00f6nnen?<\/p>\n<p>Wir haben die Romantikpakete Prestige und Deluxe sorgf\u00e4ltig nur f\u00fcr Sie zusammengestellt!<\/p>\n","protected":false},"excerpt":{"rendered":"<p>Feiern Sie die besonderen Momente Ihres Lebens Unser Team hilft Ihnen dabei, Ihre Hochzeit, Ihren Junggesellen- oder Junggesellenabschied, Ihre Flitterwochen- oder Jubil\u00e4umsreise oder sogar Ihren Geburtstag zu einem unvergesslichen Erlebnis zu machen. \u00dcberlegen Sie, wie Sie Ihrer Urlaubsreise einen romantischen Touch verleihen k\u00f6nnen? Wir haben die Romantikpakete Prestige und Deluxe sorgf\u00e4ltig nur f\u00fcr Sie zusammengestellt!<\/p>\n","protected":false},"author":1,"featured_media":3542,"parent":0,"menu_order":0,"comment_status":"closed","ping_status":"closed","template":"page-templates\/simple-list.php","meta":{"_acf_changed":false,"footnotes":""},"class_list":["post-2048","page","type-page","status-publish","has-post-thumbnail","hentry"],"acf":[],"yoast_head":"<!-- This site is optimized with the Yoast SEO plugin v26.9 - https:\/\/yoast.com\/product\/yoast-seo-wordpress\/ -->\n<title>Romantische Erlebnisse - Elysium Resort &amp; Spa<\/title>\n<meta name=\"robots\" content=\"index, follow, max-snippet:-1, max-image-preview:large, max-video-preview:-1\" \/>\n<link rel=\"canonical\" href=\"https:\/\/www.elysium.gr\/de\/special-occasions-romantic-experiences\/\" \/>\n<meta property=\"og:locale\" content=\"de_DE\" \/>\n<meta property=\"og:type\" content=\"article\" \/>\n<meta property=\"og:title\" content=\"Romantische Erlebnisse - Elysium Resort &amp; Spa\" \/>\n<meta property=\"og:description\" content=\"Feiern Sie die besonderen Momente Ihres Lebens Unser Team hilft Ihnen dabei, Ihre Hochzeit, Ihren Junggesellen- oder Junggesellenabschied, Ihre Flitterwochen- oder Jubil\u00e4umsreise oder sogar Ihren Geburtstag zu einem unvergesslichen Erlebnis zu machen. \u00dcberlegen Sie, wie Sie Ihrer Urlaubsreise einen romantischen Touch verleihen k\u00f6nnen? Wir haben die Romantikpakete Prestige und Deluxe sorgf\u00e4ltig nur f\u00fcr Sie zusammengestellt!\" \/>\n<meta property=\"og:url\" content=\"https:\/\/www.elysium.gr\/de\/special-occasions-romantic-experiences\/\" \/>\n<meta property=\"og:site_name\" content=\"Elysium Resort &amp; Spa\" \/>\n<meta property=\"article:modified_time\" content=\"2024-01-29T13:18:35+00:00\" \/>\n<meta property=\"og:image\" content=\"https:\/\/www.elysium.gr\/app\/uploads\/sites\/11\/2019\/05\/314_Noble_Gourmet_Restaurant_ELYSIUM_result.jpg\" \/>\n\t<meta property=\"og:image:width\" content=\"1920\" \/>\n\t<meta property=\"og:image:height\" content=\"1280\" \/>\n\t<meta property=\"og:image:type\" content=\"image\/jpeg\" \/>\n<meta name=\"twitter:card\" content=\"summary_large_image\" \/>\n<meta name=\"twitter:label1\" content=\"Est. reading time\" \/>\n\t<meta name=\"twitter:data1\" content=\"1\u00a0Minute\" \/>\n<script type=\"application\/ld+json\" class=\"yoast-schema-graph\">{\"@context\":\"https:\/\/schema.org\",\"@graph\":[{\"@type\":\"WebPage\",\"@id\":\"https:\/\/www.elysium.gr\/de\/special-occasions-romantic-experiences\/\",\"url\":\"https:\/\/www.elysium.gr\/de\/special-occasions-romantic-experiences\/\",\"name\":\"Romantische Erlebnisse - Elysium Resort &amp; Spa\",\"isPartOf\":{\"@id\":\"https:\/\/www.elysium.gr\/#website\"},\"primaryImageOfPage\":{\"@id\":\"https:\/\/www.elysium.gr\/de\/special-occasions-romantic-experiences\/#primaryimage\"},\"image\":{\"@id\":\"https:\/\/www.elysium.gr\/de\/special-occasions-romantic-experiences\/#primaryimage\"},\"thumbnailUrl\":\"https:\/\/www.elysium.gr\/app\/uploads\/sites\/11\/2019\/05\/314_Noble_Gourmet_Restaurant_ELYSIUM_result.jpg\",\"datePublished\":\"2019-05-02T12:09:00+00:00\",\"dateModified\":\"2024-01-29T13:18:35+00:00\",\"breadcrumb\":{\"@id\":\"https:\/\/www.elysium.gr\/de\/special-occasions-romantic-experiences\/#breadcrumb\"},\"inLanguage\":\"de\",\"potentialAction\":[{\"@type\":\"ReadAction\",\"target\":[\"https:\/\/www.elysium.gr\/de\/special-occasions-romantic-experiences\/\"]}]},{\"@type\":\"ImageObject\",\"inLanguage\":\"de\",\"@id\":\"https:\/\/www.elysium.gr\/de\/special-occasions-romantic-experiences\/#primaryimage\",\"url\":\"https:\/\/www.elysium.gr\/app\/uploads\/sites\/11\/2019\/05\/314_Noble_Gourmet_Restaurant_ELYSIUM_result.jpg\",\"contentUrl\":\"https:\/\/www.elysium.gr\/app\/uploads\/sites\/11\/2019\/05\/314_Noble_Gourmet_Restaurant_ELYSIUM_result.jpg\",\"width\":1920,\"height\":1280},{\"@type\":\"BreadcrumbList\",\"@id\":\"https:\/\/www.elysium.gr\/de\/special-occasions-romantic-experiences\/#breadcrumb\",\"itemListElement\":[{\"@type\":\"ListItem\",\"position\":1,\"name\":\"Home\",\"item\":\"https:\/\/www.elysium.gr\/de\/\"},{\"@type\":\"ListItem\",\"position\":2,\"name\":\"Romantische Erlebnisse\"}]},{\"@type\":\"WebSite\",\"@id\":\"https:\/\/www.elysium.gr\/#website\",\"url\":\"https:\/\/www.elysium.gr\/\",\"name\":\"Elysium Resort &amp; Spa\",\"description\":\"Elysium Resort and Spa is among Rhodes finest five star hotels. It enjoys a premier beach front location at Kallithea bay, offering luxurious accommodation and exclusive leisure and spa facilities.\",\"potentialAction\":[{\"@type\":\"SearchAction\",\"target\":{\"@type\":\"EntryPoint\",\"urlTemplate\":\"https:\/\/www.elysium.gr\/?s={search_term_string}\"},\"query-input\":{\"@type\":\"PropertyValueSpecification\",\"valueRequired\":true,\"valueName\":\"search_term_string\"}}],\"inLanguage\":\"de\"}]}<\/script>\n<!-- \/ Yoast SEO plugin. -->","yoast_head_json":{"title":"Romantische Erlebnisse - Elysium Resort &amp; Spa","robots":{"index":"index","follow":"follow","max-snippet":"max-snippet:-1","max-image-preview":"max-image-preview:large","max-video-preview":"max-video-preview:-1"},"canonical":"https:\/\/www.elysium.gr\/de\/special-occasions-romantic-experiences\/","og_locale":"de_DE","og_type":"article","og_title":"Romantische Erlebnisse - Elysium Resort &amp; Spa","og_description":"Feiern Sie die besonderen Momente Ihres Lebens Unser Team hilft Ihnen dabei, Ihre Hochzeit, Ihren Junggesellen- oder Junggesellenabschied, Ihre Flitterwochen- oder Jubil\u00e4umsreise oder sogar Ihren Geburtstag zu einem unvergesslichen Erlebnis zu machen. \u00dcberlegen Sie, wie Sie Ihrer Urlaubsreise einen romantischen Touch verleihen k\u00f6nnen? Wir haben die Romantikpakete Prestige und Deluxe sorgf\u00e4ltig nur f\u00fcr Sie zusammengestellt!","og_url":"https:\/\/www.elysium.gr\/de\/special-occasions-romantic-experiences\/","og_site_name":"Elysium Resort &amp; Spa","article_modified_time":"2024-01-29T13:18:35+00:00","og_image":[{"width":1920,"height":1280,"url":"https:\/\/www.elysium.gr\/app\/uploads\/sites\/11\/2019\/05\/314_Noble_Gourmet_Restaurant_ELYSIUM_result.jpg","type":"image\/jpeg"}],"twitter_card":"summary_large_image","twitter_misc":{"Est. reading time":"1\u00a0Minute"},"schema":{"@context":"https:\/\/schema.org","@graph":[{"@type":"WebPage","@id":"https:\/\/www.elysium.gr\/de\/special-occasions-romantic-experiences\/","url":"https:\/\/www.elysium.gr\/de\/special-occasions-romantic-experiences\/","name":"Romantische Erlebnisse - Elysium Resort &amp; Spa","isPartOf":{"@id":"https:\/\/www.elysium.gr\/#website"},"primaryImageOfPage":{"@id":"https:\/\/www.elysium.gr\/de\/special-occasions-romantic-experiences\/#primaryimage"},"image":{"@id":"https:\/\/www.elysium.gr\/de\/special-occasions-romantic-experiences\/#primaryimage"},"thumbnailUrl":"https:\/\/www.elysium.gr\/app\/uploads\/sites\/11\/2019\/05\/314_Noble_Gourmet_Restaurant_ELYSIUM_result.jpg","datePublished":"2019-05-02T12:09:00+00:00","dateModified":"2024-01-29T13:18:35+00:00","breadcrumb":{"@id":"https:\/\/www.elysium.gr\/de\/special-occasions-romantic-experiences\/#breadcrumb"},"inLanguage":"de","potentialAction":[{"@type":"ReadAction","target":["https:\/\/www.elysium.gr\/de\/special-occasions-romantic-experiences\/"]}]},{"@type":"ImageObject","inLanguage":"de","@id":"https:\/\/www.elysium.gr\/de\/special-occasions-romantic-experiences\/#primaryimage","url":"https:\/\/www.elysium.gr\/app\/uploads\/sites\/11\/2019\/05\/314_Noble_Gourmet_Restaurant_ELYSIUM_result.jpg","contentUrl":"https:\/\/www.elysium.gr\/app\/uploads\/sites\/11\/2019\/05\/314_Noble_Gourmet_Restaurant_ELYSIUM_result.jpg","width":1920,"height":1280},{"@type":"BreadcrumbList","@id":"https:\/\/www.elysium.gr\/de\/special-occasions-romantic-experiences\/#breadcrumb","itemListElement":[{"@type":"ListItem","position":1,"name":"Home","item":"https:\/\/www.elysium.gr\/de\/"},{"@type":"ListItem","position":2,"name":"Romantische Erlebnisse"}]},{"@type":"WebSite","@id":"https:\/\/www.elysium.gr\/#website","url":"https:\/\/www.elysium.gr\/","name":"Elysium Resort &amp; Spa","description":"Elysium Resort and Spa is among Rhodes finest five star hotels. It enjoys a premier beach front location at Kallithea bay, offering luxurious accommodation and exclusive leisure and spa facilities.","potentialAction":[{"@type":"SearchAction","target":{"@type":"EntryPoint","urlTemplate":"https:\/\/www.elysium.gr\/?s={search_term_string}"},"query-input":{"@type":"PropertyValueSpecification","valueRequired":true,"valueName":"search_term_string"}}],"inLanguage":"de"}]}},"_links":{"self":[{"href":"https:\/\/www.elysium.gr\/de\/wp-json\/wp\/v2\/pages\/2048"}],"collection":[{"href":"https:\/\/www.elysium.gr\/de\/wp-json\/wp\/v2\/pages"}],"about":[{"href":"https:\/\/www.elysium.gr\/de\/wp-json\/wp\/v2\/types\/page"}],"author":[{"embeddable":true,"href":"https:\/\/www.elysium.gr\/de\/wp-json\/wp\/v2\/users\/1"}],"replies":[{"embeddable":true,"href":"https:\/\/www.elysium.gr\/de\/wp-json\/wp\/v2\/comments?post=2048"}],"version-history":[{"count":10,"href":"https:\/\/www.elysium.gr\/de\/wp-json\/wp\/v2\/pages\/2048\/revisions"}],"predecessor-version":[{"id":27473,"href":"https:\/\/www.elysium.gr\/de\/wp-json\/wp\/v2\/pages\/2048\/revisions\/27473"}],"wp:featuredmedia":[{"embeddable":true,"href":"https:\/\/www.elysium.gr\/de\/wp-json\/wp\/v2\/media\/3542"}],"wp:attachment":[{"href":"https:\/\/www.elysium.gr\/de\/wp-json\/wp\/v2\/media?parent=2048"}],"curies":[{"name":"wp","href":"https:\/\/api.w.org\/{rel}","templated":true}]}}